{"id":8523,"date":"2018-07-17T22:05:41","date_gmt":"2018-07-17T22:05:41","guid":{"rendered":"http:\/\/dev.novacam.com\/?page_id=8523"},"modified":"2021-03-10T17:13:14","modified_gmt":"2021-03-10T21:13:14","slug":"chatter-measurement-video","status":"publish","type":"page","link":"https:\/\/www.novacam.com\/fr\/ressources\/novacam-metrology-videos\/video-sur-la-mesure-du-bavardage\/","title":{"rendered":"Vid\u00e9o sur la mesure du bavardage"},"content":{"rendered":"<style type=\"text\/css\" data-created_by=\"avia_inline_auto\" id=\"style-css-av-4h8k8n-59115348159f28cd3d6a170f6be98659\">\n.flex_column.av-4h8k8n-59115348159f28cd3d6a170f6be98659{\nborder-radius:0px 0px 0px 0px;\npadding:0px 0px 0px 0px;\n}\n<\/style>\n<div  class='flex_column av-4h8k8n-59115348159f28cd3d6a170f6be98659 av_one_full  avia-builder-el-0  el_before_av_three_fifth  avia-builder-el-first  first flex_column_div av-zero-column-padding'     ><section  class='av_textblock_section av-jist9n17-d4b18de2e03cfec03c17123f9852a939'   itemscope=\"itemscope\" itemtype=\"https:\/\/schema.org\/CreativeWork\" ><div class='avia_textblock'  itemprop=\"text\" ><h1>Mesure du bavardage | vid\u00e9o<\/h1>\n<\/div><\/section><\/div>\n\n<style type=\"text\/css\" data-created_by=\"avia_inline_auto\" id=\"style-css-av-83nkav-8152bd208a58d7b3737aac26239eaf73\">\n.flex_column.av-83nkav-8152bd208a58d7b3737aac26239eaf73{\nborder-radius:0px 0px 0px 0px;\npadding:0px 0px 0px 0px;\n}\n<\/style>\n<div  class='flex_column av-83nkav-8152bd208a58d7b3737aac26239eaf73 av_three_fifth  avia-builder-el-2  el_after_av_one_full  el_before_av_two_fifth  first flex_column_div av-zero-column-padding  column-top-margin'     ><section  class='av_textblock_section av-jisqda3c-fdf6de898dc32921c71c1e8b4fdd9a23'   itemscope=\"itemscope\" itemtype=\"https:\/\/schema.org\/CreativeWork\" ><div class='avia_textblock'  itemprop=\"text\" ><div id=\"kgvid_kgvid_0_wrapper\" class=\"kgvid_wrapper\">\n\t\t\t<div id=\"video_kgvid_0_div\" class=\"fitvidsignore kgvid_videodiv\" data-id=\"kgvid_0\" data-kgvid_video_vars=\"{&quot;id&quot;:&quot;kgvid_0&quot;,&quot;attachment_id&quot;:8532,&quot;player_type&quot;:&quot;Video.js v8&quot;,&quot;width&quot;:&quot;640&quot;,&quot;height&quot;:&quot;360&quot;,&quot;fullwidth&quot;:&quot;true&quot;,&quot;fixed_aspect&quot;:&quot;vertical&quot;,&quot;countable&quot;:true,&quot;count_views&quot;:&quot;start_complete&quot;,&quot;start&quot;:&quot;&quot;,&quot;autoplay&quot;:&quot;false&quot;,&quot;pauseothervideos&quot;:&quot;true&quot;,&quot;set_volume&quot;:&quot;1&quot;,&quot;muted&quot;:&quot;false&quot;,&quot;meta&quot;:true,&quot;endofvideooverlay&quot;:&quot;&quot;,&quot;resize&quot;:&quot;true&quot;,&quot;auto_res&quot;:&quot;automatic&quot;,&quot;pixel_ratio&quot;:&quot;true&quot;,&quot;right_click&quot;:&quot;on&quot;,&quot;playback_rate&quot;:&quot;false&quot;,&quot;title&quot;:&quot;Novacam_Chatter measurement&quot;,&quot;skip_buttons&quot;:[],&quot;nativecontrolsfortouch&quot;:&quot;false&quot;,&quot;locale&quot;:&quot;fr&quot;,&quot;enable_resolutions_plugin&quot;:false}\" itemprop=\"video\" itemscope itemtype=\"https:\/\/schema.org\/VideoObject\"><meta itemprop=\"thumbnailUrl\" content=\"https:\/\/www.novacam.com\/wp-content\/uploads\/2018\/07\/Chatter-measurement_thumbwebsite.jpg\"><meta itemprop=\"embedUrl\" content=\"https:\/\/www.novacam.com\/?attachment_id=8532&#038;videopack%5Benable%5D=true\"><meta itemprop=\"contentUrl\" content=\"https:\/\/www.novacam.com\/wp-content\/uploads\/2018\/07\/Novacam_Chatter-measurement.mp4\"><meta itemprop=\"name\" content=\"Novacam_Chatter measurement\"><meta itemprop=\"description\" content=\"Video\"><meta itemprop=\"uploadDate\" content=\"2018-07-17T22:45:51-04:00\">\n\t\t\t\t<video id=\"video_kgvid_0\" playsinline controls preload=\"metadata\" poster=\"https:\/\/www.novacam.com\/wp-content\/uploads\/2018\/07\/Chatter-measurement_thumbwebsite.jpg\" width=\"640\" height=\"360\" class=\"fitvidsignore video-js kg-video-js-skin\">\n\t\t\t\t\t<source src=\"https:\/\/www.novacam.com\/wp-content\/uploads\/2018\/07\/Novacam_Chatter-measurement.mp4?id=0\" type=\"video\/mp4\" data-res=\"1080p\">\n\t\t\t\t<\/video>\n\t\t\t<\/div>\n\t\t\t<div style=\"display:none\" id=\"video_kgvid_0_meta\" class=\"kgvid_video_meta kgvid_video_meta_hover\">\n\t\t\t\t<span class='kgvid_meta_icons'><\/span>\n\t\t\t\t<span id='video_kgvid_0_title' class='kgvid_title'>Mesure Novacam_Chatter<\/span>\n<\/div>\n\t\t<\/div>\n<\/div><\/section><\/div>\n\n<style type=\"text\/css\" data-created_by=\"avia_inline_auto\" id=\"style-css-av-6giks7-742f5137cc1cdc2b4e007f9841c220e2\">\n.flex_column.av-6giks7-742f5137cc1cdc2b4e007f9841c220e2{\nborder-radius:0px 0px 0px 0px;\npadding:0px 0px 0px 0px;\n}\n<\/style>\n<div  class='flex_column av-6giks7-742f5137cc1cdc2b4e007f9841c220e2 av_two_fifth  avia-builder-el-4  el_after_av_three_fifth  el_before_av_three_fifth  flex_column_div av-zero-column-padding  column-top-margin'     ><section  class='av_textblock_section av-jisqdgkn-893801723577ed305c8a65cc6d98d31f'   itemscope=\"itemscope\" itemtype=\"https:\/\/schema.org\/CreativeWork\" ><div class='avia_textblock'  itemprop=\"text\" ><p><strong>Contenu vid\u00e9o : <\/strong>Voir une jauge de broutage sans contact construite par un int\u00e9grateur utilisant le scanner rotatif NOVACAM RS2 (BoreInspect), le logiciel d'analyse de broutage NOVACAM et un bras robotis\u00e9.  Cette jauge automatis\u00e9e rapidement assembl\u00e9e a \u00e9t\u00e9 utilis\u00e9e pour mesurer <a href=\"https:\/\/www.novacam.com\/fr\/applications\/bavardage\/\">bavardage<\/a> dans 16 000 arbres de turbo en 4 semaines pendant que le client d\u00e9pannait une ligne de fabrication d\u00e9fectueuse.<\/p>\n<p><strong>R\u00e9sultats de l'inspection :<\/strong>\u00a0Mesure de l'identification de l'al\u00e9sage et analyse du broutage enti\u00e8rement automatis\u00e9es, cycle d'inspection de 45 secondes, 65% de pi\u00e8ces r\u00e9cup\u00e9r\u00e9es d'une ligne de fabrication d\u00e9fectueuse, temps d'arr\u00eat d'une importante ligne de production automobile \u00e9vit\u00e9.<\/p>\n<\/div><\/section><\/div>\n<style type=\"text\/css\" data-created_by=\"avia_inline_auto\" id=\"style-css-av-4cm0vb-7bef34d16740bae4da2275841ade645c\">\n.flex_column.av-4cm0vb-7bef34d16740bae4da2275841ade645c{\nborder-radius:0px 0px 0px 0px;\npadding:0px 0px 0px 0px;\n}\n<\/style>\n<div  class='flex_column av-4cm0vb-7bef34d16740bae4da2275841ade645c av_three_fifth  avia-builder-el-6  el_after_av_two_fifth  el_before_av_two_fifth  first flex_column_div av-zero-column-padding'     ><section  class='av_textblock_section av-jisqf7pg-455083226515cab1f4340bbda7a2d956'   itemscope=\"itemscope\" itemtype=\"https:\/\/schema.org\/CreativeWork\" ><div class='avia_textblock'  itemprop=\"text\" ><h3><a href=\"https:\/\/www.novacam.com\/fr\/products\/boreinspect-pour-la-metrologie-des-alesages-en-3d\/\">Afficher les d\u00e9tails du syst\u00e8me<\/a><\/h3>\n<\/div><\/section><\/div><\/p>\n\n<style type=\"text\/css\" data-created_by=\"avia_inline_auto\" id=\"style-css-av-37hm47-710bb26549cbc343ecc771c7029f2f4b\">\n.flex_column.av-37hm47-710bb26549cbc343ecc771c7029f2f4b{\nborder-radius:0px 0px 0px 0px;\npadding:0px 0px 0px 0px;\n}\n<\/style>\n<div  class='flex_column av-37hm47-710bb26549cbc343ecc771c7029f2f4b av_two_fifth  avia-builder-el-8  el_after_av_three_fifth  el_before_av_hr  flex_column_div av-zero-column-padding'     ><div  class='avia-button-wrap av-jisqfop4-1598d8467fc8e014a816584b087c6c52-wrap avia-button-left  avia-builder-el-9  avia-builder-el-no-sibling'><a href='https:\/\/www.novacam.com\/fr\/nous-contacter-2\/nous-contacter\/'  class='avia-button av-jisqfop4-1598d8467fc8e014a816584b087c6c52 av-link-btn avia-icon_select-no avia-size-large avia-position-left avia-color-theme-color'   aria-label=\"Contactez-nous pour discuter de votre demande\"><span class='avia_iconbox_title' >Contactez-nous pour discuter de votre demande<\/span><\/a><\/div><\/div>\n\n<style type=\"text\/css\" data-created_by=\"avia_inline_auto\" id=\"style-css-av-jl6xernk-dbdaeac19c11216987b45e22cc2b4bfb\">\n#top .hr.hr-invisible.av-jl6xernk-dbdaeac19c11216987b45e22cc2b4bfb{\nheight:30px;\n}\n<\/style>\n<div  class='hr av-jl6xernk-dbdaeac19c11216987b45e22cc2b4bfb hr-invisible  avia-builder-el-10  el_after_av_two_fifth  el_before_av_three_fifth'><span class='hr-inner'><span class=\"hr-inner-style\"><\/span><\/span><\/div>\n\n<style type=\"text\/css\" data-created_by=\"avia_inline_auto\" id=\"style-css-av-3o4hff-c7c3da35b5d5a7152c87e7e64123c81d\">\n.flex_column.av-3o4hff-c7c3da35b5d5a7152c87e7e64123c81d{\nborder-radius:0px 0px 0px 0px;\npadding:0px 0px 0px 0px;\n}\n<\/style>\n<div  class='flex_column av-3o4hff-c7c3da35b5d5a7152c87e7e64123c81d av_three_fifth  avia-builder-el-11  el_after_av_hr  el_before_av_two_fifth  first flex_column_div av-zero-column-padding'     ><\/div>\n\n<style type=\"text\/css\" data-created_by=\"avia_inline_auto\" id=\"style-css-av-4cm0vb-2923abdf6657f9dc8daf14ec8241b358\">\n.flex_column.av-4cm0vb-2923abdf6657f9dc8daf14ec8241b358{\nborder-radius:0px 0px 0px 0px;\npadding:0px 0px 0px 0px;\n}\n<\/style>\n<div  class='flex_column av-4cm0vb-2923abdf6657f9dc8daf14ec8241b358 av_two_fifth  avia-builder-el-12  el_after_av_three_fifth  el_before_av_hr  flex_column_div av-zero-column-padding'     ><style type=\"text\/css\" data-created_by=\"avia_inline_auto\" id=\"style-css-av-jl6x2rfa-c2e8863ee427c50ad2d60e836514d1d5\">\n#top .avia-icon-list-container.av-jl6x2rfa-c2e8863ee427c50ad2d60e836514d1d5 .iconlist_icon{\ncolor:#4894af;\nfont-size:18px;\n}\n#top .avia-icon-list-container.av-jl6x2rfa-c2e8863ee427c50ad2d60e836514d1d5 .iconlist_icon svg:first-child{\nstroke:#4894af;\nfill:#4894af;\nheight:18px;\nwidth:18px;\n}\n#top #wrap_all .avia-icon-list-container.av-jl6x2rfa-c2e8863ee427c50ad2d60e836514d1d5 .av_iconlist_title{\nfont-size:18px;\ncolor:#4894af;\n}\n<\/style>\n<div  class='avia-icon-list-container av-jl6x2rfa-c2e8863ee427c50ad2d60e836514d1d5  avia-builder-el-13  avia-builder-el-no-sibling'><ul class='avia-icon-list avia_animate_when_almost_visible avia-icon-list-left av-iconlist-small av-jl6x2rfa-c2e8863ee427c50ad2d60e836514d1d5 avia-iconlist-animate'>\n<li><a href='https:\/\/www.novacam.com\/fr\/ressources\/novacam-metrology-videos\/' title='Voir plus de vid\u00e9os'  class='iconlist_icon av-2okowb-896f9012684eb8204415e3b9ac7457e2 avia-font-entypo-fontello avia-iconfont avia-font-entypo-fontello'><span class='av-icon-char' data-av_icon='\ue80d' data-av_iconfont='entypo-fontello' aria-hidden=\"true\"><\/span><\/a><article class=\"article-icon-entry av-iconlist-empty\"  itemscope=\"itemscope\" itemtype=\"https:\/\/schema.org\/CreativeWork\" ><div class=\"iconlist_content_wrap\"><header class=\"entry-content-header\" aria-label=\"Icon: &lt;a href=&#039;https:\/\/www.novacam.com\/fr\/ressources\/novacam-metrology-videos\/&#039; title=&#039;Voir plus de vid&eacute;os&#039;&gt;Voir plus de vid&eacute;os&lt;\/a&gt;\"><div class='av_iconlist_title iconlist_title_small  av_inherit_color'  itemprop=\"headline\" ><a href='https:\/\/www.novacam.com\/fr\/ressources\/novacam-metrology-videos\/' title='Voir plus de vid\u00e9os'>Voir plus de vid\u00e9os<\/a><\/div><\/header><div class='iconlist_content'  itemprop=\"text\" ><\/div><\/div><footer class=\"entry-footer\"><\/footer><\/article><div class=\"iconlist-timeline\"><\/div><\/li>\n<\/ul><\/div><\/div>\n\n<style type=\"text\/css\" data-created_by=\"avia_inline_auto\" id=\"style-css-av-jl6xernk-dbdaeac19c11216987b45e22cc2b4bfb\">\n#top .hr.hr-invisible.av-jl6xernk-dbdaeac19c11216987b45e22cc2b4bfb{\nheight:30px;\n}\n<\/style>\n<div  class='hr av-jl6xernk-dbdaeac19c11216987b45e22cc2b4bfb hr-invisible  avia-builder-el-14  el_after_av_two_fifth  avia-builder-el-last'><span class='hr-inner'><span class=\"hr-inner-style\"><\/span><\/span><\/div>","protected":false},"excerpt":{"rendered":"","protected":false},"author":3,"featured_media":0,"parent":5634,"menu_order":0,"comment_status":"closed","ping_status":"closed","template":"","meta":{"_relevanssi_hide_post":"","_relevanssi_hide_content":"","_relevanssi_pin_for_all":"","_relevanssi_pin_keywords":"","_relevanssi_unpin_keywords":"","_relevanssi_related_keywords":"","_relevanssi_related_include_ids":"","_relevanssi_related_exclude_ids":"","_relevanssi_related_no_append":"","_relevanssi_related_not_related":"","_relevanssi_related_posts":"","_relevanssi_noindex_reason":"","footnotes":"","advanced-sidebar-menu\/link-title":"","advanced-sidebar-menu\/exclude-page":false},"class_list":["post-8523","page","type-page","status-publish","hentry"],"yoast_head":"<!-- This site is optimized with the Yoast SEO plugin v27.4 - https:\/\/yoast.com\/product\/yoast-seo-wordpress\/ -->\n<title>Chatter measurement video - Novacam<\/title>\n<meta name=\"robots\" content=\"index, follow, max-snippet:-1, max-image-preview:large, max-video-preview:-1\" \/>\n<link rel=\"canonical\" href=\"https:\/\/www.novacam.com\/fr\/ressources\/novacam-metrology-videos\/video-sur-la-mesure-du-bavardage\/\" \/>\n<meta property=\"og:locale\" content=\"fr_CA\" \/>\n<meta property=\"og:type\" content=\"article\" \/>\n<meta property=\"og:title\" content=\"Chatter measurement video - Novacam\" \/>\n<meta property=\"og:url\" content=\"https:\/\/www.novacam.com\/fr\/ressources\/novacam-metrology-videos\/video-sur-la-mesure-du-bavardage\/\" \/>\n<meta property=\"og:site_name\" content=\"Novacam\" \/>\n<meta property=\"article:modified_time\" content=\"2021-03-10T21:13:14+00:00\" \/>\n<meta name=\"twitter:card\" content=\"summary_large_image\" \/>\n<meta name=\"twitter:label1\" content=\"Estimation du temps de lecture\" \/>\n\t<meta name=\"twitter:data1\" content=\"5 minutes\" \/>\n<script type=\"application\/ld+json\" class=\"yoast-schema-graph\">{\"@context\":\"https:\\\/\\\/schema.org\",\"@graph\":[{\"@type\":\"WebPage\",\"@id\":\"https:\\\/\\\/www.novacam.com\\\/resources\\\/novacam-metrology-videos\\\/chatter-measurement-video\\\/\",\"url\":\"https:\\\/\\\/www.novacam.com\\\/resources\\\/novacam-metrology-videos\\\/chatter-measurement-video\\\/\",\"name\":\"Chatter measurement video - Novacam\",\"isPartOf\":{\"@id\":\"https:\\\/\\\/www.novacam.com\\\/#website\"},\"datePublished\":\"2018-07-17T22:05:41+00:00\",\"dateModified\":\"2021-03-10T21:13:14+00:00\",\"breadcrumb\":{\"@id\":\"https:\\\/\\\/www.novacam.com\\\/resources\\\/novacam-metrology-videos\\\/chatter-measurement-video\\\/#breadcrumb\"},\"inLanguage\":\"fr-CA\",\"potentialAction\":[{\"@type\":\"ReadAction\",\"target\":[\"https:\\\/\\\/www.novacam.com\\\/resources\\\/novacam-metrology-videos\\\/chatter-measurement-video\\\/\"]}]},{\"@type\":\"BreadcrumbList\",\"@id\":\"https:\\\/\\\/www.novacam.com\\\/resources\\\/novacam-metrology-videos\\\/chatter-measurement-video\\\/#breadcrumb\",\"itemListElement\":[{\"@type\":\"ListItem\",\"position\":1,\"name\":\"Home\",\"item\":\"https:\\\/\\\/www.novacam.com\\\/\"},{\"@type\":\"ListItem\",\"position\":2,\"name\":\"Resources\",\"item\":\"https:\\\/\\\/www.novacam.com\\\/resources\\\/\"},{\"@type\":\"ListItem\",\"position\":3,\"name\":\"Videos\",\"item\":\"https:\\\/\\\/www.novacam.com\\\/resources\\\/novacam-metrology-videos\\\/\"},{\"@type\":\"ListItem\",\"position\":4,\"name\":\"Chatter measurement video\"}]},{\"@type\":\"WebSite\",\"@id\":\"https:\\\/\\\/www.novacam.com\\\/#website\",\"url\":\"https:\\\/\\\/www.novacam.com\\\/\",\"name\":\"Novacam\",\"description\":\"High-precision non-contact 3D metrology\",\"potentialAction\":[{\"@type\":\"SearchAction\",\"target\":{\"@type\":\"EntryPoint\",\"urlTemplate\":\"https:\\\/\\\/www.novacam.com\\\/?s={search_term_string}\"},\"query-input\":{\"@type\":\"PropertyValueSpecification\",\"valueRequired\":true,\"valueName\":\"search_term_string\"}}],\"inLanguage\":\"fr-CA\"}]}<\/script>\n<!-- \/ Yoast SEO plugin. -->","yoast_head_json":{"title":"Vid\u00e9o de mesure du bavardage - Novacam","robots":{"index":"index","follow":"follow","max-snippet":"max-snippet:-1","max-image-preview":"max-image-preview:large","max-video-preview":"max-video-preview:-1"},"canonical":"https:\/\/www.novacam.com\/fr\/ressources\/novacam-metrology-videos\/video-sur-la-mesure-du-bavardage\/","og_locale":"fr_CA","og_type":"article","og_title":"Chatter measurement video - Novacam","og_url":"https:\/\/www.novacam.com\/fr\/ressources\/novacam-metrology-videos\/video-sur-la-mesure-du-bavardage\/","og_site_name":"Novacam","article_modified_time":"2021-03-10T21:13:14+00:00","twitter_card":"summary_large_image","twitter_misc":{"Estimation du temps de lecture":"5 minutes"},"schema":{"@context":"https:\/\/schema.org","@graph":[{"@type":"WebPage","@id":"https:\/\/www.novacam.com\/resources\/novacam-metrology-videos\/chatter-measurement-video\/","url":"https:\/\/www.novacam.com\/resources\/novacam-metrology-videos\/chatter-measurement-video\/","name":"Vid\u00e9o de mesure du bavardage - Novacam","isPartOf":{"@id":"https:\/\/www.novacam.com\/#website"},"datePublished":"2018-07-17T22:05:41+00:00","dateModified":"2021-03-10T21:13:14+00:00","breadcrumb":{"@id":"https:\/\/www.novacam.com\/resources\/novacam-metrology-videos\/chatter-measurement-video\/#breadcrumb"},"inLanguage":"fr-CA","potentialAction":[{"@type":"ReadAction","target":["https:\/\/www.novacam.com\/resources\/novacam-metrology-videos\/chatter-measurement-video\/"]}]},{"@type":"BreadcrumbList","@id":"https:\/\/www.novacam.com\/resources\/novacam-metrology-videos\/chatter-measurement-video\/#breadcrumb","itemListElement":[{"@type":"ListItem","position":1,"name":"Home","item":"https:\/\/www.novacam.com\/"},{"@type":"ListItem","position":2,"name":"Resources","item":"https:\/\/www.novacam.com\/resources\/"},{"@type":"ListItem","position":3,"name":"Videos","item":"https:\/\/www.novacam.com\/resources\/novacam-metrology-videos\/"},{"@type":"ListItem","position":4,"name":"Chatter measurement video"}]},{"@type":"WebSite","@id":"https:\/\/www.novacam.com\/#website","url":"https:\/\/www.novacam.com\/","name":"Novacam","description":"M\u00e9trologie 3D sans contact de haute pr\u00e9cision","potentialAction":[{"@type":"SearchAction","target":{"@type":"EntryPoint","urlTemplate":"https:\/\/www.novacam.com\/?s={search_term_string}"},"query-input":{"@type":"PropertyValueSpecification","valueRequired":true,"valueName":"search_term_string"}}],"inLanguage":"fr-CA"}]}},"_links":{"self":[{"href":"https:\/\/www.novacam.com\/fr\/wp-json\/wp\/v2\/pages\/8523","targetHints":{"allow":["GET"]}}],"collection":[{"href":"https:\/\/www.novacam.com\/fr\/wp-json\/wp\/v2\/pages"}],"about":[{"href":"https:\/\/www.novacam.com\/fr\/wp-json\/wp\/v2\/types\/page"}],"author":[{"embeddable":true,"href":"https:\/\/www.novacam.com\/fr\/wp-json\/wp\/v2\/users\/3"}],"replies":[{"embeddable":true,"href":"https:\/\/www.novacam.com\/fr\/wp-json\/wp\/v2\/comments?post=8523"}],"version-history":[{"count":16,"href":"https:\/\/www.novacam.com\/fr\/wp-json\/wp\/v2\/pages\/8523\/revisions"}],"predecessor-version":[{"id":42131,"href":"https:\/\/www.novacam.com\/fr\/wp-json\/wp\/v2\/pages\/8523\/revisions\/42131"}],"up":[{"embeddable":true,"href":"https:\/\/www.novacam.com\/fr\/wp-json\/wp\/v2\/pages\/5634"}],"wp:attachment":[{"href":"https:\/\/www.novacam.com\/fr\/wp-json\/wp\/v2\/media?parent=8523"}],"curies":[{"name":"wp","href":"https:\/\/api.w.org\/{rel}","templated":true}]}}