{"id":8187,"date":"2018-07-04T19:25:57","date_gmt":"2018-07-04T19:25:57","guid":{"rendered":"http:\/\/dev.novacam.com\/?page_id=8187"},"modified":"2018-07-04T19:25:57","modified_gmt":"2018-07-04T19:25:57","slug":"resources","status":"publish","type":"page","link":"https:\/\/www.novacam.com\/fr\/ressources\/","title":{"rendered":"Ressources"},"content":{"rendered":"<section  class='av_textblock_section av-jj7hr6tk-bf754fbf8c5aecd043566b2fef70b4ba'   itemscope=\"itemscope\" itemtype=\"https:\/\/schema.org\/CreativeWork\" ><div class='avia_textblock'  itemprop=\"text\" ><h1>RESSOURCES<\/h1>\n<\/div><\/section>\n\n<style type=\"text\/css\" data-created_by=\"avia_inline_auto\" id=\"style-css-av-av_one_full-1df1b63c6c045939f2dc1aefbdd8e7ad\">\n.flex_column.av-av_one_full-1df1b63c6c045939f2dc1aefbdd8e7ad{\nborder-radius:0px 0px 0px 0px;\npadding:0px 0px 0px 0px;\n}\n<\/style>\n<div  class='flex_column av-av_one_full-1df1b63c6c045939f2dc1aefbdd8e7ad av_one_full  avia-builder-el-1  el_after_av_textblock  el_before_av_one_full  first flex_column_div av-zero-column-padding  column-top-margin'     ><section  class='av_textblock_section av-jj7i8itm-edc8e39d849490efc03981cf0a40fb8b'   itemscope=\"itemscope\" itemtype=\"https:\/\/schema.org\/CreativeWork\" ><div class='avia_textblock'  itemprop=\"text\" ><p><a href=\"https:\/\/www.novacam.com\/fr\/novacam-metrology-videos\/\">Vid\u00e9os<\/a> - D\u00e9couvrez les capacit\u00e9s de nos syst\u00e8mes de m\u00e9trologie<\/p>\n<\/div><\/section><\/div>\n<style type=\"text\/css\" data-created_by=\"avia_inline_auto\" id=\"style-css-av-av_one_full-1df1b63c6c045939f2dc1aefbdd8e7ad\">\n.flex_column.av-av_one_full-1df1b63c6c045939f2dc1aefbdd8e7ad{\nborder-radius:0px 0px 0px 0px;\npadding:0px 0px 0px 0px;\n}\n<\/style>\n<div  class='flex_column av-av_one_full-1df1b63c6c045939f2dc1aefbdd8e7ad av_one_full  avia-builder-el-3  el_after_av_one_full  el_before_av_one_full  first flex_column_div av-zero-column-padding  column-top-margin'     ><section  class='av_textblock_section av-jj7i8itm-edc8e39d849490efc03981cf0a40fb8b'   itemscope=\"itemscope\" itemtype=\"https:\/\/schema.org\/CreativeWork\" ><div class='avia_textblock'  itemprop=\"text\" ><p><a href=\"https:\/\/www.novacam.com\/fr\/novacam-metrology-videos\/\">Tutoriels vid\u00e9o<\/a>\u00a0- s'informer sur l'utilisation de nos syst\u00e8mes<\/p>\n<\/div><\/section><\/div>\n<style type=\"text\/css\" data-created_by=\"avia_inline_auto\" id=\"style-css-av-av_one_full-1df1b63c6c045939f2dc1aefbdd8e7ad\">\n.flex_column.av-av_one_full-1df1b63c6c045939f2dc1aefbdd8e7ad{\nborder-radius:0px 0px 0px 0px;\npadding:0px 0px 0px 0px;\n}\n<\/style>\n<div  class='flex_column av-av_one_full-1df1b63c6c045939f2dc1aefbdd8e7ad av_one_full  avia-builder-el-5  el_after_av_one_full  el_before_av_hr  first flex_column_div av-zero-column-padding  column-top-margin'     ><section  class='av_textblock_section av-jj7i8itm-edc8e39d849490efc03981cf0a40fb8b'   itemscope=\"itemscope\" itemtype=\"https:\/\/schema.org\/CreativeWork\" ><div class='avia_textblock'  itemprop=\"text\" ><p><a href=\"https:\/\/www.novacam.com\/fr\/support\/pdf-library\/\">Biblioth\u00e8que PDF -<\/a> acc\u00e9der aux notes d'application, aux publications, aux pr\u00e9sentations et aux informations sur les produits de Novacam<\/p>\n<\/div><\/section><\/div>\n<style type=\"text\/css\" data-created_by=\"avia_inline_auto\" id=\"style-css-av-jj7id94d-baa60898a8eb009e954d6b0ff5c63ddf\">\n#top .hr.hr-invisible.av-jj7id94d-baa60898a8eb009e954d6b0ff5c63ddf{\nheight:40px;\n}\n<\/style>\n<div  class='hr av-jj7id94d-baa60898a8eb009e954d6b0ff5c63ddf hr-invisible  avia-builder-el-7  el_after_av_one_full  el_before_av_one_full'><span class='hr-inner'><span class=\"hr-inner-style\"><\/span><\/span><\/div><\/p>\n\n<style type=\"text\/css\" data-created_by=\"avia_inline_auto\" id=\"style-css-av-fwyxf-d0f77978b5dff1d1367f98950eefe160\">\n.flex_column.av-fwyxf-d0f77978b5dff1d1367f98950eefe160{\nborder-radius:0px 0px 0px 0px;\npadding:0px 0px 0px 0px;\n}\n<\/style>\n<div  class='flex_column av-fwyxf-d0f77978b5dff1d1367f98950eefe160 av_one_full  avia-builder-el-8  el_after_av_hr  el_before_av_one_fourth  first flex_column_div av-zero-column-padding'     ><style type=\"text\/css\" data-created_by=\"avia_inline_auto\" id=\"style-css-av-jhc3ylfa-e69f3d2ea4f1ca45379132611fcff224\">\n#top .av-special-heading.av-jhc3ylfa-e69f3d2ea4f1ca45379132611fcff224{\npadding-bottom:10px;\n}\nbody .av-special-heading.av-jhc3ylfa-e69f3d2ea4f1ca45379132611fcff224 .av-special-heading-tag .heading-char{\nfont-size:25px;\n}\n.av-special-heading.av-jhc3ylfa-e69f3d2ea4f1ca45379132611fcff224 .av-subheading{\nfont-size:15px;\n}\n<\/style>\n<div  class='av-special-heading av-jhc3ylfa-e69f3d2ea4f1ca45379132611fcff224 av-special-heading-h3  avia-builder-el-9  avia-builder-el-no-sibling'><h3 class='av-special-heading-tag'  itemprop=\"headline\"  >Liens connexes<\/h3><div class=\"special-heading-border\"><div class=\"special-heading-inner-border\"><\/div><\/div><\/div><\/div>\n\n<style type=\"text\/css\" data-created_by=\"avia_inline_auto\" id=\"style-css-av-tix1n-03fbeadfae75efb106c9dae7b5f0320c\">\n.flex_column.av-tix1n-03fbeadfae75efb106c9dae7b5f0320c{\nborder-radius:0px 0px 0px 0px;\npadding:0px 0px 0px 0px;\n}\n<\/style>\n<div  class='flex_column av-tix1n-03fbeadfae75efb106c9dae7b5f0320c av_one_fourth  avia-builder-el-10  el_after_av_one_full  el_before_av_one_fourth  first flex_column_div av-zero-column-padding  column-top-margin'     ><section  class='av_textblock_section av-24dm3-ba103b6d78fffee9b20fa453d4e54625'   itemscope=\"itemscope\" itemtype=\"https:\/\/schema.org\/CreativeWork\" ><div class='avia_textblock'  itemprop=\"text\" >\n<style type=\"text\/css\" data-created_by=\"avia_inline_auto\" id=\"style-css-av-cn0sb-06317cc36f0cbcb81254298732237865\">\n.av_font_icon.av-cn0sb-06317cc36f0cbcb81254298732237865 .av-icon-char{\nfont-size:20px;\nline-height:20px;\n}\n<\/style>\n<span  class='av_font_icon av-cn0sb-06317cc36f0cbcb81254298732237865 avia_animate_when_visible av-icon-style- avia-icon-pos-left avia-iconfont avia-font-entypo-fontello av-no-color avia-icon-animate'><span class='av-icon-char' data-av_icon='\ue81e' data-av_iconfont='entypo-fontello' aria-hidden=\"true\" ><\/span><\/span>\n<p><a href=\"https:\/\/www.novacam.com\/fr\/applications\/\">D\u00e9couvrez l'\u00e9ventail de nos applications<\/a><\/p>\n<\/div><\/section><\/div>\n<style type=\"text\/css\" data-created_by=\"avia_inline_auto\" id=\"style-css-av-18g1gr-3fb8df32a9c94486c488f834c640d0cd\">\n.flex_column.av-18g1gr-3fb8df32a9c94486c488f834c640d0cd{\nborder-radius:0px 0px 0px 0px;\npadding:0px 0px 0px 0px;\n}\n<\/style>\n<div  class='flex_column av-18g1gr-3fb8df32a9c94486c488f834c640d0cd av_one_fourth  avia-builder-el-13  el_after_av_one_fourth  el_before_av_one_fourth  flex_column_div av-zero-column-padding  column-top-margin'     ><section  class='av_textblock_section av-3ncs3-88d3ca74a5f3e908dbd331fe95d4bfa8'   itemscope=\"itemscope\" itemtype=\"https:\/\/schema.org\/CreativeWork\" ><div class='avia_textblock'  itemprop=\"text\" ><p><a href=\"https:\/\/www.novacam.com\/fr\/products\/\">\n<style type=\"text\/css\" data-created_by=\"avia_inline_auto\" id=\"style-css-av-waioz-15129e036111ecc60b49fc74d64c8916\">\n.av_font_icon.av-waioz-15129e036111ecc60b49fc74d64c8916 .av-icon-char{\nfont-size:30px;\nline-height:30px;\n}\n<\/style>\n<span  class='av_font_icon av-waioz-15129e036111ecc60b49fc74d64c8916 avia_animate_when_visible av-icon-style- avia-icon-pos-left avia-iconfont avia-font-entypo-fontello av-no-color avia-icon-animate'><span class='av-icon-char' data-av_icon='\ue826' data-av_iconfont='entypo-fontello' aria-hidden=\"true\" ><\/span><\/span> Voir nos produits<\/a><\/p>\n<\/div><\/section><\/div>\n<style type=\"text\/css\" data-created_by=\"avia_inline_auto\" id=\"style-css-av-28f0aj-9424dcdf382ee72874cfa6efbd373df1\">\n.flex_column.av-28f0aj-9424dcdf382ee72874cfa6efbd373df1{\nborder-radius:0px 0px 0px 0px;\npadding:0px 0px 0px 0px;\n}\n<\/style>\n<div  class='flex_column av-28f0aj-9424dcdf382ee72874cfa6efbd373df1 av_one_fourth  avia-builder-el-16  el_after_av_one_fourth  el_before_av_one_fourth  flex_column_div av-zero-column-padding  column-top-margin'     ><section  class='av_textblock_section av-24id0r-7a4182c186baaad2f7d58b03012ecd4d'   itemscope=\"itemscope\" itemtype=\"https:\/\/schema.org\/CreativeWork\" ><div class='avia_textblock'  itemprop=\"text\" ><p><a href=\"https:\/\/www.novacam.com\/fr\/nous-contacter-2\/nous-contacter\/\">\n<style type=\"text\/css\" data-created_by=\"avia_inline_auto\" id=\"style-css-av-1v8pg3-48925116ff62d88059331475f774c943\">\n.av_font_icon.av-1v8pg3-48925116ff62d88059331475f774c943 .av-icon-char{\nfont-size:30px;\nline-height:30px;\n}\n<\/style>\n<span  class='av_font_icon av-1v8pg3-48925116ff62d88059331475f774c943 avia_animate_when_visible av-icon-style- avia-icon-pos-left avia-iconfont avia-font-entypo-fontello av-no-color avia-icon-animate'><span class='av-icon-char' data-av_icon='\ue80b' data-av_iconfont='entypo-fontello' aria-hidden=\"true\" ><\/span><\/span> Contactez nous <\/a>pour discuter de vos besoins en mati\u00e8re d'application<\/p>\n<\/div><\/section><\/div>\n<style type=\"text\/css\" data-created_by=\"avia_inline_auto\" id=\"style-css-av-18g1gr-3fb8df32a9c94486c488f834c640d0cd\">\n.flex_column.av-18g1gr-3fb8df32a9c94486c488f834c640d0cd{\nborder-radius:0px 0px 0px 0px;\npadding:0px 0px 0px 0px;\n}\n<\/style>\n<div  class='flex_column av-18g1gr-3fb8df32a9c94486c488f834c640d0cd av_one_fourth  avia-builder-el-19  el_after_av_one_fourth  avia-builder-el-last  flex_column_div av-zero-column-padding  column-top-margin'     ><section  class='av_textblock_section av-3ncs3-88d3ca74a5f3e908dbd331fe95d4bfa8'   itemscope=\"itemscope\" itemtype=\"https:\/\/schema.org\/CreativeWork\" ><div class='avia_textblock'  itemprop=\"text\" ><p><a href=\"https:\/\/www.novacam.com\/fr\/nous-contacter-2\/demander-un-echantillon-danalyse\/\">\n<style type=\"text\/css\" data-created_by=\"avia_inline_auto\" id=\"style-css-av-21nmyv-e8d58b8e1aaa1537c9aad290f777638d\">\n.av_font_icon.av-21nmyv-e8d58b8e1aaa1537c9aad290f777638d .av-icon-char{\nfont-size:40px;\nline-height:40px;\n}\n<\/style>\n<span  class='av_font_icon av-21nmyv-e8d58b8e1aaa1537c9aad290f777638d avia_animate_when_visible av-icon-style- avia-icon-pos-left avia-iconfont avia-font-entypo-fontello av-no-color avia-icon-animate'><span class='av-icon-char' data-av_icon='\ue84d' data-av_iconfont='entypo-fontello' aria-hidden=\"true\" ><\/span><\/span>\u00a0Demander un \u00e9chantillon d'analyse gratuit<\/a>\u00a0pour savoir si notre technologie est adapt\u00e9e \u00e0 votre application<\/p>\n<\/div><\/section><\/div><\/p>","protected":false},"excerpt":{"rendered":"","protected":false},"author":3,"featured_media":0,"parent":0,"menu_order":0,"comment_status":"closed","ping_status":"closed","template":"","meta":{"_relevanssi_hide_post":"","_relevanssi_hide_content":"","_relevanssi_pin_for_all":"","_relevanssi_pin_keywords":"","_relevanssi_unpin_keywords":"","_relevanssi_related_keywords":"","_relevanssi_related_include_ids":"","_relevanssi_related_exclude_ids":"","_relevanssi_related_no_append":"","_relevanssi_related_not_related":"","_relevanssi_related_posts":"","_relevanssi_noindex_reason":"","footnotes":"","advanced-sidebar-menu\/link-title":"","advanced-sidebar-menu\/exclude-page":false},"class_list":["post-8187","page","type-page","status-publish","hentry"],"yoast_head":"<!-- This site is optimized with the Yoast SEO plugin v27.4 - https:\/\/yoast.com\/product\/yoast-seo-wordpress\/ -->\n<title>Resources - Novacam<\/title>\n<meta name=\"robots\" content=\"index, follow, max-snippet:-1, max-image-preview:large, max-video-preview:-1\" \/>\n<link rel=\"canonical\" href=\"https:\/\/www.novacam.com\/fr\/ressources\/\" \/>\n<meta property=\"og:locale\" content=\"fr_CA\" \/>\n<meta property=\"og:type\" content=\"article\" \/>\n<meta property=\"og:title\" content=\"Resources - Novacam\" \/>\n<meta property=\"og:url\" content=\"https:\/\/www.novacam.com\/fr\/ressources\/\" \/>\n<meta property=\"og:site_name\" content=\"Novacam\" \/>\n<meta name=\"twitter:card\" content=\"summary_large_image\" \/>\n<meta name=\"twitter:label1\" content=\"Estimation du temps de lecture\" \/>\n\t<meta name=\"twitter:data1\" content=\"6 minutes\" \/>\n<script type=\"application\/ld+json\" class=\"yoast-schema-graph\">{\"@context\":\"https:\\\/\\\/schema.org\",\"@graph\":[{\"@type\":\"WebPage\",\"@id\":\"https:\\\/\\\/www.novacam.com\\\/resources\\\/\",\"url\":\"https:\\\/\\\/www.novacam.com\\\/resources\\\/\",\"name\":\"Resources - Novacam\",\"isPartOf\":{\"@id\":\"https:\\\/\\\/www.novacam.com\\\/#website\"},\"datePublished\":\"2018-07-04T19:25:57+00:00\",\"breadcrumb\":{\"@id\":\"https:\\\/\\\/www.novacam.com\\\/resources\\\/#breadcrumb\"},\"inLanguage\":\"fr-CA\",\"potentialAction\":[{\"@type\":\"ReadAction\",\"target\":[\"https:\\\/\\\/www.novacam.com\\\/resources\\\/\"]}]},{\"@type\":\"BreadcrumbList\",\"@id\":\"https:\\\/\\\/www.novacam.com\\\/resources\\\/#breadcrumb\",\"itemListElement\":[{\"@type\":\"ListItem\",\"position\":1,\"name\":\"Home\",\"item\":\"https:\\\/\\\/www.novacam.com\\\/\"},{\"@type\":\"ListItem\",\"position\":2,\"name\":\"Resources\"}]},{\"@type\":\"WebSite\",\"@id\":\"https:\\\/\\\/www.novacam.com\\\/#website\",\"url\":\"https:\\\/\\\/www.novacam.com\\\/\",\"name\":\"Novacam\",\"description\":\"High-precision non-contact 3D metrology\",\"potentialAction\":[{\"@type\":\"SearchAction\",\"target\":{\"@type\":\"EntryPoint\",\"urlTemplate\":\"https:\\\/\\\/www.novacam.com\\\/?s={search_term_string}\"},\"query-input\":{\"@type\":\"PropertyValueSpecification\",\"valueRequired\":true,\"valueName\":\"search_term_string\"}}],\"inLanguage\":\"fr-CA\"}]}<\/script>\n<!-- \/ Yoast SEO plugin. -->","yoast_head_json":{"title":"Ressources - Novacam","robots":{"index":"index","follow":"follow","max-snippet":"max-snippet:-1","max-image-preview":"max-image-preview:large","max-video-preview":"max-video-preview:-1"},"canonical":"https:\/\/www.novacam.com\/fr\/ressources\/","og_locale":"fr_CA","og_type":"article","og_title":"Resources - Novacam","og_url":"https:\/\/www.novacam.com\/fr\/ressources\/","og_site_name":"Novacam","twitter_card":"summary_large_image","twitter_misc":{"Estimation du temps de lecture":"6 minutes"},"schema":{"@context":"https:\/\/schema.org","@graph":[{"@type":"WebPage","@id":"https:\/\/www.novacam.com\/resources\/","url":"https:\/\/www.novacam.com\/resources\/","name":"Ressources - Novacam","isPartOf":{"@id":"https:\/\/www.novacam.com\/#website"},"datePublished":"2018-07-04T19:25:57+00:00","breadcrumb":{"@id":"https:\/\/www.novacam.com\/resources\/#breadcrumb"},"inLanguage":"fr-CA","potentialAction":[{"@type":"ReadAction","target":["https:\/\/www.novacam.com\/resources\/"]}]},{"@type":"BreadcrumbList","@id":"https:\/\/www.novacam.com\/resources\/#breadcrumb","itemListElement":[{"@type":"ListItem","position":1,"name":"Home","item":"https:\/\/www.novacam.com\/"},{"@type":"ListItem","position":2,"name":"Resources"}]},{"@type":"WebSite","@id":"https:\/\/www.novacam.com\/#website","url":"https:\/\/www.novacam.com\/","name":"Novacam","description":"M\u00e9trologie 3D sans contact de haute pr\u00e9cision","potentialAction":[{"@type":"SearchAction","target":{"@type":"EntryPoint","urlTemplate":"https:\/\/www.novacam.com\/?s={search_term_string}"},"query-input":{"@type":"PropertyValueSpecification","valueRequired":true,"valueName":"search_term_string"}}],"inLanguage":"fr-CA"}]}},"_links":{"self":[{"href":"https:\/\/www.novacam.com\/fr\/wp-json\/wp\/v2\/pages\/8187","targetHints":{"allow":["GET"]}}],"collection":[{"href":"https:\/\/www.novacam.com\/fr\/wp-json\/wp\/v2\/pages"}],"about":[{"href":"https:\/\/www.novacam.com\/fr\/wp-json\/wp\/v2\/types\/page"}],"author":[{"embeddable":true,"href":"https:\/\/www.novacam.com\/fr\/wp-json\/wp\/v2\/users\/3"}],"replies":[{"embeddable":true,"href":"https:\/\/www.novacam.com\/fr\/wp-json\/wp\/v2\/comments?post=8187"}],"version-history":[{"count":6,"href":"https:\/\/www.novacam.com\/fr\/wp-json\/wp\/v2\/pages\/8187\/revisions"}],"predecessor-version":[{"id":9348,"href":"https:\/\/www.novacam.com\/fr\/wp-json\/wp\/v2\/pages\/8187\/revisions\/9348"}],"wp:attachment":[{"href":"https:\/\/www.novacam.com\/fr\/wp-json\/wp\/v2\/media?parent=8187"}],"curies":[{"name":"wp","href":"https:\/\/api.w.org\/{rel}","templated":true}]}}