{"id":5488,"date":"2018-01-19T20:35:59","date_gmt":"2018-01-19T20:35:59","guid":{"rendered":"http:\/\/198.57.165.107\/~oct\/novacam\/?page_id=5488"},"modified":"2021-04-09T13:37:17","modified_gmt":"2021-04-09T17:37:17","slug":"applications","status":"publish","type":"page","link":"https:\/\/www.novacam.com\/fr\/applications\/","title":{"rendered":"Applications"},"content":{"rendered":"<style type=\"text\/css\" data-created_by=\"avia_inline_auto\" id=\"style-css-av-24slu8-2ba27115b146b78f3d08ee0af91acbb7\">\n.flex_column.av-24slu8-2ba27115b146b78f3d08ee0af91acbb7{\nborder-radius:0px 0px 0px 0px;\npadding:0px 0px 0px 0px;\n}\n<\/style>\n<div  class='flex_column av-24slu8-2ba27115b146b78f3d08ee0af91acbb7 av_one_full  avia-builder-el-0  el_before_av_one_half  avia-builder-el-first  first flex_column_div av-zero-column-padding'     ><section  class='av_textblock_section av-jikixae6-237a79b03379169c15ab09f0fc9d87fc'   itemscope=\"itemscope\" itemtype=\"https:\/\/schema.org\/CreativeWork\" ><div class='avia_textblock'  itemprop=\"text\" ><h1>CANDIDATURES<\/h1>\n<\/div><\/section><\/div>\n<div class='flex_column_table av-aceyu8-951940b98c2bbee8d17298e930b6367b sc-av_one_half av-equal-height-column-flextable'>\n<style type=\"text\/css\" data-created_by=\"avia_inline_auto\" id=\"style-css-av-aceyu8-951940b98c2bbee8d17298e930b6367b\">\n.flex_column.av-aceyu8-951940b98c2bbee8d17298e930b6367b{\nborder-radius:0px 0px 0px 0px;\npadding:0px 0px 0px 0px;\nbackground-color:#d7f4f4;\n}\n<\/style>\n<div  class='flex_column av-aceyu8-951940b98c2bbee8d17298e930b6367b av_one_half  avia-builder-el-2  el_after_av_one_full  el_before_av_one_half  first flex_column_table_cell av-equal-height-column av-align-top av-zero-column-padding  column-top-margin'     ><section  class='av_textblock_section av-19lw21c-eb7b269c92f8b4398265bff23a3527f2'   itemscope=\"itemscope\" itemtype=\"https:\/\/schema.org\/CreativeWork\" ><div class='avia_textblock ncmiddle'  itemprop=\"text\" ><div class=\"md-style\">\n<h2 style=\"text-transform: unset;\"><img loading=\"lazy\" decoding=\"async\" class=\"alignleft wp-image-7395\" src=\"https:\/\/www.novacam.com\/wp-content\/uploads\/2018\/06\/icons8-ruler-64.png\" alt=\"\" width=\"32\" height=\"32\" srcset=\"https:\/\/www.novacam.com\/wp-content\/uploads\/2018\/06\/icons8-ruler-64.png 64w, https:\/\/www.novacam.com\/wp-content\/uploads\/2018\/06\/icons8-ruler-64-36x36.png 36w\" sizes=\"auto, (max-width: 32px) 100vw, 32px\" \/><br \/>\n<strong>Par type de mesure<\/strong><\/h2>\n<\/div>\n<\/div><\/section><br \/>\n<section  class='av_textblock_section av-jikje7tu-65f3ddeff1e7940037b9c19e2234d182'   itemscope=\"itemscope\" itemtype=\"https:\/\/schema.org\/CreativeWork\" ><div class='avia_textblock'  itemprop=\"text\" ><ul>\n<li><a href=\"https:\/\/www.novacam.com\/fr\/applications\/dimensions-3d-gdt\/\">G\u00e9om\u00e9trie 3D<\/a> &#8211; geometric dimensioning and tolerancing (GD&amp;T)<\/li>\n<li><a href=\"https:\/\/www.novacam.com\/fr\/applications\/lepaisseur\/\">\u00c9paisseur<\/a> - films multicouches ou monocouches<\/li>\n<li><a href=\"https:\/\/www.novacam.com\/fr\/applications\/rugosite\/\">Rugosit\u00e9<\/a><\/li>\n<li><a style=\"background-color: rgba(var(--whitebusterr), var(--whitebusterg), var(--whitebusterb), 1);\" href=\"https:\/\/www.novacam.com\/fr\/applications\/volume-loss\/\">Perte de volume<\/a><span style=\"background-color: rgba(var(--whitebusterr), var(--whitebusterg), var(--whitebusterb), 1);\"> - l'usure de la surface, etc.<\/span><\/li>\n<li><a href=\"https:\/\/www.novacam.com\/fr\/applications\/bavardage\/\">Bavardage<\/a><\/li>\n<\/ul>\n<\/div><\/section><\/p><\/div>\n<div class='av-flex-placeholder'><\/div>\n<style type=\"text\/css\" data-created_by=\"avia_inline_auto\" id=\"style-css-av-8fr1n4-50863f6bd8f0aba472411d604ff09bbe\">\n.flex_column.av-8fr1n4-50863f6bd8f0aba472411d604ff09bbe{\nborder-radius:0px 0px 0px 0px;\npadding:0px 0px 0px 0px;\nbackground-color:#d7f4f4;\n}\n<\/style>\n<div  class='flex_column av-8fr1n4-50863f6bd8f0aba472411d604ff09bbe av_one_half  avia-builder-el-5  el_after_av_one_half  el_before_av_one_half  flex_column_table_cell av-equal-height-column av-align-top av-zero-column-padding  column-top-margin'     ><section  class='av_textblock_section av-19lw21c-eb7b269c92f8b4398265bff23a3527f2'   itemscope=\"itemscope\" itemtype=\"https:\/\/schema.org\/CreativeWork\" ><div class='avia_textblock ncmiddle'  itemprop=\"text\" ><div class=\"md-style\">\n<h2 style=\"text-transform: unset;\"><img loading=\"lazy\" decoding=\"async\" class=\"alignleft wp-image-9200\" src=\"https:\/\/www.novacam.com\/wp-content\/uploads\/2018\/08\/icons8-mountain-100.png\" alt=\"\" width=\"40\" height=\"40\" srcset=\"https:\/\/www.novacam.com\/wp-content\/uploads\/2018\/08\/icons8-mountain-100.png 100w, https:\/\/www.novacam.com\/wp-content\/uploads\/2018\/08\/icons8-mountain-100-80x80.png 80w, https:\/\/www.novacam.com\/wp-content\/uploads\/2018\/08\/icons8-mountain-100-36x36.png 36w\" sizes=\"auto, (max-width: 40px) 100vw, 40px\" \/><\/h2>\n<h2 style=\"text-transform: unset;\"><strong>Par d\u00e9fi<\/strong><\/h2>\n<\/div>\n<\/div><\/section><br \/>\n<section  class='av_textblock_section av-jikjzn1b-19b2f98d145d268704a14c269ca30b06'   itemscope=\"itemscope\" itemtype=\"https:\/\/schema.org\/CreativeWork\" ><div class='avia_textblock'  itemprop=\"text\" ><ul>\n<li><a href=\"https:\/\/www.novacam.com\/fr\/applications\/les-espaces-difficiles-dacces\/\">Espaces difficiles d'acc\u00e8s<\/a>- \u00e0 l'int\u00e9rieur des al\u00e9sages, des tubes, des fentes, des crevasses<\/li>\n<li><a href=\"https:\/\/www.novacam.com\/fr\/applications\/surfaces-a-haut-rapport-daspect\/\">Rapport d'aspect \u00e9lev\u00e9<\/a> caract\u00e9ristiques - marches, rainures, canaux, cannelures, etc.<\/li>\n<li><a href=\"https:\/\/www.novacam.com\/fr\/applications\/environnements-hostiles\/\">Environnements hostiles<\/a>\u00a0- radioactif, tr\u00e8s chaud, cryog\u00e9nique, sous vide<\/li>\n<\/ul>\n<\/div><\/section><\/p><\/div><\/div><!--close column table wrapper. Autoclose: 1 -->\n\n<style type=\"text\/css\" data-created_by=\"avia_inline_auto\" id=\"style-css-av-6b6p8w-d7562a7098a7332bc156dc8ae609b2c8\">\n.flex_column.av-6b6p8w-d7562a7098a7332bc156dc8ae609b2c8{\nborder-radius:0px 0px 0px 0px;\npadding:0px 0px 0px 0px;\nbackground-color:#d7f4f4;\n}\n<\/style>\n<div  class='flex_column av-6b6p8w-d7562a7098a7332bc156dc8ae609b2c8 av_one_half  avia-builder-el-8  el_after_av_one_half  el_before_av_one_half  first flex_column_div av-zero-column-padding  column-top-margin'     ><section  class='av_textblock_section av-19lw21c-eb7b269c92f8b4398265bff23a3527f2'   itemscope=\"itemscope\" itemtype=\"https:\/\/schema.org\/CreativeWork\" ><div class='avia_textblock ncmiddle'  itemprop=\"text\" ><div class=\"md-style\">\n<h2 style=\"text-transform: unset;\"><img loading=\"lazy\" decoding=\"async\" class=\"alignleft wp-image-7401\" src=\"https:\/\/www.novacam.com\/wp-content\/uploads\/2018\/06\/robot.png\" alt=\"\" width=\"35\" height=\"35\" srcset=\"https:\/\/www.novacam.com\/wp-content\/uploads\/2018\/06\/robot.png 100w, https:\/\/www.novacam.com\/wp-content\/uploads\/2018\/06\/robot-80x80.png 80w, https:\/\/www.novacam.com\/wp-content\/uploads\/2018\/06\/robot-36x36.png 36w\" sizes=\"auto, (max-width: 35px) 100vw, 35px\" \/><br \/>\n<strong>Exemples industriels<\/strong><\/h2>\n<\/div>\n<\/div><\/section><br \/>\n<section  class='av_textblock_section av-jikl4jwd-c9ba4331e52a96a46fc3d97e14f25482'   itemscope=\"itemscope\" itemtype=\"https:\/\/schema.org\/CreativeWork\" ><div class='avia_textblock'  itemprop=\"text\" ><ul>\n<li><a href=\"https:\/\/www.novacam.com\/fr\/applications\/mesure-de-lalesage-du-canon\/\">F\u00fbts<\/a><\/li>\n<li><a href=\"https:\/\/www.novacam.com\/fr\/applications\/inspection-des-lames-et-des-disques\/\">Lames et blisks<\/a><\/li>\n<li><a href=\"https:\/\/www.novacam.com\/fr\/applications\/mesure-du-trou-de-forage\/\">Al\u00e9sages<\/a><\/li>\n<li><a href=\"https:\/\/www.novacam.com\/fr\/applications\/mesure-du-cmp-pad-2\/\">Tampons CMP<\/a><\/li>\n<li><a href=\"https:\/\/www.novacam.com\/fr\/applications\/inspection-des-trous-de-refroidissement\/\">Trous de refroidissement<\/a><\/li>\n<li><a href=\"https:\/\/www.novacam.com\/fr\/applications\/edge-measurement\/\">Rayon des bords<\/a><\/li>\n<li><a href=\"https:\/\/www.novacam.com\/fr\/applications\/metrologie-de-ledm-et-de-lusinage-au-laser\/\">Caract\u00e9ristiques de l'EDM<\/a><\/li>\n<li><a href=\"https:\/\/www.novacam.com\/fr\/applications\/rivet-hole-rivet-flushness-inspection\/\">Rivets<\/a><\/li>\n<li><a href=\"https:\/\/www.novacam.com\/fr\/applications\/mesure-de-lidentification-et-du-diametre-du-tube\/\">Diam\u00e8tre int\u00e9rieur et ext\u00e9rieur du tube<\/a><\/li>\n<li><a href=\"https:\/\/www.novacam.com\/fr\/applications\/inspection-des-vannes\/\">Vannes<\/a><\/li>\n<li>&#8230;. <a href=\"https:\/\/www.novacam.com\/fr\/applications\/par-secteur-dactivite\/\">\u00a0liste des applications de la m\u00e9trologie par industrie<\/a><\/li>\n<\/ul>\n<\/div><\/section><\/p><\/div>\n\n<style type=\"text\/css\" data-created_by=\"avia_inline_auto\" id=\"style-css-av-1vo8uo-c5980b6aa5e2bb21a792b32a55234901\">\n.flex_column.av-1vo8uo-c5980b6aa5e2bb21a792b32a55234901{\nborder-radius:0px 0px 0px 0px;\npadding:0px 0px 0px 0px;\nbackground-color:#d7f4f4;\n}\n<\/style>\n<div  class='flex_column av-1vo8uo-c5980b6aa5e2bb21a792b32a55234901 av_one_half  avia-builder-el-11  el_after_av_one_half  el_before_av_one_full  flex_column_div av-zero-column-padding  column-top-margin'     ><section  class='av_textblock_section av-19lw21c-eb7b269c92f8b4398265bff23a3527f2'   itemscope=\"itemscope\" itemtype=\"https:\/\/schema.org\/CreativeWork\" ><div class='avia_textblock ncmiddle'  itemprop=\"text\" ><div class=\"md-style\">\n<h2 style=\"text-transform: unset;\"><img loading=\"lazy\" decoding=\"async\" class=\"alignleft wp-image-7402\" src=\"https:\/\/www.novacam.com\/wp-content\/uploads\/2018\/06\/caduceus-80x80.png\" alt=\"\" width=\"35\" height=\"35\" srcset=\"https:\/\/www.novacam.com\/wp-content\/uploads\/2018\/06\/caduceus-80x80.png 80w, https:\/\/www.novacam.com\/wp-content\/uploads\/2018\/06\/caduceus-36x36.png 36w, https:\/\/www.novacam.com\/wp-content\/uploads\/2018\/06\/caduceus.png 100w\" sizes=\"auto, (max-width: 35px) 100vw, 35px\" \/><br \/>\n<strong>Exemples biom\u00e9dicaux<\/strong><\/h2>\n<\/div>\n<\/div><\/section><br \/>\n<section  class='av_textblock_section av-jikn18sd-75975ef40f20f008cf720deed0dafe35'   itemscope=\"itemscope\" itemtype=\"https:\/\/schema.org\/CreativeWork\" ><div class='avia_textblock'  itemprop=\"text\" ><ul>\n<li><a href=\"https:\/\/www.novacam.com\/fr\/products\/pieuvre\/\">Imagerie non invasive de haute qualit\u00e9 des tissus biologiques<\/a><\/li>\n<\/ul>\n<\/div><\/section><\/p><\/div>\n\n<style type=\"text\/css\" data-created_by=\"avia_inline_auto\" id=\"style-css-av-fwyxf-d0f77978b5dff1d1367f98950eefe160\">\n.flex_column.av-fwyxf-d0f77978b5dff1d1367f98950eefe160{\nborder-radius:0px 0px 0px 0px;\npadding:0px 0px 0px 0px;\n}\n<\/style>\n<div  class='flex_column av-fwyxf-d0f77978b5dff1d1367f98950eefe160 av_one_full  avia-builder-el-14  el_after_av_one_half  el_before_av_one_fourth  first flex_column_div av-zero-column-padding  column-top-margin'     ><style type=\"text\/css\" data-created_by=\"avia_inline_auto\" id=\"style-css-av-jhc3ylfa-e69f3d2ea4f1ca45379132611fcff224\">\n#top .av-special-heading.av-jhc3ylfa-e69f3d2ea4f1ca45379132611fcff224{\npadding-bottom:10px;\n}\nbody .av-special-heading.av-jhc3ylfa-e69f3d2ea4f1ca45379132611fcff224 .av-special-heading-tag .heading-char{\nfont-size:25px;\n}\n.av-special-heading.av-jhc3ylfa-e69f3d2ea4f1ca45379132611fcff224 .av-subheading{\nfont-size:15px;\n}\n<\/style>\n<div  class='av-special-heading av-jhc3ylfa-e69f3d2ea4f1ca45379132611fcff224 av-special-heading-h3  avia-builder-el-15  avia-builder-el-no-sibling'><h3 class='av-special-heading-tag'  itemprop=\"headline\"  >Liens connexes<\/h3><div class=\"special-heading-border\"><div class=\"special-heading-inner-border\"><\/div><\/div><\/div><\/div>\n\n<style type=\"text\/css\" data-created_by=\"avia_inline_auto\" id=\"style-css-av-18g1gr-2317caeca6d65831b42fbc80dedabc18\">\n.flex_column.av-18g1gr-2317caeca6d65831b42fbc80dedabc18{\nborder-radius:0px 0px 0px 0px;\npadding:0px 0px 0px 0px;\n}\n<\/style>\n<div  class='flex_column av-18g1gr-2317caeca6d65831b42fbc80dedabc18 av_one_fourth  avia-builder-el-16  el_after_av_one_full  el_before_av_two_fifth  first flex_column_div av-zero-column-padding  column-top-margin'     ><section  class='av_textblock_section av-3ncs3-9755d2f2237c148e459fbf79ca214fb4'   itemscope=\"itemscope\" itemtype=\"https:\/\/schema.org\/CreativeWork\" ><div class='avia_textblock'  itemprop=\"text\" ><p><a href=\"https:\/\/www.novacam.com\/fr\/products\/\">\n<style type=\"text\/css\" data-created_by=\"avia_inline_auto\" id=\"style-css-av-waioz-15129e036111ecc60b49fc74d64c8916\">\n.av_font_icon.av-waioz-15129e036111ecc60b49fc74d64c8916 .av-icon-char{\nfont-size:30px;\nline-height:30px;\n}\n<\/style>\n<span  class='av_font_icon av-waioz-15129e036111ecc60b49fc74d64c8916 avia_animate_when_visible av-icon-style- avia-icon-pos-left avia-iconfont avia-font-entypo-fontello av-no-color avia-icon-animate'><span class='av-icon-char' data-av_icon='\ue826' data-av_iconfont='entypo-fontello' aria-hidden=\"true\" ><\/span><\/span> Voir notre gamme de syst\u00e8mes de m\u00e9trologie 3D<\/a><\/p>\n<\/div><\/section><\/div>\n<style type=\"text\/css\" data-created_by=\"avia_inline_auto\" id=\"style-css-av-18g1gr-3fb8df32a9c94486c488f834c640d0cd\">\n.flex_column.av-18g1gr-3fb8df32a9c94486c488f834c640d0cd{\nborder-radius:0px 0px 0px 0px;\npadding:0px 0px 0px 0px;\n}\n<\/style>\n<div  class='flex_column av-18g1gr-3fb8df32a9c94486c488f834c640d0cd av_two_fifth  avia-builder-el-19  el_after_av_one_fourth  avia-builder-el-last  flex_column_div av-zero-column-padding  column-top-margin'     ><section  class='av_textblock_section av-3ncs3-9755d2f2237c148e459fbf79ca214fb4'   itemscope=\"itemscope\" itemtype=\"https:\/\/schema.org\/CreativeWork\" ><div class='avia_textblock'  itemprop=\"text\" ><p><a href=\"https:\/\/www.novacam.com\/fr\/nous-contacter-2\/nous-contacter\/\">\n<style type=\"text\/css\" data-created_by=\"avia_inline_auto\" id=\"style-css-av-1v8pg3-48925116ff62d88059331475f774c943\">\n.av_font_icon.av-1v8pg3-48925116ff62d88059331475f774c943 .av-icon-char{\nfont-size:30px;\nline-height:30px;\n}\n<\/style>\n<span  class='av_font_icon av-1v8pg3-48925116ff62d88059331475f774c943 avia_animate_when_visible av-icon-style- avia-icon-pos-left avia-iconfont avia-font-entypo-fontello av-no-color avia-icon-animate'><span class='av-icon-char' data-av_icon='\ue80b' data-av_iconfont='entypo-fontello' aria-hidden=\"true\" ><\/span><\/span><\/a>\u00a0<a href=\"https:\/\/www.novacam.com\/fr\/nous-contacter-2\/nous-contacter\/\">Contactez nous<\/a>\u00a0ou <a href=\"https:\/\/www.novacam.com\/fr\/nous-contacter-2\/demander-un-echantillon-danalyse\/\">demander une analyse d'\u00e9chantillon gratuite<\/a>\u00a0pour voir si nos syst\u00e8mes conviennent \u00e0 votre application.<\/p>\n<\/div><\/section><\/div><\/p>","protected":false},"excerpt":{"rendered":"","protected":false},"author":1,"featured_media":0,"parent":0,"menu_order":0,"comment_status":"closed","ping_status":"open","template":"","meta":{"_relevanssi_hide_post":"","_relevanssi_hide_content":"","_relevanssi_pin_for_all":"","_relevanssi_pin_keywords":"","_relevanssi_unpin_keywords":"","_relevanssi_related_keywords":"","_relevanssi_related_include_ids":"","_relevanssi_related_exclude_ids":"","_relevanssi_related_no_append":"","_relevanssi_related_not_related":"","_relevanssi_related_posts":"","_relevanssi_noindex_reason":"","footnotes":"","advanced-sidebar-menu\/link-title":"","advanced-sidebar-menu\/exclude-page":false},"class_list":["post-5488","page","type-page","status-publish","hentry"],"yoast_head":"<!-- This site is optimized with the Yoast SEO plugin v27.4 - https:\/\/yoast.com\/product\/yoast-seo-wordpress\/ -->\n<title>3D Metrology Applications for Industrial Inspection - Novacam<\/title>\n<meta name=\"robots\" content=\"index, follow, max-snippet:-1, max-image-preview:large, max-video-preview:-1\" \/>\n<link rel=\"canonical\" href=\"https:\/\/www.novacam.com\/fr\/applications\/\" \/>\n<meta property=\"og:locale\" content=\"fr_CA\" \/>\n<meta property=\"og:type\" content=\"article\" \/>\n<meta property=\"og:title\" content=\"3D Metrology Applications for Industrial Inspection - Novacam\" \/>\n<meta property=\"og:url\" content=\"https:\/\/www.novacam.com\/fr\/applications\/\" \/>\n<meta property=\"og:site_name\" content=\"Novacam\" \/>\n<meta property=\"article:modified_time\" content=\"2021-04-09T17:37:17+00:00\" \/>\n<meta property=\"og:image\" content=\"https:\/\/www.novacam.com\/wp-content\/uploads\/2018\/06\/icons8-ruler-64.png\" \/>\n<meta name=\"twitter:card\" content=\"summary_large_image\" \/>\n<meta name=\"twitter:label1\" content=\"Estimation du temps de lecture\" \/>\n\t<meta name=\"twitter:data1\" content=\"4 minutes\" \/>\n<script type=\"application\/ld+json\" class=\"yoast-schema-graph\">{\"@context\":\"https:\\\/\\\/schema.org\",\"@graph\":[{\"@type\":\"WebPage\",\"@id\":\"https:\\\/\\\/www.novacam.com\\\/applications\\\/\",\"url\":\"https:\\\/\\\/www.novacam.com\\\/applications\\\/\",\"name\":\"3D Metrology Applications for Industrial Inspection - Novacam\",\"isPartOf\":{\"@id\":\"https:\\\/\\\/www.novacam.com\\\/#website\"},\"primaryImageOfPage\":{\"@id\":\"https:\\\/\\\/www.novacam.com\\\/applications\\\/#primaryimage\"},\"image\":{\"@id\":\"https:\\\/\\\/www.novacam.com\\\/applications\\\/#primaryimage\"},\"thumbnailUrl\":\"https:\\\/\\\/www.novacam.com\\\/wp-content\\\/uploads\\\/2018\\\/06\\\/icons8-ruler-64.png\",\"datePublished\":\"2018-01-19T20:35:59+00:00\",\"dateModified\":\"2021-04-09T17:37:17+00:00\",\"breadcrumb\":{\"@id\":\"https:\\\/\\\/www.novacam.com\\\/applications\\\/#breadcrumb\"},\"inLanguage\":\"fr-CA\",\"potentialAction\":[{\"@type\":\"ReadAction\",\"target\":[\"https:\\\/\\\/www.novacam.com\\\/applications\\\/\"]}]},{\"@type\":\"ImageObject\",\"inLanguage\":\"fr-CA\",\"@id\":\"https:\\\/\\\/www.novacam.com\\\/applications\\\/#primaryimage\",\"url\":\"https:\\\/\\\/www.novacam.com\\\/wp-content\\\/uploads\\\/2018\\\/06\\\/icons8-ruler-64.png\",\"contentUrl\":\"https:\\\/\\\/www.novacam.com\\\/wp-content\\\/uploads\\\/2018\\\/06\\\/icons8-ruler-64.png\"},{\"@type\":\"BreadcrumbList\",\"@id\":\"https:\\\/\\\/www.novacam.com\\\/applications\\\/#breadcrumb\",\"itemListElement\":[{\"@type\":\"ListItem\",\"position\":1,\"name\":\"Home\",\"item\":\"https:\\\/\\\/www.novacam.com\\\/\"},{\"@type\":\"ListItem\",\"position\":2,\"name\":\"Applications\"}]},{\"@type\":\"WebSite\",\"@id\":\"https:\\\/\\\/www.novacam.com\\\/#website\",\"url\":\"https:\\\/\\\/www.novacam.com\\\/\",\"name\":\"Novacam\",\"description\":\"High-precision non-contact 3D metrology\",\"potentialAction\":[{\"@type\":\"SearchAction\",\"target\":{\"@type\":\"EntryPoint\",\"urlTemplate\":\"https:\\\/\\\/www.novacam.com\\\/?s={search_term_string}\"},\"query-input\":{\"@type\":\"PropertyValueSpecification\",\"valueRequired\":true,\"valueName\":\"search_term_string\"}}],\"inLanguage\":\"fr-CA\"}]}<\/script>\n<!-- \/ Yoast SEO plugin. -->","yoast_head_json":{"title":"Applications de m\u00e9trologie 3D pour l'inspection industrielle - Novacam","robots":{"index":"index","follow":"follow","max-snippet":"max-snippet:-1","max-image-preview":"max-image-preview:large","max-video-preview":"max-video-preview:-1"},"canonical":"https:\/\/www.novacam.com\/fr\/applications\/","og_locale":"fr_CA","og_type":"article","og_title":"3D Metrology Applications for Industrial Inspection - Novacam","og_url":"https:\/\/www.novacam.com\/fr\/applications\/","og_site_name":"Novacam","article_modified_time":"2021-04-09T17:37:17+00:00","og_image":[{"url":"https:\/\/www.novacam.com\/wp-content\/uploads\/2018\/06\/icons8-ruler-64.png","type":"","width":"","height":""}],"twitter_card":"summary_large_image","twitter_misc":{"Estimation du temps de lecture":"4 minutes"},"schema":{"@context":"https:\/\/schema.org","@graph":[{"@type":"WebPage","@id":"https:\/\/www.novacam.com\/applications\/","url":"https:\/\/www.novacam.com\/applications\/","name":"Applications de m\u00e9trologie 3D pour l'inspection industrielle - Novacam","isPartOf":{"@id":"https:\/\/www.novacam.com\/#website"},"primaryImageOfPage":{"@id":"https:\/\/www.novacam.com\/applications\/#primaryimage"},"image":{"@id":"https:\/\/www.novacam.com\/applications\/#primaryimage"},"thumbnailUrl":"https:\/\/www.novacam.com\/wp-content\/uploads\/2018\/06\/icons8-ruler-64.png","datePublished":"2018-01-19T20:35:59+00:00","dateModified":"2021-04-09T17:37:17+00:00","breadcrumb":{"@id":"https:\/\/www.novacam.com\/applications\/#breadcrumb"},"inLanguage":"fr-CA","potentialAction":[{"@type":"ReadAction","target":["https:\/\/www.novacam.com\/applications\/"]}]},{"@type":"ImageObject","inLanguage":"fr-CA","@id":"https:\/\/www.novacam.com\/applications\/#primaryimage","url":"https:\/\/www.novacam.com\/wp-content\/uploads\/2018\/06\/icons8-ruler-64.png","contentUrl":"https:\/\/www.novacam.com\/wp-content\/uploads\/2018\/06\/icons8-ruler-64.png"},{"@type":"BreadcrumbList","@id":"https:\/\/www.novacam.com\/applications\/#breadcrumb","itemListElement":[{"@type":"ListItem","position":1,"name":"Home","item":"https:\/\/www.novacam.com\/"},{"@type":"ListItem","position":2,"name":"Applications"}]},{"@type":"WebSite","@id":"https:\/\/www.novacam.com\/#website","url":"https:\/\/www.novacam.com\/","name":"Novacam","description":"M\u00e9trologie 3D sans contact de haute pr\u00e9cision","potentialAction":[{"@type":"SearchAction","target":{"@type":"EntryPoint","urlTemplate":"https:\/\/www.novacam.com\/?s={search_term_string}"},"query-input":{"@type":"PropertyValueSpecification","valueRequired":true,"valueName":"search_term_string"}}],"inLanguage":"fr-CA"}]}},"_links":{"self":[{"href":"https:\/\/www.novacam.com\/fr\/wp-json\/wp\/v2\/pages\/5488","targetHints":{"allow":["GET"]}}],"collection":[{"href":"https:\/\/www.novacam.com\/fr\/wp-json\/wp\/v2\/pages"}],"about":[{"href":"https:\/\/www.novacam.com\/fr\/wp-json\/wp\/v2\/types\/page"}],"author":[{"embeddable":true,"href":"https:\/\/www.novacam.com\/fr\/wp-json\/wp\/v2\/users\/1"}],"replies":[{"embeddable":true,"href":"https:\/\/www.novacam.com\/fr\/wp-json\/wp\/v2\/comments?post=5488"}],"version-history":[{"count":50,"href":"https:\/\/www.novacam.com\/fr\/wp-json\/wp\/v2\/pages\/5488\/revisions"}],"predecessor-version":[{"id":42361,"href":"https:\/\/www.novacam.com\/fr\/wp-json\/wp\/v2\/pages\/5488\/revisions\/42361"}],"wp:attachment":[{"href":"https:\/\/www.novacam.com\/fr\/wp-json\/wp\/v2\/media?parent=5488"}],"curies":[{"name":"wp","href":"https:\/\/api.w.org\/{rel}","templated":true}]}}