{"id":543,"date":"2011-04-03T10:03:42","date_gmt":"2011-04-03T10:03:42","guid":{"rendered":"http:\/\/coherencetomography.com\/novacam.com\/?page_id=543"},"modified":"2026-01-12T16:19:59","modified_gmt":"2026-01-12T20:19:59","slug":"contact-us","status":"publish","type":"page","link":"https:\/\/www.novacam.com\/fr\/nous-contacter-2\/nous-contacter\/","title":{"rendered":"Contactez nous"},"content":{"rendered":"<style type=\"text\/css\" data-created_by=\"avia_inline_auto\" id=\"style-css-av-adx2f-cb6559bad48393e9e6f798f5e98ebc24\">\n.flex_column.av-adx2f-cb6559bad48393e9e6f798f5e98ebc24{\nborder-radius:10px 10px 10px 10px;\npadding:40px 40px 40px 40px;\nbackground-color:#eeeeee;\n}\n<\/style>\n<div  class='flex_column av-adx2f-cb6559bad48393e9e6f798f5e98ebc24 av_one_full  avia-builder-el-0  el_before_av_hr  avia-builder-el-first  first flex_column_div'     ><section  class='av_textblock_section av-8yluf-fecbdba400f86c9fc66db0542e5b7630'   itemscope=\"itemscope\" itemtype=\"https:\/\/schema.org\/CreativeWork\" ><div class='avia_textblock'  itemprop=\"text\" ><h1 style=\"text-align: center;\">Contacter Novacam<\/h1>\n\n<div class=\"wpcf7 no-js\" id=\"wpcf7-f7643-o1\" lang=\"en-US\" dir=\"ltr\" data-wpcf7-id=\"7643\">\n<div class=\"screen-reader-response\"><p role=\"status\" aria-live=\"polite\" aria-atomic=\"true\"><\/p> <ul><\/ul><\/div>\n<form action=\"\/fr\/wp-json\/wp\/v2\/pages\/543#wpcf7-f7643-o1\" method=\"post\" class=\"wpcf7-form init wpcf7-acceptance-as-validation\" aria-label=\"Formulaire de contact\" novalidate=\"novalidate\" data-status=\"init\" data-trp-original-action=\"\/fr\/wp-json\/wp\/v2\/pages\/543#wpcf7-f7643-o1\">\n<fieldset class=\"hidden-fields-container\"><input type=\"hidden\" name=\"_wpcf7\" value=\"7643\" \/><input type=\"hidden\" name=\"_wpcf7_version\" value=\"6.1.5\" \/><input type=\"hidden\" name=\"_wpcf7_locale\" value=\"en_US\" \/><input type=\"hidden\" name=\"_wpcf7_unit_tag\" value=\"wpcf7-f7643-o1\" \/><input type=\"hidden\" name=\"_wpcf7_container_post\" value=\"0\" \/><input type=\"hidden\" name=\"_wpcf7_posted_data_hash\" value=\"\" \/>\n<\/fieldset>\n<div id=\"responsive-form\" class=\"clearfix\">\n\t<div class=\"form-row\">\n\t\t<div class=\"column-half\">\n\t\t\t<p><strong>Pr\u00e9nom<\/strong><span style=\"color: red;\">*<\/span><span class=\"wpcf7-form-control-wrap\" data-name=\"first-name\"><input size=\"40\" maxlength=\"400\" class=\"wpcf7-form-control wpcf7-text wpcf7-validates-as-required\" aria-required=\"true\" aria-invalid=\"false\" placeholder=\"\" value=\"\" type=\"text\" name=\"first-name\" \/><\/span>\n\t\t\t<\/p>\n\t\t<\/div>\n\t\t<div class=\"column-half\">\n\t\t\t<p><strong>Nom de famille<\/strong><span style=\"color: red;\">*<\/span><span class=\"wpcf7-form-control-wrap\" data-name=\"last-name\"><input size=\"40\" maxlength=\"400\" class=\"wpcf7-form-control wpcf7-text wpcf7-validates-as-required\" aria-required=\"true\" aria-invalid=\"false\" placeholder=\"\" value=\"\" type=\"text\" name=\"last-name\" \/><\/span>\n\t\t\t<\/p>\n\t\t<\/div>\n\t<\/div>\n\t<div class=\"form-row\">\n\t\t<div class=\"column-half\">\n\t\t\t<p><strong>Nom de l'entreprise<\/strong><span class=\"wpcf7-form-control-wrap\" data-name=\"your-company\"><input size=\"40\" maxlength=\"400\" class=\"wpcf7-form-control wpcf7-text\" aria-invalid=\"false\" placeholder=\"\" value=\"\" type=\"text\" name=\"your-company\" \/><\/span>\n\t\t\t<\/p>\n\t\t<\/div>\n\t\t<div class=\"column-half\">\n\t\t\t<p><strong>Activit\u00e9 de l'entreprise<\/strong><span class=\"wpcf7-form-control-wrap\" data-name=\"company-activity\"><select class=\"wpcf7-form-control wpcf7-select\" aria-invalid=\"false\" name=\"company-activity\"><option value=\"Select Company Activity\">S\u00e9lectionner l'activit\u00e9 de l'entreprise<\/option><option value=\"Industrial\">Industriel<\/option><option value=\"Scientific\">Scientifique<\/option><option value=\"Medical\">M\u00e9dical<\/option><option value=\"Other\">Autres<\/option><\/select><\/span>\n\t\t\t<\/p>\n\t\t<\/div>\n\t<\/div>\n\t<p>.<span id=\"wpcf7-69ea58c3705b6-wrapper\" class=\"wpcf7-form-control-wrap lolmoney-wrap\" style=\"display:none !important; visibility:hidden !important;\"><label for=\"wpcf7-69ea58c3705b6-field\" class=\"hp-message\">Veuillez laisser ce champ vide.<\/label><input id=\"wpcf7-69ea58c3705b6-field\"  class=\"wpcf7-form-control wpcf7-text\" type=\"text\" name=\"lolmoney\" value=\"\" size=\"40\" tabindex=\"-1\" autocomplete=\"new-password\" \/><\/span>\n\t<\/p>\n\t<div class=\"form-row\">\n\t\t<div class=\"column-half\">\n\t\t\t<p><strong>Pays<\/strong><span style=\"color: red;\">*<\/span><span class=\"wpcf7-form-control-wrap\" data-name=\"country\"><input size=\"40\" maxlength=\"400\" class=\"wpcf7-form-control wpcf7-text wpcf7-validates-as-required\" aria-required=\"true\" aria-invalid=\"false\" placeholder=\"\" value=\"\" type=\"text\" name=\"country\" \/><\/span>\n\t\t\t<\/p>\n\t\t<\/div>\n\t\t<div class=\"column-half\">\n\t\t\t<p><strong>\u00c9tat ou province<\/strong><span style=\"color: red;\">*<\/span><span class=\"wpcf7-form-control-wrap\" data-name=\"state-or-province\"><input size=\"40\" maxlength=\"400\" class=\"wpcf7-form-control wpcf7-text wpcf7-validates-as-required\" aria-required=\"true\" aria-invalid=\"false\" placeholder=\"\" value=\"\" type=\"text\" name=\"state-or-province\" \/><\/span>\n\t\t\t<\/p>\n\t\t<\/div>\n\t<\/div>\n\t<div class=\"form-row\">\n\t\t<div class=\"column-half\">\n\t\t\t<p><strong>Votre courriel<\/strong><span style=\"color: red;\">*<\/span><span class=\"wpcf7-form-control-wrap\" data-name=\"your-email\"><input size=\"40\" maxlength=\"400\" class=\"wpcf7-form-control wpcf7-email wpcf7-validates-as-required wpcf7-text wpcf7-validates-as-email\" aria-required=\"true\" aria-invalid=\"false\" placeholder=\"\" value=\"\" type=\"email\" name=\"your-email\" \/><\/span>\n\t\t\t<\/p>\n\t\t<\/div>\n\t\t<div class=\"column-half\">\n\t\t\t<p><strong>Num\u00e9ro de t\u00e9l\u00e9phone<\/strong><span style=\"color: red;\">*<\/span><span class=\"wpcf7-form-control-wrap\" data-name=\"your-phone\"><input size=\"40\" maxlength=\"400\" class=\"wpcf7-form-control wpcf7-text wpcf7-validates-as-required\" aria-required=\"true\" aria-invalid=\"false\" placeholder=\"\" value=\"\" type=\"text\" name=\"your-phone\" \/><\/span>\n\t\t\t<\/p>\n\t\t<\/div>\n\t<\/div>\n\t<div class=\"form-row\">\n\t\t<div class=\"column-full\">\n\t\t\t<p><strong>Message<\/strong><span style=\"color: red;\">*<\/span><span class=\"wpcf7-form-control-wrap\" data-name=\"your-message\"><textarea cols=\"40\" rows=\"10\" maxlength=\"2000\" class=\"wpcf7-form-control wpcf7-textarea wpcf7-validates-as-required\" aria-required=\"true\" aria-invalid=\"false\" placeholder=\"\" name=\"your-message\"><\/textarea><\/span>\n\t\t\t<\/p>\n\t\t<\/div>\n\t<\/div>\n\t<div class=\"form-row\">\n\t\t<div class=\"column-half\">\n\t\t\t<p><span class=\"wpcf7-form-control-wrap\" data-name=\"accept-terms\"><span class=\"wpcf7-form-control wpcf7-acceptance\"><span class=\"wpcf7-list-item\"><label><input type=\"checkbox\" name=\"accept-terms\" value=\"1\" aria-invalid=\"false\" \/><span class=\"wpcf7-list-item-label\"><span style=\"color: red;\">*<\/span><strong> Je consens \u00e0 Novacam <\/strong><a href=\"https:\/\/www.novacam.com\/fr\/politique-de-confidentialite\/\">Politique de confidentialit\u00e9<\/a>.<\/span><\/label><\/span><\/span><\/span>\n\t\t\t<\/p>\n\t\t<\/div>\n\t\t<div class=\"column-half\">\n\t\t\t<p><em>Nous respecterons votre vie priv\u00e9e. Vos informations ne seront utilis\u00e9es par Novacam que pour donner suite \u00e0 cette demande.<\/em>\n\t\t\t<\/p>\n\t\t<\/div>\n\t<\/div>\n\t<div class=\"form-row\">\n\t\t<div class=\"column-full\" align=\"center\">\n\t\t\t<p><input class=\"wpcf7-form-control wpcf7-submit has-spinner\" type=\"submit\" value=\"Envoyer\" \/>\n\t\t\t<\/p>\n\t\t<\/div>\n\t<\/div>\n<\/div><!--end responsive-form--><div class=\"wpcf7-response-output\" aria-hidden=\"true\"><\/div>\n<input type=\"hidden\" name=\"trp-form-language\" value=\"fr\"\/><\/form>\n<\/div>\n\n<\/div><\/section><\/div>\n\n<style type=\"text\/css\" data-created_by=\"avia_inline_auto\" id=\"style-css-av-jj6e9ojg-73d4eeac725a2cefe8b5b32fcb23f6fe\">\n#top .hr.hr-invisible.av-jj6e9ojg-73d4eeac725a2cefe8b5b32fcb23f6fe{\nmargin-top:-10px;\nheight:1px;\n}\n<\/style>\n<div  class='hr av-jj6e9ojg-73d4eeac725a2cefe8b5b32fcb23f6fe hr-invisible  avia-builder-el-2  el_after_av_one_full  el_before_av_two_third'><span class='hr-inner'><span class=\"hr-inner-style\"><\/span><\/span><\/div>\n\n<style type=\"text\/css\" data-created_by=\"avia_inline_auto\" id=\"style-css-av-apmd3-1bc1c1c868693a07a26cec0a0a349a1b\">\n.flex_column.av-apmd3-1bc1c1c868693a07a26cec0a0a349a1b{\nborder-radius:0px 0px 0px 0px;\npadding:0px 0px 0px 0px;\n}\n<\/style>\n<div  class='flex_column av-apmd3-1bc1c1c868693a07a26cec0a0a349a1b av_two_third  avia-builder-el-3  el_after_av_hr  el_before_av_one_fourth  first flex_column_div av-zero-column-padding'     ><style type=\"text\/css\" data-created_by=\"avia_inline_auto\" id=\"style-css-av-jj6e7six-8754182dffab446dd2e9156e3f7bacb2\">\n#top .av_textblock_section.av-jj6e7six-8754182dffab446dd2e9156e3f7bacb2 .avia_textblock{\ncolor:#d65799;\n}\n<\/style>\n<section  class='av_textblock_section av-jj6e7six-8754182dffab446dd2e9156e3f7bacb2'   itemscope=\"itemscope\" itemtype=\"https:\/\/schema.org\/CreativeWork\" ><div class='avia_textblock av_inherit_color'  itemprop=\"text\" ><p><span style=\"color: #000000;\">Nous aimons parler de m\u00e9trologie. <strong>Parlez-nous de votre projet !\u00a0\u00a0<\/strong><\/span><\/p>\n<p><span style=\"color: #000000;\">Utilisez le formulaire ci-dessus ou les autres m\u00e9thodes de contact ci-dessous et nous vous fournirons une r\u00e9ponse rapide, pr\u00e9cise et personnelle.<\/span><\/p>\n<\/div><\/section><\/div>\n\n<style type=\"text\/css\" data-created_by=\"avia_inline_auto\" id=\"style-css-av-ap6xj-9ba245457ef11bbecfbe7409a1bc741c\">\n.flex_column.av-ap6xj-9ba245457ef11bbecfbe7409a1bc741c{\nborder-radius:0px 0px 0px 0px;\npadding:0px 0px 0px 0px;\n}\n<\/style>\n<div  class='flex_column av-ap6xj-9ba245457ef11bbecfbe7409a1bc741c av_one_fourth  avia-builder-el-5  el_after_av_two_third  el_before_av_one_third  flex_column_div av-zero-column-padding'     ><\/div>\n\n<style type=\"text\/css\" data-created_by=\"avia_inline_auto\" id=\"style-css-av-fwmm7-a8f7f3800029520ee95be87387b81b12\">\n.flex_column.av-fwmm7-a8f7f3800029520ee95be87387b81b12{\nborder-radius:0px 0px 0px 0px;\npadding:0px 0px 0px 0px;\n}\n<\/style>\n<div  class='flex_column av-fwmm7-a8f7f3800029520ee95be87387b81b12 av_one_third  avia-builder-el-6  el_after_av_one_fourth  el_before_av_one_third  first flex_column_div av-zero-column-padding  column-top-margin'     ><section  class='av_textblock_section av-jj6dz001-61443f7da6a9d96ff133712ef4ae0a49'   itemscope=\"itemscope\" itemtype=\"https:\/\/schema.org\/CreativeWork\" ><div class='avia_textblock'  itemprop=\"text\" ><p><strong>T\u00e9l\u00e9phone :<\/strong> (514) 694-4002<br \/>\n<strong>Fax :<\/strong> (514) 630-6420<\/p>\n<p><strong>Email for sales inquiries:<\/strong><br \/>\n  <a href=\"mailto:sales@novacam.com\" target=\"_blank\" rel=\"noopener\">sales@novacam.com<\/a><br \/>\n<strong>Email for general inquiries:<\/strong><br \/>\n  <a href=\"mailto:info@novacam.com\" target=\"_blank\" rel=\"noopener\">info@novacam.com<\/a><\/p>\n<\/div><\/section><\/div>\n<style type=\"text\/css\" data-created_by=\"avia_inline_auto\" id=\"style-css-av-aatyf-f8846bbda09fa4953ee6cfe09f03091f\">\n.flex_column.av-aatyf-f8846bbda09fa4953ee6cfe09f03091f{\nborder-radius:0px 0px 0px 0px;\npadding:0px 0px 0px 0px;\n}\n<\/style>\n<div  class='flex_column av-aatyf-f8846bbda09fa4953ee6cfe09f03091f av_one_third  avia-builder-el-8  el_after_av_one_third  el_before_av_one_fourth  flex_column_div av-zero-column-padding  column-top-margin'     ><section  class='av_textblock_section av-jj6dz001-1-9d102d3912afc3015cc956b5d763888f'   itemscope=\"itemscope\" itemtype=\"https:\/\/schema.org\/CreativeWork\" ><div class='avia_textblock'  itemprop=\"text\" ><p>Novacam Technologies Inc.<br \/>\n1755 St. Regis, Suite #130<br \/>\nDollard-des-Ormeaux, QC<br \/>\nH9B 2M9, CANADA<\/p>\n<\/div><\/section><\/div><\/p>\n\n<style type=\"text\/css\" data-created_by=\"avia_inline_auto\" id=\"style-css-av-ap6xj-2-1eeb86a7f5513e838955b7357f0cedb0\">\n.flex_column.av-ap6xj-2-1eeb86a7f5513e838955b7357f0cedb0{\nborder-radius:0px 0px 0px 0px;\npadding:0px 0px 0px 0px;\n}\n<\/style>\n<div  class='flex_column av-ap6xj-2-1eeb86a7f5513e838955b7357f0cedb0 av_one_fourth  avia-builder-el-10  el_after_av_one_third  el_before_av_codeblock  flex_column_div av-zero-column-padding  column-top-margin'     ><\/div>","protected":false},"excerpt":{"rendered":"","protected":false},"author":1,"featured_media":0,"parent":448,"menu_order":0,"comment_status":"closed","ping_status":"open","template":"","meta":{"_relevanssi_hide_post":"","_relevanssi_hide_content":"","_relevanssi_pin_for_all":"","_relevanssi_pin_keywords":"","_relevanssi_unpin_keywords":"","_relevanssi_related_keywords":"","_relevanssi_related_include_ids":"","_relevanssi_related_exclude_ids":"","_relevanssi_related_no_append":"","_relevanssi_related_not_related":"","_relevanssi_related_posts":"","_relevanssi_noindex_reason":"","footnotes":"","advanced-sidebar-menu\/link-title":"","advanced-sidebar-menu\/exclude-page":false},"class_list":["post-543","page","type-page","status-publish","hentry"],"yoast_head":"<!-- This site is optimized with the Yoast SEO plugin v27.4 - https:\/\/yoast.com\/product\/yoast-seo-wordpress\/ -->\n<title>Contact us - Novacam<\/title>\n<meta name=\"robots\" content=\"index, follow, max-snippet:-1, max-image-preview:large, max-video-preview:-1\" \/>\n<link rel=\"canonical\" href=\"https:\/\/www.novacam.com\/fr\/nous-contacter-2\/nous-contacter\/\" \/>\n<meta property=\"og:locale\" content=\"fr_CA\" \/>\n<meta property=\"og:type\" content=\"article\" \/>\n<meta property=\"og:title\" content=\"Contact us - Novacam\" \/>\n<meta property=\"og:url\" content=\"https:\/\/www.novacam.com\/fr\/nous-contacter-2\/nous-contacter\/\" \/>\n<meta property=\"og:site_name\" content=\"Novacam\" \/>\n<meta property=\"article:modified_time\" content=\"2026-01-12T20:19:59+00:00\" \/>\n<meta name=\"twitter:card\" content=\"summary_large_image\" \/>\n<meta name=\"twitter:label1\" content=\"Estimation du temps de lecture\" \/>\n\t<meta name=\"twitter:data1\" content=\"1 minute\" \/>\n<script type=\"application\/ld+json\" class=\"yoast-schema-graph\">{\"@context\":\"https:\\\/\\\/schema.org\",\"@graph\":[{\"@type\":\"WebPage\",\"@id\":\"https:\\\/\\\/www.novacam.com\\\/contact-us\\\/contact-us\\\/\",\"url\":\"https:\\\/\\\/www.novacam.com\\\/contact-us\\\/contact-us\\\/\",\"name\":\"Contact us - Novacam\",\"isPartOf\":{\"@id\":\"https:\\\/\\\/www.novacam.com\\\/#website\"},\"datePublished\":\"2011-04-03T10:03:42+00:00\",\"dateModified\":\"2026-01-12T20:19:59+00:00\",\"breadcrumb\":{\"@id\":\"https:\\\/\\\/www.novacam.com\\\/contact-us\\\/contact-us\\\/#breadcrumb\"},\"inLanguage\":\"fr-CA\",\"potentialAction\":[{\"@type\":\"ReadAction\",\"target\":[\"https:\\\/\\\/www.novacam.com\\\/contact-us\\\/contact-us\\\/\"]}]},{\"@type\":\"BreadcrumbList\",\"@id\":\"https:\\\/\\\/www.novacam.com\\\/contact-us\\\/contact-us\\\/#breadcrumb\",\"itemListElement\":[{\"@type\":\"ListItem\",\"position\":1,\"name\":\"Home\",\"item\":\"https:\\\/\\\/www.novacam.com\\\/\"},{\"@type\":\"ListItem\",\"position\":2,\"name\":\"Contact Us\",\"item\":\"https:\\\/\\\/www.novacam.com\\\/contact-us\\\/\"},{\"@type\":\"ListItem\",\"position\":3,\"name\":\"Contact us\"}]},{\"@type\":\"WebSite\",\"@id\":\"https:\\\/\\\/www.novacam.com\\\/#website\",\"url\":\"https:\\\/\\\/www.novacam.com\\\/\",\"name\":\"Novacam\",\"description\":\"High-precision non-contact 3D metrology\",\"potentialAction\":[{\"@type\":\"SearchAction\",\"target\":{\"@type\":\"EntryPoint\",\"urlTemplate\":\"https:\\\/\\\/www.novacam.com\\\/?s={search_term_string}\"},\"query-input\":{\"@type\":\"PropertyValueSpecification\",\"valueRequired\":true,\"valueName\":\"search_term_string\"}}],\"inLanguage\":\"fr-CA\"}]}<\/script>\n<!-- \/ Yoast SEO plugin. -->","yoast_head_json":{"title":"Contactez-nous - Novacam","robots":{"index":"index","follow":"follow","max-snippet":"max-snippet:-1","max-image-preview":"max-image-preview:large","max-video-preview":"max-video-preview:-1"},"canonical":"https:\/\/www.novacam.com\/fr\/nous-contacter-2\/nous-contacter\/","og_locale":"fr_CA","og_type":"article","og_title":"Contact us - Novacam","og_url":"https:\/\/www.novacam.com\/fr\/nous-contacter-2\/nous-contacter\/","og_site_name":"Novacam","article_modified_time":"2026-01-12T20:19:59+00:00","twitter_card":"summary_large_image","twitter_misc":{"Estimation du temps de lecture":"1 minute"},"schema":{"@context":"https:\/\/schema.org","@graph":[{"@type":"WebPage","@id":"https:\/\/www.novacam.com\/contact-us\/contact-us\/","url":"https:\/\/www.novacam.com\/contact-us\/contact-us\/","name":"Contactez-nous - Novacam","isPartOf":{"@id":"https:\/\/www.novacam.com\/#website"},"datePublished":"2011-04-03T10:03:42+00:00","dateModified":"2026-01-12T20:19:59+00:00","breadcrumb":{"@id":"https:\/\/www.novacam.com\/contact-us\/contact-us\/#breadcrumb"},"inLanguage":"fr-CA","potentialAction":[{"@type":"ReadAction","target":["https:\/\/www.novacam.com\/contact-us\/contact-us\/"]}]},{"@type":"BreadcrumbList","@id":"https:\/\/www.novacam.com\/contact-us\/contact-us\/#breadcrumb","itemListElement":[{"@type":"ListItem","position":1,"name":"Home","item":"https:\/\/www.novacam.com\/"},{"@type":"ListItem","position":2,"name":"Contact Us","item":"https:\/\/www.novacam.com\/contact-us\/"},{"@type":"ListItem","position":3,"name":"Contact us"}]},{"@type":"WebSite","@id":"https:\/\/www.novacam.com\/#website","url":"https:\/\/www.novacam.com\/","name":"Novacam","description":"M\u00e9trologie 3D sans contact de haute pr\u00e9cision","potentialAction":[{"@type":"SearchAction","target":{"@type":"EntryPoint","urlTemplate":"https:\/\/www.novacam.com\/?s={search_term_string}"},"query-input":{"@type":"PropertyValueSpecification","valueRequired":true,"valueName":"search_term_string"}}],"inLanguage":"fr-CA"}]}},"_links":{"self":[{"href":"https:\/\/www.novacam.com\/fr\/wp-json\/wp\/v2\/pages\/543","targetHints":{"allow":["GET"]}}],"collection":[{"href":"https:\/\/www.novacam.com\/fr\/wp-json\/wp\/v2\/pages"}],"about":[{"href":"https:\/\/www.novacam.com\/fr\/wp-json\/wp\/v2\/types\/page"}],"author":[{"embeddable":true,"href":"https:\/\/www.novacam.com\/fr\/wp-json\/wp\/v2\/users\/1"}],"replies":[{"embeddable":true,"href":"https:\/\/www.novacam.com\/fr\/wp-json\/wp\/v2\/comments?post=543"}],"version-history":[{"count":48,"href":"https:\/\/www.novacam.com\/fr\/wp-json\/wp\/v2\/pages\/543\/revisions"}],"predecessor-version":[{"id":55572,"href":"https:\/\/www.novacam.com\/fr\/wp-json\/wp\/v2\/pages\/543\/revisions\/55572"}],"up":[{"embeddable":true,"href":"https:\/\/www.novacam.com\/fr\/wp-json\/wp\/v2\/pages\/448"}],"wp:attachment":[{"href":"https:\/\/www.novacam.com\/fr\/wp-json\/wp\/v2\/media?parent=543"}],"curies":[{"name":"wp","href":"https:\/\/api.w.org\/{rel}","templated":true}]}}