{"id":492,"date":"2011-04-03T09:55:25","date_gmt":"2011-04-03T09:55:25","guid":{"rendered":"http:\/\/coherencetomography.com\/novacam.com\/?page_id=492"},"modified":"2021-04-09T13:41:48","modified_gmt":"2021-04-09T17:41:48","slug":"advantages","status":"publish","type":"page","link":"https:\/\/www.novacam.com\/fr\/technologie\/avantages\/","title":{"rendered":"Avantages"},"content":{"rendered":"<section  class='av_textblock_section av-jiewyzqw-b6d42cd24ffc2117d0d3e7c87c5068a5'   itemscope=\"itemscope\" itemtype=\"https:\/\/schema.org\/CreativeWork\" ><div class='avia_textblock'  itemprop=\"text\" ><h1>Avantages de NOVACAM<sup><small>TM<\/small><\/sup> technologie LCI \u00e0 base de fibres<\/h1>\n<\/div><\/section>\n\n<style type=\"text\/css\" data-created_by=\"avia_inline_auto\" id=\"style-css-av-h7z1w-912cf409b4de708ca0b2396cc1784bed\">\n.flex_column.av-h7z1w-912cf409b4de708ca0b2396cc1784bed{\nborder-radius:0px 0px 0px 0px;\npadding:0px 0px 0px 0px;\nbackground-color:#d7f4f4;\n}\n<\/style>\n<div  class='flex_column av-h7z1w-912cf409b4de708ca0b2396cc1784bed av_one_full  avia-builder-el-1  el_after_av_textblock  el_before_av_one_full  first flex_column_div av-zero-column-padding  column-top-margin'     ><section  class='av_textblock_section av-jisroekq-fdd1a0c3c99d3157ac3d2a9030506812'   itemscope=\"itemscope\" itemtype=\"https:\/\/schema.org\/CreativeWork\" ><div class='avia_textblock ncmiddle'  itemprop=\"text\" ><h2>Un design unique<\/h2>\n<\/div><\/section><\/div>\n\n<style type=\"text\/css\" data-created_by=\"avia_inline_auto\" id=\"style-css-av-6mfpo-d57337c282bd09a82749c02d0313fa5d\">\n.flex_column.av-6mfpo-d57337c282bd09a82749c02d0313fa5d{\nborder-radius:0px 0px 0px 0px;\npadding:0px 0px 0px 0px;\n}\n<\/style>\n<div  class='flex_column av-6mfpo-d57337c282bd09a82749c02d0313fa5d av_one_full  avia-builder-el-3  el_after_av_one_full  el_before_av_one_full  first flex_column_div av-zero-column-padding  column-top-margin'     ><section  class='av_textblock_section av-jiewyzqw-b6d42cd24ffc2117d0d3e7c87c5068a5'   itemscope=\"itemscope\" itemtype=\"https:\/\/schema.org\/CreativeWork\" ><div class='avia_textblock'  itemprop=\"text\" ><p>Les syst\u00e8mes de m\u00e9trologie 3D NOVACAM offrent de nombreux avantages \u00e0 nos clients gr\u00e2ce \u00e0 une combinaison unique :<\/p>\n<ul>\n<li><strong><a href=\"https:\/\/www.novacam.com\/fr\/technologie\/comment-fonctionne-le-lci\/\">Technologie d'interf\u00e9rom\u00e9trie \u00e0 faible coh\u00e9rence (LCI)<\/a><\/strong><\/li>\n<li><strong>Conception modulaire \u00e0 base de fibres, <\/strong>c'est-\u00e0-dire que la sonde optique qui scanne la partie mesur\u00e9e est reli\u00e9e au d\u00e9tecteur de traitement du signal (interf\u00e9rom\u00e8tre \u00e0 faible coh\u00e9rence) \u00e0 l'aide d'une fibre optique<\/li>\n<li><strong>Une s\u00e9lection de sondes optiques sans contact<\/strong> pour satisfaire la plupart des applications de m\u00e9trologie - sondes de balayage standard, de petit diam\u00e8tre (jusqu'\u00e0 0,5 mm de diam\u00e8tre), longues (jusqu'\u00e0 2 m), rotatives et galv\u00e9es (matricielles)<\/li>\n<\/ul>\n<\/div><\/section><\/div>\n<style type=\"text\/css\" data-created_by=\"avia_inline_auto\" id=\"style-css-av-7yt84-fe09421b871e28f1b792105ebab51287\">\n.flex_column.av-7yt84-fe09421b871e28f1b792105ebab51287{\nborder-radius:0px 0px 0px 0px;\npadding:0px 0px 0px 0px;\nbackground-color:#d7f4f4;\n}\n<\/style>\n<div  class='flex_column av-7yt84-fe09421b871e28f1b792105ebab51287 av_one_full  avia-builder-el-5  el_after_av_one_full  el_before_av_one_full  first flex_column_div av-zero-column-padding  column-top-margin'     ><section  class='av_textblock_section av-jisroekq-fdd1a0c3c99d3157ac3d2a9030506812'   itemscope=\"itemscope\" itemtype=\"https:\/\/schema.org\/CreativeWork\" ><div class='avia_textblock ncmiddle'  itemprop=\"text\" ><h2>Avantages<\/h2>\n<\/div><\/section><\/div><\/p>\n\n<style type=\"text\/css\" data-created_by=\"avia_inline_auto\" id=\"style-css-av-6mfpo-d57337c282bd09a82749c02d0313fa5d\">\n.flex_column.av-6mfpo-d57337c282bd09a82749c02d0313fa5d{\nborder-radius:0px 0px 0px 0px;\npadding:0px 0px 0px 0px;\n}\n<\/style>\n<div  class='flex_column av-6mfpo-d57337c282bd09a82749c02d0313fa5d av_one_full  avia-builder-el-7  el_after_av_one_full  el_before_av_one_full  first flex_column_div av-zero-column-padding  column-top-margin'     ><section  class='av_textblock_section av-jiewyzqw-b6d42cd24ffc2117d0d3e7c87c5068a5'   itemscope=\"itemscope\" itemtype=\"https:\/\/schema.org\/CreativeWork\" ><div class='avia_textblock'  itemprop=\"text\" ><p>Les avantages des syst\u00e8mes de m\u00e9trologie 3D de NOVACAM sont les suivants :<\/p>\n<ul>\n<li><strong>Pr\u00e9cision de la mesure au micron\u00a0<\/strong><\/li>\n<li><strong>Mesures sans contact<\/strong> - les sondes optiques mesurent sans affecter les surfaces mesur\u00e9es comme le ferait une sonde de contact<\/li>\n<li><strong>Vitesses de balayage tr\u00e8s \u00e9lev\u00e9es - <\/strong>jusqu'\u00e0 100 000 mesures de points 3D par seconde<\/li>\n<li><strong>Capacit\u00e9 - avec le m\u00eame syst\u00e8me - de mesurer\u00a0<\/strong>\n<ul>\n<li><strong>G\u00e9om\u00e9trie 3D\u00a0<\/strong>(param\u00e8tres GD&amp;T),<\/li>\n<li><strong>l'\u00e9paisseur,<\/strong><\/li>\n<li><strong>rugosit\u00e9<\/strong>,<\/li>\n<li><strong>bavardage<\/strong>et\/ou<\/li>\n<li><strong>d\u00e9fauts<\/strong><\/li>\n<\/ul>\n<\/li>\n<li><strong>Capacit\u00e9 de mesure\u00a0<a href=\"https:\/\/www.novacam.com\/fr\/applications\/les-espaces-difficiles-dacces\/\">les surfaces difficiles \u00e0 atteindre<\/a><\/strong>comme l'int\u00e9rieur des <a href=\"https:\/\/www.novacam.com\/fr\/applications\/mesure-de-lidentification-et-du-diametre-du-tube\/\">tubes de petit diam\u00e8tre <\/a>et <a href=\"https:\/\/www.novacam.com\/fr\/applications\/mesure-du-trou-de-forage\/\">trous de forage<\/a>avec des sondes fines qui peuvent p\u00e9n\u00e9trer \u00e0 l'int\u00e9rieur de ces espaces<\/li>\n<li><strong>Capacit\u00e9 de mesure\u00a0<a href=\"https:\/\/www.novacam.com\/fr\/applications\/surfaces-a-haut-rapport-daspect\/\">les surfaces pr\u00e9sentant des caract\u00e9ristiques \u00e0 rapport d'aspect \u00e9lev\u00e9<\/a><\/strong>tels que des marches, des rainures, <a href=\"https:\/\/www.novacam.com\/fr\/applications\/metrologie-de-ledm-et-de-lusinage-au-laser\/\">Fentes EDM<\/a>Nous utilisons le balayage colin\u00e9aire, c'est-\u00e0-dire que les signaux lumineux \u00e9mis et r\u00e9fl\u00e9chis se d\u00e9placent le long du m\u00eame axe. Nous utilisons le balayage colin\u00e9aire, c'est-\u00e0-dire que les signaux lumineux \u00e9mis et r\u00e9fl\u00e9chis se d\u00e9placent le long du m\u00eame axe, ce qui permet de mesurer des caract\u00e9ristiques \u00e0 rapport d'aspect \u00e9lev\u00e9 que les technologies reposant sur la triangulation ne peuvent pas atteindre.<\/li>\n<li><strong>Capacit\u00e9 \u00e0 acqu\u00e9rir des profils longs.<\/strong>\u00a0Les sondes acqui\u00e8rent des donn\u00e9es 3D un point \u00e0 la fois, \u00e0 des vitesses de balayage \u00e9lev\u00e9es (voir ci-dessus). Ils peuvent ainsi mesurer en continu le mat\u00e9riau sur les bandes de la cha\u00eene de production. En r\u00e8gle g\u00e9n\u00e9rale, il n'est pas n\u00e9cessaire de proc\u00e9der \u00e0 un tuilage de la surface, ce qui prend du temps.<\/li>\n<li><strong>Capacit\u00e9 \u00e0 travailler dans\u00a0<a href=\"https:\/\/www.novacam.com\/fr\/applications\/environnements-hostiles\/\">environnements hostiles<\/a><\/strong>: Les sondes peuvent effectuer des mesures dans des environnements radioactifs, cryog\u00e9niques ou tr\u00e8s chauds, dans des chambres \u00e0 vide ou d'\u00e9vaporation, \u00e0 travers des fen\u00eatres en verre ou en saphir, \u00e0 une distance de s\u00e9curit\u00e9 allant jusqu'\u00e0 1 m, et dans l'eau.<\/li>\n<li><strong>Soutien \u00e0 l'automatisation et au d\u00e9ploiement en cours de processus.\u00a0 <\/strong>La conception modulaire du syst\u00e8me, bas\u00e9e sur la fibre, pr\u00e9sente de nombreux avantages : tandis que les sondes bas\u00e9es sur la fibre (mont\u00e9es sur des dispositifs en ligne ou sur des bancs) fonctionnent \u00e0 proximit\u00e9 de la surface mesur\u00e9e, les signaux optiques voyagent vers\/depuis l'interf\u00e9rom\u00e8tre du syst\u00e8me par l'interm\u00e9diaire d'une fibre optique.  Ainsi, les sondes s'int\u00e8grent facilement aux robots ainsi qu'\u00e0 tout m\u00e9canisme de mouvement en ligne ou d'\u00e9tabli sp\u00e9cifique \u00e0 l'application.  Une distance d'\u00e9loignement (de la pointe de la sonde \u00e0 la surface de l'\u00e9chantillon) allant jusqu'\u00e0 1 m est \u00e9galement possible. Des recettes de mesure pour diff\u00e9rents types de composants peuvent \u00eatre facilement d\u00e9finies, puis rappel\u00e9es en appuyant sur un bouton ou s\u00e9lectionn\u00e9es \u00e0 partir d'une liste.<\/li>\n<li><strong>Connaissance de la distance absolue<\/strong>\u00a0de la surface de l'\u00e9chantillon lorsque l'instrument est allum\u00e9 (sans comptage des franges)<\/li>\n<li><strong>R\u00e9sistance aux perturbations de l'air, \u00e0 l'\u00e9clairage ambiant et \u00e0 la coupure du faisceau<\/strong><\/li>\n<li><strong>Possibilit\u00e9 de multiplexer plusieurs sondes\/scanners sur le m\u00eame interf\u00e9rom\u00e8tre<\/strong>Cette capacit\u00e9 permet de scanner une vari\u00e9t\u00e9 de pi\u00e8ces avec diff\u00e9rents types de sondes avec l'achat d'un seul interf\u00e9rom\u00e8tre.  Cette capacit\u00e9 constitue un retour sur investissement suppl\u00e9mentaire pour bon nombre de nos clients.<\/li>\n<li><strong>Economies op\u00e9rationnelles gr\u00e2ce \u00e0 l'absence de consommables<\/strong> - les sondes sans contact ne s'usent pas<\/li>\n<li><strong>Capacit\u00e9 \u00e0 mesurer une large gamme de mat\u00e9riaux : m\u00e9tal, plastiques, polym\u00e8res, verre, rev\u00eatements m\u00e9talliques, silicone, adh\u00e9sifs ; r\u00e9fl\u00e9chissants, transparents, semi-transparents, sp\u00e9culaires, non sp\u00e9culaires. <\/strong>Les surfaces ternes ou brillantes peuvent \u00eatre mesur\u00e9es ind\u00e9pendamment de la couleur ou du mat\u00e9riau. Aucun rev\u00eatement en poudre n'est n\u00e9cessaire pour obtenir des donn\u00e9es de num\u00e9risation fiables.<\/li>\n<li><strong>Option de sondes fabriqu\u00e9es sur mesure avec un faisceau lumineux inclin\u00e9<\/strong>qui mesurent les <a href=\"https:\/\/www.novacam.com\/fr\/2019\/03\/15\/comment-mesurer-les-angles-des-trous-borgnes-les-contre-depouilles-et-les-rainures-des-joints-toriques\/\">les contre-d\u00e9pouilles, les coins de trous borgnes, les parois de rainures de joints toriques, etc.<\/a><\/li>\n<li><strong>Les syst\u00e8mes de m\u00e9trologie 3D NOVACAM sont plus que de simples capteurs<\/strong>Il s'agit g\u00e9n\u00e9ralement de solutions cl\u00e9s en main dans lesquelles le capteur est int\u00e9gr\u00e9 aux axes de mouvement.<\/li>\n<\/ul>\n<\/div><\/section><\/div>\n<style type=\"text\/css\" data-created_by=\"avia_inline_auto\" id=\"style-css-av-fwyxf-d0f77978b5dff1d1367f98950eefe160\">\n.flex_column.av-fwyxf-d0f77978b5dff1d1367f98950eefe160{\nborder-radius:0px 0px 0px 0px;\npadding:0px 0px 0px 0px;\n}\n<\/style>\n<div  class='flex_column av-fwyxf-d0f77978b5dff1d1367f98950eefe160 av_one_full  avia-builder-el-9  el_after_av_one_full  el_before_av_one_third  first flex_column_div av-zero-column-padding  column-top-margin'     ><style type=\"text\/css\" data-created_by=\"avia_inline_auto\" id=\"style-css-av-jhc3ylfa-e69f3d2ea4f1ca45379132611fcff224\">\n#top .av-special-heading.av-jhc3ylfa-e69f3d2ea4f1ca45379132611fcff224{\npadding-bottom:10px;\n}\nbody .av-special-heading.av-jhc3ylfa-e69f3d2ea4f1ca45379132611fcff224 .av-special-heading-tag .heading-char{\nfont-size:25px;\n}\n.av-special-heading.av-jhc3ylfa-e69f3d2ea4f1ca45379132611fcff224 .av-subheading{\nfont-size:15px;\n}\n<\/style>\n<div  class='av-special-heading av-jhc3ylfa-e69f3d2ea4f1ca45379132611fcff224 av-special-heading-h3  avia-builder-el-10  avia-builder-el-no-sibling'><h3 class='av-special-heading-tag'  itemprop=\"headline\"  >Liens connexes<\/h3><div class=\"special-heading-border\"><div class=\"special-heading-inner-border\"><\/div><\/div><\/div><\/div><\/p>\n\n<style type=\"text\/css\" data-created_by=\"avia_inline_auto\" id=\"style-css-av-tix1n-03fbeadfae75efb106c9dae7b5f0320c\">\n.flex_column.av-tix1n-03fbeadfae75efb106c9dae7b5f0320c{\nborder-radius:0px 0px 0px 0px;\npadding:0px 0px 0px 0px;\n}\n<\/style>\n<div  class='flex_column av-tix1n-03fbeadfae75efb106c9dae7b5f0320c av_one_third  avia-builder-el-11  el_after_av_one_full  el_before_av_one_third  first flex_column_div av-zero-column-padding  column-top-margin'     ><section  class='av_textblock_section av-24dm3-ba103b6d78fffee9b20fa453d4e54625'   itemscope=\"itemscope\" itemtype=\"https:\/\/schema.org\/CreativeWork\" ><div class='avia_textblock'  itemprop=\"text\" >\n<style type=\"text\/css\" data-created_by=\"avia_inline_auto\" id=\"style-css-av-cn0sb-06317cc36f0cbcb81254298732237865\">\n.av_font_icon.av-cn0sb-06317cc36f0cbcb81254298732237865 .av-icon-char{\nfont-size:20px;\nline-height:20px;\n}\n<\/style>\n<span  class='av_font_icon av-cn0sb-06317cc36f0cbcb81254298732237865 avia_animate_when_visible av-icon-style- avia-icon-pos-left avia-iconfont avia-font-entypo-fontello av-no-color avia-icon-animate'><span class='av-icon-char' data-av_icon='\ue81e' data-av_iconfont='entypo-fontello' aria-hidden=\"true\" ><\/span><\/span>\n<p>En savoir plus :<\/p>\n<ul>\n<li><a href=\"https:\/\/www.novacam.com\/fr\/technologie\/what-we-measure\/\">Fonctionnement de l'interf\u00e9rom\u00e9trie \u00e0 faible coh\u00e9rence (IFC)<\/a><\/li>\n<li><a href=\"https:\/\/www.novacam.com\/fr\/technologie\/what-we-measure\/\">Tout ce que nous pouvons mesurer<\/a>\u00a0avec la technologie LCI<\/li>\n<\/ul>\n<\/div><\/section><\/div>\n\n<style type=\"text\/css\" data-created_by=\"avia_inline_auto\" id=\"style-css-av-tix1n-530b10d03969bfeb80ab87309988dedf\">\n.flex_column.av-tix1n-530b10d03969bfeb80ab87309988dedf{\nborder-radius:0px 0px 0px 0px;\npadding:0px 0px 0px 0px;\n}\n<\/style>\n<div  class='flex_column av-tix1n-530b10d03969bfeb80ab87309988dedf av_one_third  avia-builder-el-14  el_after_av_one_third  el_before_av_one_third  flex_column_div av-zero-column-padding  column-top-margin'     ><section  class='av_textblock_section av-24dm3-a3b9ceb628b014aead43fab5d2a507b7'   itemscope=\"itemscope\" itemtype=\"https:\/\/schema.org\/CreativeWork\" ><div class='avia_textblock'  itemprop=\"text\" ><p><a href=\"https:\/\/www.novacam.com\/fr\/products\/\">\n<style type=\"text\/css\" data-created_by=\"avia_inline_auto\" id=\"style-css-av-waioz-15129e036111ecc60b49fc74d64c8916\">\n.av_font_icon.av-waioz-15129e036111ecc60b49fc74d64c8916 .av-icon-char{\nfont-size:30px;\nline-height:30px;\n}\n<\/style>\n<span  class='av_font_icon av-waioz-15129e036111ecc60b49fc74d64c8916 avia_animate_when_visible av-icon-style- avia-icon-pos-left avia-iconfont avia-font-entypo-fontello av-no-color avia-icon-animate'><span class='av-icon-char' data-av_icon='\ue826' data-av_iconfont='entypo-fontello' aria-hidden=\"true\" ><\/span><\/span> Voir les syst\u00e8mes de m\u00e9trologie 3D NOVACAM<\/a>\u00a0sur la base de l'ICM<\/p>\n<\/div><\/section><\/div>\n<style type=\"text\/css\" data-created_by=\"avia_inline_auto\" id=\"style-css-av-tix1n-530b10d03969bfeb80ab87309988dedf\">\n.flex_column.av-tix1n-530b10d03969bfeb80ab87309988dedf{\nborder-radius:0px 0px 0px 0px;\npadding:0px 0px 0px 0px;\n}\n<\/style>\n<div  class='flex_column av-tix1n-530b10d03969bfeb80ab87309988dedf av_one_third  avia-builder-el-17  el_after_av_one_third  avia-builder-el-last  flex_column_div av-zero-column-padding  column-top-margin'     ><section  class='av_textblock_section av-24dm3-a3b9ceb628b014aead43fab5d2a507b7'   itemscope=\"itemscope\" itemtype=\"https:\/\/schema.org\/CreativeWork\" ><div class='avia_textblock'  itemprop=\"text\" ><p><a href=\"https:\/\/www.novacam.com\/fr\/nous-contacter-2\/nous-contacter\/\">\n<style type=\"text\/css\" data-created_by=\"avia_inline_auto\" id=\"style-css-av-1v8pg3-48925116ff62d88059331475f774c943\">\n.av_font_icon.av-1v8pg3-48925116ff62d88059331475f774c943 .av-icon-char{\nfont-size:30px;\nline-height:30px;\n}\n<\/style>\n<span  class='av_font_icon av-1v8pg3-48925116ff62d88059331475f774c943 avia_animate_when_visible av-icon-style- avia-icon-pos-left avia-iconfont avia-font-entypo-fontello av-no-color avia-icon-animate'><span class='av-icon-char' data-av_icon='\ue80b' data-av_iconfont='entypo-fontello' aria-hidden=\"true\" ><\/span><\/span><\/a>\u00a0<a href=\"https:\/\/www.novacam.com\/fr\/nous-contacter-2\/nous-contacter\/\">Contactez nous<\/a>\u00a0ou <a href=\"https:\/\/www.novacam.com\/fr\/nous-contacter-2\/demander-un-echantillon-danalyse\/\">demander une analyse d'\u00e9chantillon gratuite<\/a> pour savoir si nos syst\u00e8mes de m\u00e9trologie 3D conviennent \u00e0 votre application<\/p>\n<\/div><\/section><\/div><\/p>","protected":false},"excerpt":{"rendered":"","protected":false},"author":1,"featured_media":0,"parent":435,"menu_order":4,"comment_status":"closed","ping_status":"open","template":"","meta":{"_relevanssi_hide_post":"","_relevanssi_hide_content":"","_relevanssi_pin_for_all":"","_relevanssi_pin_keywords":"","_relevanssi_unpin_keywords":"","_relevanssi_related_keywords":"","_relevanssi_related_include_ids":"","_relevanssi_related_exclude_ids":"","_relevanssi_related_no_append":"","_relevanssi_related_not_related":"","_relevanssi_related_posts":"","_relevanssi_noindex_reason":"","footnotes":"","advanced-sidebar-menu\/link-title":"","advanced-sidebar-menu\/exclude-page":false},"class_list":["post-492","page","type-page","status-publish","hentry"],"yoast_head":"<!-- This site is optimized with the Yoast SEO plugin v27.4 - https:\/\/yoast.com\/product\/yoast-seo-wordpress\/ -->\n<title>Advantages of Novacam\u2019s Fiber-Based LCI Technology - Novacam<\/title>\n<meta name=\"robots\" content=\"index, follow, max-snippet:-1, max-image-preview:large, max-video-preview:-1\" \/>\n<link rel=\"canonical\" href=\"https:\/\/www.novacam.com\/fr\/technologie\/avantages\/\" \/>\n<meta property=\"og:locale\" content=\"fr_CA\" \/>\n<meta property=\"og:type\" content=\"article\" \/>\n<meta property=\"og:title\" content=\"Advantages of Novacam\u2019s Fiber-Based LCI Technology - Novacam\" \/>\n<meta property=\"og:url\" content=\"https:\/\/www.novacam.com\/fr\/technologie\/avantages\/\" \/>\n<meta property=\"og:site_name\" content=\"Novacam\" \/>\n<meta property=\"article:modified_time\" content=\"2021-04-09T17:41:48+00:00\" \/>\n<meta name=\"twitter:card\" content=\"summary_large_image\" \/>\n<meta name=\"twitter:label1\" content=\"Estimation du temps de lecture\" \/>\n\t<meta name=\"twitter:data1\" content=\"8 minutes\" \/>\n<script type=\"application\/ld+json\" class=\"yoast-schema-graph\">{\"@context\":\"https:\\\/\\\/schema.org\",\"@graph\":[{\"@type\":\"WebPage\",\"@id\":\"https:\\\/\\\/www.novacam.com\\\/technology\\\/advantages\\\/\",\"url\":\"https:\\\/\\\/www.novacam.com\\\/technology\\\/advantages\\\/\",\"name\":\"Advantages of Novacam\u2019s Fiber-Based LCI Technology - Novacam\",\"isPartOf\":{\"@id\":\"https:\\\/\\\/www.novacam.com\\\/#website\"},\"datePublished\":\"2011-04-03T09:55:25+00:00\",\"dateModified\":\"2021-04-09T17:41:48+00:00\",\"breadcrumb\":{\"@id\":\"https:\\\/\\\/www.novacam.com\\\/technology\\\/advantages\\\/#breadcrumb\"},\"inLanguage\":\"fr-CA\",\"potentialAction\":[{\"@type\":\"ReadAction\",\"target\":[\"https:\\\/\\\/www.novacam.com\\\/technology\\\/advantages\\\/\"]}]},{\"@type\":\"BreadcrumbList\",\"@id\":\"https:\\\/\\\/www.novacam.com\\\/technology\\\/advantages\\\/#breadcrumb\",\"itemListElement\":[{\"@type\":\"ListItem\",\"position\":1,\"name\":\"Home\",\"item\":\"https:\\\/\\\/www.novacam.com\\\/\"},{\"@type\":\"ListItem\",\"position\":2,\"name\":\"Technology\",\"item\":\"https:\\\/\\\/www.novacam.com\\\/technology\\\/\"},{\"@type\":\"ListItem\",\"position\":3,\"name\":\"Advantages\"}]},{\"@type\":\"WebSite\",\"@id\":\"https:\\\/\\\/www.novacam.com\\\/#website\",\"url\":\"https:\\\/\\\/www.novacam.com\\\/\",\"name\":\"Novacam\",\"description\":\"High-precision non-contact 3D metrology\",\"potentialAction\":[{\"@type\":\"SearchAction\",\"target\":{\"@type\":\"EntryPoint\",\"urlTemplate\":\"https:\\\/\\\/www.novacam.com\\\/?s={search_term_string}\"},\"query-input\":{\"@type\":\"PropertyValueSpecification\",\"valueRequired\":true,\"valueName\":\"search_term_string\"}}],\"inLanguage\":\"fr-CA\"}]}<\/script>\n<!-- \/ Yoast SEO plugin. -->","yoast_head_json":{"title":"Avantages de la technologie LCI \u00e0 base de fibres de Novacam - Novacam","robots":{"index":"index","follow":"follow","max-snippet":"max-snippet:-1","max-image-preview":"max-image-preview:large","max-video-preview":"max-video-preview:-1"},"canonical":"https:\/\/www.novacam.com\/fr\/technologie\/avantages\/","og_locale":"fr_CA","og_type":"article","og_title":"Advantages of Novacam\u2019s Fiber-Based LCI Technology - Novacam","og_url":"https:\/\/www.novacam.com\/fr\/technologie\/avantages\/","og_site_name":"Novacam","article_modified_time":"2021-04-09T17:41:48+00:00","twitter_card":"summary_large_image","twitter_misc":{"Estimation du temps de lecture":"8 minutes"},"schema":{"@context":"https:\/\/schema.org","@graph":[{"@type":"WebPage","@id":"https:\/\/www.novacam.com\/technology\/advantages\/","url":"https:\/\/www.novacam.com\/technology\/advantages\/","name":"Avantages de la technologie LCI \u00e0 base de fibres de Novacam - Novacam","isPartOf":{"@id":"https:\/\/www.novacam.com\/#website"},"datePublished":"2011-04-03T09:55:25+00:00","dateModified":"2021-04-09T17:41:48+00:00","breadcrumb":{"@id":"https:\/\/www.novacam.com\/technology\/advantages\/#breadcrumb"},"inLanguage":"fr-CA","potentialAction":[{"@type":"ReadAction","target":["https:\/\/www.novacam.com\/technology\/advantages\/"]}]},{"@type":"BreadcrumbList","@id":"https:\/\/www.novacam.com\/technology\/advantages\/#breadcrumb","itemListElement":[{"@type":"ListItem","position":1,"name":"Home","item":"https:\/\/www.novacam.com\/"},{"@type":"ListItem","position":2,"name":"Technology","item":"https:\/\/www.novacam.com\/technology\/"},{"@type":"ListItem","position":3,"name":"Advantages"}]},{"@type":"WebSite","@id":"https:\/\/www.novacam.com\/#website","url":"https:\/\/www.novacam.com\/","name":"Novacam","description":"M\u00e9trologie 3D sans contact de haute pr\u00e9cision","potentialAction":[{"@type":"SearchAction","target":{"@type":"EntryPoint","urlTemplate":"https:\/\/www.novacam.com\/?s={search_term_string}"},"query-input":{"@type":"PropertyValueSpecification","valueRequired":true,"valueName":"search_term_string"}}],"inLanguage":"fr-CA"}]}},"_links":{"self":[{"href":"https:\/\/www.novacam.com\/fr\/wp-json\/wp\/v2\/pages\/492","targetHints":{"allow":["GET"]}}],"collection":[{"href":"https:\/\/www.novacam.com\/fr\/wp-json\/wp\/v2\/pages"}],"about":[{"href":"https:\/\/www.novacam.com\/fr\/wp-json\/wp\/v2\/types\/page"}],"author":[{"embeddable":true,"href":"https:\/\/www.novacam.com\/fr\/wp-json\/wp\/v2\/users\/1"}],"replies":[{"embeddable":true,"href":"https:\/\/www.novacam.com\/fr\/wp-json\/wp\/v2\/comments?post=492"}],"version-history":[{"count":37,"href":"https:\/\/www.novacam.com\/fr\/wp-json\/wp\/v2\/pages\/492\/revisions"}],"predecessor-version":[{"id":42956,"href":"https:\/\/www.novacam.com\/fr\/wp-json\/wp\/v2\/pages\/492\/revisions\/42956"}],"up":[{"embeddable":true,"href":"https:\/\/www.novacam.com\/fr\/wp-json\/wp\/v2\/pages\/435"}],"wp:attachment":[{"href":"https:\/\/www.novacam.com\/fr\/wp-json\/wp\/v2\/media?parent=492"}],"curies":[{"name":"wp","href":"https:\/\/api.w.org\/{rel}","templated":true}]}}