{"id":490,"date":"2011-04-03T09:55:11","date_gmt":"2011-04-03T09:55:11","guid":{"rendered":"http:\/\/coherencetomography.com\/novacam.com\/?page_id=490"},"modified":"2021-03-10T17:50:29","modified_gmt":"2021-03-10T21:50:29","slug":"what-we-measure","status":"publish","type":"page","link":"https:\/\/www.novacam.com\/fr\/technologie\/what-we-measure\/","title":{"rendered":"Ce que nous mesurons"},"content":{"rendered":"<section  class='av_textblock_section av-22wvki-01ef982f64070d1974f15797ea3a4afe'   itemscope=\"itemscope\" itemtype=\"https:\/\/schema.org\/CreativeWork\" ><div class='avia_textblock'  itemprop=\"text\" ><h1>What we measure&#8230;and the data we obtain<\/h1>\n<\/div><\/section>\n\n<style type=\"text\/css\" data-created_by=\"avia_inline_auto\" id=\"style-css-av-1z67kq-4f0a2a0cecf8aa8662155b5ad41a2cdd\">\n.flex_column.av-1z67kq-4f0a2a0cecf8aa8662155b5ad41a2cdd{\nborder-radius:0px 0px 0px 0px;\npadding:0px 0px 0px 0px;\nbackground-color:#d7f4f4;\n}\n<\/style>\n<div  class='flex_column av-1z67kq-4f0a2a0cecf8aa8662155b5ad41a2cdd av_one_full  avia-builder-el-1  el_after_av_textblock  el_before_av_one_full  first flex_column_div av-zero-column-padding  column-top-margin'     ><section  class='av_textblock_section av-1rwwxu-f81077fb62c48388c8ff1cfa8ab3b8b5'   itemscope=\"itemscope\" itemtype=\"https:\/\/schema.org\/CreativeWork\" ><div class='avia_textblock ncmiddle'  itemprop=\"text\" ><h2>Types of objects, surfaces and materials<\/h2>\n<\/div><\/section><\/div>\n\n<style type=\"text\/css\" data-created_by=\"avia_inline_auto\" id=\"style-css-av-n0l2y-f5d9db2644ba6b8440d03389a28e13b9\">\n.flex_column.av-n0l2y-f5d9db2644ba6b8440d03389a28e13b9{\nborder-radius:0px 0px 0px 0px;\npadding:0px 0px 0px 0px;\n}\n<\/style>\n<div  class='flex_column av-n0l2y-f5d9db2644ba6b8440d03389a28e13b9 av_one_full  avia-builder-el-3  el_after_av_one_full  el_before_av_one_full  first flex_column_div av-zero-column-padding  column-top-margin'     ><section  class='av_textblock_section av-1lduqy-aa61c0170db57fe5d5bf4bceac485c0b'   itemscope=\"itemscope\" itemtype=\"https:\/\/schema.org\/CreativeWork\" ><div class='avia_textblock'  itemprop=\"text\" ><p>Based on <a href=\"https:\/\/www.novacam.com\/fr\/technologie\/comment-fonctionne-le-lci\/\">technologie d'interf\u00e9rom\u00e9trie \u00e0 faible coh\u00e9rence (LCI)<\/a>, NOVACAM<sup><small>TM<\/small><\/sup> 3D metrology systems measure a wide range of materials and parts, including industrial components and materials, films and coatings, and biological tissues.<\/p>\n<ul>\n<li><strong>industrial materials:<\/strong> plastics, polymers, glass, metals, silicone, adhesives, specular or non-specular, reflective, non reflective, turbid, semi-transparent or transparent<\/li>\n<li><strong>material transparency:<\/strong>\u00a0 For thickness or cross-sectional measurements, the maximum depth of light penetration depends on the material index of refraction. Most materials are somewhat transparent. Thickness of completely non-transparent films can be addressed by combining <a href=\"https:\/\/www.novacam.com\/fr\/applications\/non-transparent\/\">low-coherence interferometry with LIBS technology<\/a>.<\/li>\n<li><strong>sample sizes:<\/strong> objects from several microns wide.\u00a0 No upper limit.<\/li>\n<li><strong>range of surface shapes:<\/strong> rough, smooth, interiors of bores and small-diameter tubes, exteriors of cylinders, concave or convex spherical shapes, filaments, thin tubing<\/li>\n<li><strong>static or moving surfaces:<\/strong> rotating or spinning objects, web inspection, in-tray inspection<\/li>\n<li><strong>material states:<\/strong> solid, liquid<\/li>\n<li><strong>sample temperature:<\/strong> from cryogenic to very hot<\/li>\n<\/ul>\n<\/div><\/section><\/div>\n<style type=\"text\/css\" data-created_by=\"avia_inline_auto\" id=\"style-css-av-1ghy6q-144898ff80da39eeb3a0d693e74ee153\">\n.flex_column.av-1ghy6q-144898ff80da39eeb3a0d693e74ee153{\nborder-radius:0px 0px 0px 0px;\npadding:0px 0px 0px 0px;\nbackground-color:#d7f4f4;\n}\n<\/style>\n<div  class='flex_column av-1ghy6q-144898ff80da39eeb3a0d693e74ee153 av_one_full  avia-builder-el-5  el_after_av_one_full  el_before_av_one_full  ncmiddle first flex_column_div av-zero-column-padding  column-top-margin'     ><section  class='av_textblock_section av-19wtx6-d04b5e54516cf36979da0359f74e8058'   itemscope=\"itemscope\" itemtype=\"https:\/\/schema.org\/CreativeWork\" ><div class='avia_textblock ncmiddle'  itemprop=\"text\" ><h2>High-precision measurements obtained<\/h2>\n<\/div><\/section><\/div><\/p>\n\n<style type=\"text\/css\" data-created_by=\"avia_inline_auto\" id=\"style-css-av-fhile-28f25f564b75b8b9dffbc36684b8ebef\">\n.flex_column.av-fhile-28f25f564b75b8b9dffbc36684b8ebef{\nborder-radius:0px 0px 0px 0px;\npadding:0px 0px 0px 0px;\n}\n<\/style>\n<div  class='flex_column av-fhile-28f25f564b75b8b9dffbc36684b8ebef av_one_full  avia-builder-el-7  el_after_av_one_full  el_before_av_one_full  first flex_column_div av-zero-column-padding  column-top-margin'     ><section  class='av_textblock_section av-15aj1e-4d3f983e52a9fc857ae9bde6106ee8e5'   itemscope=\"itemscope\" itemtype=\"https:\/\/schema.org\/CreativeWork\" ><div class='avia_textblock'  itemprop=\"text\" ><p><span style=\"color: #ff0000;\"><a href=\"https:\/\/www.novacam.com\/fr\/products\/\">NOVACAM LCI-based metrology systems<\/a>\u00a0<\/span>are able to acquire the following measurements, depending on their configuration:<\/p>\n<ul>\n<li><strong>3D surface coordinates: <\/strong>lateral resolution &lt; 5-75 \u00b5m, axial resolution &lt; 0.5 \u00b5m<\/li>\n<li><strong>Geometric dimensioning and tolerancing (GD&amp;T) parameters<\/strong><\/li>\n<li><strong>3D surface characteristics:<\/strong> including shape,\u00a0<a href=\"https:\/\/www.novacam.com\/fr\/applications\/rugosite\/\">rugosit\u00e9<\/a>et <a href=\"https:\/\/www.novacam.com\/fr\/applications\/volume-loss\/\">volume loss<\/a><\/li>\n<li><strong>material thickness:<\/strong> <a href=\"https:\/\/www.novacam.com\/fr\/applications\/lepaisseur\/\">thickness of single or multilayer films<\/a><\/li>\n<li><strong>long profiles<\/strong><\/li>\n<li><strong>index of refraction<\/strong><\/li>\n<li><strong>vibration measurements:<\/strong> vibration frequency and intensity, shaft eccentricity<\/li>\n<\/ul>\n<p>Note that while the NOVACAM LCI-based metrology systems are able to acquire 3D geometry (GD&amp;T), roughness, thickness, and defects, specific client applications typically require the system to be optimized for one or two of these functions.<\/p>\n<\/div><\/section><\/div>\n\n<style type=\"text\/css\" data-created_by=\"avia_inline_auto\" id=\"style-css-av-wpo7m-b28a8424a95bc9c1d7b9bcc71116d6af\">\n.flex_column.av-wpo7m-b28a8424a95bc9c1d7b9bcc71116d6af{\nborder-radius:0px 0px 0px 0px;\npadding:0px 0px 0px 0px;\nbackground-color:#d7f4f4;\n}\n<\/style>\n<div  class='flex_column av-wpo7m-b28a8424a95bc9c1d7b9bcc71116d6af av_one_full  avia-builder-el-9  el_after_av_one_full  el_before_av_one_full  first flex_column_div av-zero-column-padding  column-top-margin'     ><section  class='av_textblock_section av-ri5fu-9601466f2426912281240b42b72c9f2f'   itemscope=\"itemscope\" itemtype=\"https:\/\/schema.org\/CreativeWork\" ><div class='avia_textblock ncmiddle'  itemprop=\"text\" ><h2>Analysis and visualization options<\/h2>\n<\/div><\/section><\/div>\n\n<style type=\"text\/css\" data-created_by=\"avia_inline_auto\" id=\"style-css-av-8b9iy-1b7cae3b1b2cbf81d5f926ade846ed11\">\n.flex_column.av-8b9iy-1b7cae3b1b2cbf81d5f926ade846ed11{\nborder-radius:0px 0px 0px 0px;\npadding:0px 0px 0px 0px;\n}\n<\/style>\n<div  class='flex_column av-8b9iy-1b7cae3b1b2cbf81d5f926ade846ed11 av_one_full  avia-builder-el-11  el_after_av_one_full  el_before_av_hr  first flex_column_div av-zero-column-padding  column-top-margin'     ><section  class='av_textblock_section av-ik6e2-a6d53a8f51e8b4e70a0821c74df0c8f4'   itemscope=\"itemscope\" itemtype=\"https:\/\/schema.org\/CreativeWork\" ><div class='avia_textblock'  itemprop=\"text\" ><p>A number of options are available for data analysis and 3D imaging:<\/p>\n<ul>\n<li>integrated turnkey data analysis solution with InnovMetric PolyWorks Inspector<sup><small>TM<\/small><\/sup><\/li>\n<li>measurements can be output as 3D point cloud, height image, intensity image, or STL file format<\/li>\n<li>system output is exportable to turnkey integrated third party CAD packages selected by the client, such as:<\/li>\n<li style=\"list-style-type: none;\">\n<ul>\n<li>CAD\/CAM software: PolyWorks, Geomagic, SolidWorks, Creo Elements\/Pro (Pro\/ENGINEER), etc.<\/li>\n<li>Imaging, visualization and numerical analysis software: ImageJ, Octave, MatLab, Mathematica, IDL, IGOR Pro<\/li>\n<li>Surface and roughness analysis software.<\/li>\n<\/ul>\n<\/li>\n<li>exported data can be integrated with data loggers and SPC software.<\/li>\n<\/ul>\n<\/div><\/section><\/div>\n<style type=\"text\/css\" data-created_by=\"avia_inline_auto\" id=\"style-css-av-h0me2-22e6546be62f432543936fcca33a7c7c\">\n#top .hr.hr-invisible.av-h0me2-22e6546be62f432543936fcca33a7c7c{\nheight:40px;\n}\n<\/style>\n<div  class='hr av-h0me2-22e6546be62f432543936fcca33a7c7c hr-invisible  avia-builder-el-13  el_after_av_one_full  el_before_av_one_full'><span class='hr-inner'><span class=\"hr-inner-style\"><\/span><\/span><\/div><\/p>\n\n<style type=\"text\/css\" data-created_by=\"avia_inline_auto\" id=\"style-css-av-fwyxf-d0f77978b5dff1d1367f98950eefe160\">\n.flex_column.av-fwyxf-d0f77978b5dff1d1367f98950eefe160{\nborder-radius:0px 0px 0px 0px;\npadding:0px 0px 0px 0px;\n}\n<\/style>\n<div  class='flex_column av-fwyxf-d0f77978b5dff1d1367f98950eefe160 av_one_full  avia-builder-el-14  el_after_av_hr  el_before_av_one_third  first flex_column_div av-zero-column-padding'     ><style type=\"text\/css\" data-created_by=\"avia_inline_auto\" id=\"style-css-av-jhc3ylfa-e69f3d2ea4f1ca45379132611fcff224\">\n#top .av-special-heading.av-jhc3ylfa-e69f3d2ea4f1ca45379132611fcff224{\npadding-bottom:10px;\n}\nbody .av-special-heading.av-jhc3ylfa-e69f3d2ea4f1ca45379132611fcff224 .av-special-heading-tag .heading-char{\nfont-size:25px;\n}\n.av-special-heading.av-jhc3ylfa-e69f3d2ea4f1ca45379132611fcff224 .av-subheading{\nfont-size:15px;\n}\n<\/style>\n<div  class='av-special-heading av-jhc3ylfa-e69f3d2ea4f1ca45379132611fcff224 av-special-heading-h3  avia-builder-el-15  avia-builder-el-no-sibling'><h3 class='av-special-heading-tag'  itemprop=\"headline\"  >Liens connexes<\/h3><div class=\"special-heading-border\"><div class=\"special-heading-inner-border\"><\/div><\/div><\/div><\/div>\n\n<style type=\"text\/css\" data-created_by=\"avia_inline_auto\" id=\"style-css-av-18g1gr-2317caeca6d65831b42fbc80dedabc18\">\n.flex_column.av-18g1gr-2317caeca6d65831b42fbc80dedabc18{\nborder-radius:0px 0px 0px 0px;\npadding:0px 0px 0px 0px;\n}\n<\/style>\n<div  class='flex_column av-18g1gr-2317caeca6d65831b42fbc80dedabc18 av_one_third  avia-builder-el-16  el_after_av_one_full  el_before_av_one_third  first flex_column_div av-zero-column-padding  column-top-margin'     ><section  class='av_textblock_section av-3ncs3-88d3ca74a5f3e908dbd331fe95d4bfa8'   itemscope=\"itemscope\" itemtype=\"https:\/\/schema.org\/CreativeWork\" ><div class='avia_textblock'  itemprop=\"text\" >\n<style type=\"text\/css\" data-created_by=\"avia_inline_auto\" id=\"style-css-av-cn0sb-06317cc36f0cbcb81254298732237865\">\n.av_font_icon.av-cn0sb-06317cc36f0cbcb81254298732237865 .av-icon-char{\nfont-size:20px;\nline-height:20px;\n}\n<\/style>\n<span  class='av_font_icon av-cn0sb-06317cc36f0cbcb81254298732237865 avia_animate_when_visible av-icon-style- avia-icon-pos-left avia-iconfont avia-font-entypo-fontello av-no-color avia-icon-animate'><span class='av-icon-char' data-av_icon='\ue81e' data-av_iconfont='entypo-fontello' aria-hidden=\"true\" ><\/span><\/span>\n<p>En savoir plus :<\/p>\n<ul>\n<li><a href=\"https:\/\/www.novacam.com\/fr\/technologie\/what-we-measure\/\">How low-coherence interferometry (LCI) technology works<\/a><\/li>\n<li><a href=\"https:\/\/www.novacam.com\/fr\/technologie\/avantages\/\">Avantages<\/a> that fiber-based LCI systems offer<\/li>\n<\/ul>\n<\/div><\/section><\/div>\n\n<style type=\"text\/css\" data-created_by=\"avia_inline_auto\" id=\"style-css-av-18g1gr-3fb8df32a9c94486c488f834c640d0cd\">\n.flex_column.av-18g1gr-3fb8df32a9c94486c488f834c640d0cd{\nborder-radius:0px 0px 0px 0px;\npadding:0px 0px 0px 0px;\n}\n<\/style>\n<div  class='flex_column av-18g1gr-3fb8df32a9c94486c488f834c640d0cd av_one_third  avia-builder-el-19  el_after_av_one_third  el_before_av_one_third  flex_column_div av-zero-column-padding  column-top-margin'     ><section  class='av_textblock_section av-3ncs3-9755d2f2237c148e459fbf79ca214fb4'   itemscope=\"itemscope\" itemtype=\"https:\/\/schema.org\/CreativeWork\" ><div class='avia_textblock'  itemprop=\"text\" ><p><a href=\"https:\/\/www.novacam.com\/fr\/products\/\">\n<style type=\"text\/css\" data-created_by=\"avia_inline_auto\" id=\"style-css-av-waioz-15129e036111ecc60b49fc74d64c8916\">\n.av_font_icon.av-waioz-15129e036111ecc60b49fc74d64c8916 .av-icon-char{\nfont-size:30px;\nline-height:30px;\n}\n<\/style>\n<span  class='av_font_icon av-waioz-15129e036111ecc60b49fc74d64c8916 avia_animate_when_visible av-icon-style- avia-icon-pos-left avia-iconfont avia-font-entypo-fontello av-no-color avia-icon-animate'><span class='av-icon-char' data-av_icon='\ue826' data-av_iconfont='entypo-fontello' aria-hidden=\"true\" ><\/span><\/span> See NOVACAM metrology systems<\/a>\u00a0sur la base de l'ICM<\/p>\n<\/div><\/section><\/div>\n\n<style type=\"text\/css\" data-created_by=\"avia_inline_auto\" id=\"style-css-av-18g1gr-3fb8df32a9c94486c488f834c640d0cd\">\n.flex_column.av-18g1gr-3fb8df32a9c94486c488f834c640d0cd{\nborder-radius:0px 0px 0px 0px;\npadding:0px 0px 0px 0px;\n}\n<\/style>\n<div  class='flex_column av-18g1gr-3fb8df32a9c94486c488f834c640d0cd av_one_third  avia-builder-el-22  el_after_av_one_third  avia-builder-el-last  flex_column_div av-zero-column-padding  column-top-margin'     ><section  class='av_textblock_section av-3ncs3-88d3ca74a5f3e908dbd331fe95d4bfa8'   itemscope=\"itemscope\" itemtype=\"https:\/\/schema.org\/CreativeWork\" ><div class='avia_textblock'  itemprop=\"text\" ><p><a href=\"https:\/\/www.novacam.com\/fr\/nous-contacter-2\/nous-contacter\/\">\n<style type=\"text\/css\" data-created_by=\"avia_inline_auto\" id=\"style-css-av-1v8pg3-48925116ff62d88059331475f774c943\">\n.av_font_icon.av-1v8pg3-48925116ff62d88059331475f774c943 .av-icon-char{\nfont-size:30px;\nline-height:30px;\n}\n<\/style>\n<span  class='av_font_icon av-1v8pg3-48925116ff62d88059331475f774c943 avia_animate_when_visible av-icon-style- avia-icon-pos-left avia-iconfont avia-font-entypo-fontello av-no-color avia-icon-animate'><span class='av-icon-char' data-av_icon='\ue80b' data-av_iconfont='entypo-fontello' aria-hidden=\"true\" ><\/span><\/span><\/a>\u00a0<a href=\"https:\/\/www.novacam.com\/fr\/nous-contacter-2\/nous-contacter\/\">Contactez nous<\/a>\u00a0ou <a href=\"https:\/\/www.novacam.com\/fr\/nous-contacter-2\/demander-un-echantillon-danalyse\/\">demander une analyse d'\u00e9chantillon gratuite<\/a>\u00a0to see if low-coherence interferometers are suitable for your application<\/p>\n<\/div><\/section><\/div>","protected":false},"excerpt":{"rendered":"","protected":false},"author":1,"featured_media":0,"parent":435,"menu_order":0,"comment_status":"closed","ping_status":"open","template":"","meta":{"_relevanssi_hide_post":"","_relevanssi_hide_content":"","_relevanssi_pin_for_all":"","_relevanssi_pin_keywords":"","_relevanssi_unpin_keywords":"","_relevanssi_related_keywords":"","_relevanssi_related_include_ids":"","_relevanssi_related_exclude_ids":"","_relevanssi_related_no_append":"","_relevanssi_related_not_related":"","_relevanssi_related_posts":"","_relevanssi_noindex_reason":"","footnotes":"","advanced-sidebar-menu\/link-title":"","advanced-sidebar-menu\/exclude-page":false},"class_list":["post-490","page","type-page","status-publish","hentry"],"yoast_head":"<!-- This site is optimized with the Yoast SEO plugin v27.4 - https:\/\/yoast.com\/product\/yoast-seo-wordpress\/ -->\n<title>What We Measure: High-Precision Measurements and Analysis - Novacam<\/title>\n<meta name=\"robots\" content=\"index, follow, max-snippet:-1, max-image-preview:large, max-video-preview:-1\" \/>\n<link rel=\"canonical\" href=\"https:\/\/www.novacam.com\/fr\/technologie\/what-we-measure\/\" \/>\n<meta property=\"og:locale\" content=\"fr_CA\" \/>\n<meta property=\"og:type\" content=\"article\" \/>\n<meta property=\"og:title\" content=\"What We Measure: High-Precision Measurements and Analysis - Novacam\" \/>\n<meta property=\"og:url\" content=\"https:\/\/www.novacam.com\/fr\/technologie\/what-we-measure\/\" \/>\n<meta property=\"og:site_name\" content=\"Novacam\" \/>\n<meta property=\"article:modified_time\" content=\"2021-03-10T21:50:29+00:00\" \/>\n<meta name=\"twitter:card\" content=\"summary_large_image\" \/>\n<meta name=\"twitter:label1\" content=\"Estimation du temps de lecture\" \/>\n\t<meta name=\"twitter:data1\" content=\"8 minutes\" \/>\n<script type=\"application\/ld+json\" class=\"yoast-schema-graph\">{\"@context\":\"https:\\\/\\\/schema.org\",\"@graph\":[{\"@type\":\"WebPage\",\"@id\":\"https:\\\/\\\/www.novacam.com\\\/technology\\\/what-we-measure\\\/\",\"url\":\"https:\\\/\\\/www.novacam.com\\\/technology\\\/what-we-measure\\\/\",\"name\":\"What We Measure: High-Precision Measurements and Analysis - Novacam\",\"isPartOf\":{\"@id\":\"https:\\\/\\\/www.novacam.com\\\/#website\"},\"datePublished\":\"2011-04-03T09:55:11+00:00\",\"dateModified\":\"2021-03-10T21:50:29+00:00\",\"breadcrumb\":{\"@id\":\"https:\\\/\\\/www.novacam.com\\\/technology\\\/what-we-measure\\\/#breadcrumb\"},\"inLanguage\":\"fr-CA\",\"potentialAction\":[{\"@type\":\"ReadAction\",\"target\":[\"https:\\\/\\\/www.novacam.com\\\/technology\\\/what-we-measure\\\/\"]}]},{\"@type\":\"BreadcrumbList\",\"@id\":\"https:\\\/\\\/www.novacam.com\\\/technology\\\/what-we-measure\\\/#breadcrumb\",\"itemListElement\":[{\"@type\":\"ListItem\",\"position\":1,\"name\":\"Home\",\"item\":\"https:\\\/\\\/www.novacam.com\\\/\"},{\"@type\":\"ListItem\",\"position\":2,\"name\":\"Technology\",\"item\":\"https:\\\/\\\/www.novacam.com\\\/technology\\\/\"},{\"@type\":\"ListItem\",\"position\":3,\"name\":\"What we measure\"}]},{\"@type\":\"WebSite\",\"@id\":\"https:\\\/\\\/www.novacam.com\\\/#website\",\"url\":\"https:\\\/\\\/www.novacam.com\\\/\",\"name\":\"Novacam\",\"description\":\"High-precision non-contact 3D metrology\",\"potentialAction\":[{\"@type\":\"SearchAction\",\"target\":{\"@type\":\"EntryPoint\",\"urlTemplate\":\"https:\\\/\\\/www.novacam.com\\\/?s={search_term_string}\"},\"query-input\":{\"@type\":\"PropertyValueSpecification\",\"valueRequired\":true,\"valueName\":\"search_term_string\"}}],\"inLanguage\":\"fr-CA\"}]}<\/script>\n<!-- \/ Yoast SEO plugin. -->","yoast_head_json":{"title":"What We Measure: High-Precision Measurements and Analysis - Novacam","robots":{"index":"index","follow":"follow","max-snippet":"max-snippet:-1","max-image-preview":"max-image-preview:large","max-video-preview":"max-video-preview:-1"},"canonical":"https:\/\/www.novacam.com\/fr\/technologie\/what-we-measure\/","og_locale":"fr_CA","og_type":"article","og_title":"What We Measure: High-Precision Measurements and Analysis - Novacam","og_url":"https:\/\/www.novacam.com\/fr\/technologie\/what-we-measure\/","og_site_name":"Novacam","article_modified_time":"2021-03-10T21:50:29+00:00","twitter_card":"summary_large_image","twitter_misc":{"Estimation du temps de lecture":"8 minutes"},"schema":{"@context":"https:\/\/schema.org","@graph":[{"@type":"WebPage","@id":"https:\/\/www.novacam.com\/technology\/what-we-measure\/","url":"https:\/\/www.novacam.com\/technology\/what-we-measure\/","name":"What We Measure: High-Precision Measurements and Analysis - Novacam","isPartOf":{"@id":"https:\/\/www.novacam.com\/#website"},"datePublished":"2011-04-03T09:55:11+00:00","dateModified":"2021-03-10T21:50:29+00:00","breadcrumb":{"@id":"https:\/\/www.novacam.com\/technology\/what-we-measure\/#breadcrumb"},"inLanguage":"fr-CA","potentialAction":[{"@type":"ReadAction","target":["https:\/\/www.novacam.com\/technology\/what-we-measure\/"]}]},{"@type":"BreadcrumbList","@id":"https:\/\/www.novacam.com\/technology\/what-we-measure\/#breadcrumb","itemListElement":[{"@type":"ListItem","position":1,"name":"Home","item":"https:\/\/www.novacam.com\/"},{"@type":"ListItem","position":2,"name":"Technology","item":"https:\/\/www.novacam.com\/technology\/"},{"@type":"ListItem","position":3,"name":"What we measure"}]},{"@type":"WebSite","@id":"https:\/\/www.novacam.com\/#website","url":"https:\/\/www.novacam.com\/","name":"Novacam","description":"M\u00e9trologie 3D sans contact de haute pr\u00e9cision","potentialAction":[{"@type":"SearchAction","target":{"@type":"EntryPoint","urlTemplate":"https:\/\/www.novacam.com\/?s={search_term_string}"},"query-input":{"@type":"PropertyValueSpecification","valueRequired":true,"valueName":"search_term_string"}}],"inLanguage":"fr-CA"}]}},"_links":{"self":[{"href":"https:\/\/www.novacam.com\/fr\/wp-json\/wp\/v2\/pages\/490","targetHints":{"allow":["GET"]}}],"collection":[{"href":"https:\/\/www.novacam.com\/fr\/wp-json\/wp\/v2\/pages"}],"about":[{"href":"https:\/\/www.novacam.com\/fr\/wp-json\/wp\/v2\/types\/page"}],"author":[{"embeddable":true,"href":"https:\/\/www.novacam.com\/fr\/wp-json\/wp\/v2\/users\/1"}],"replies":[{"embeddable":true,"href":"https:\/\/www.novacam.com\/fr\/wp-json\/wp\/v2\/comments?post=490"}],"version-history":[{"count":24,"href":"https:\/\/www.novacam.com\/fr\/wp-json\/wp\/v2\/pages\/490\/revisions"}],"predecessor-version":[{"id":42007,"href":"https:\/\/www.novacam.com\/fr\/wp-json\/wp\/v2\/pages\/490\/revisions\/42007"}],"up":[{"embeddable":true,"href":"https:\/\/www.novacam.com\/fr\/wp-json\/wp\/v2\/pages\/435"}],"wp:attachment":[{"href":"https:\/\/www.novacam.com\/fr\/wp-json\/wp\/v2\/media?parent=490"}],"curies":[{"name":"wp","href":"https:\/\/api.w.org\/{rel}","templated":true}]}}