{"id":486,"date":"2011-04-03T09:54:31","date_gmt":"2011-04-03T09:54:31","guid":{"rendered":"http:\/\/coherencetomography.com\/novacam.com\/?page_id=486"},"modified":"2022-07-26T09:11:46","modified_gmt":"2022-07-26T13:11:46","slug":"careers","status":"publish","type":"page","link":"https:\/\/www.novacam.com\/fr\/entreprise\/carrieres\/","title":{"rendered":"Carri\u00e8res"},"content":{"rendered":"<section  class='av_textblock_section av-jinhu2me-3489aa0cc592fad649e95c3cd075d7ec'   itemscope=\"itemscope\" itemtype=\"https:\/\/schema.org\/CreativeWork\" ><div class='avia_textblock'  itemprop=\"text\" ><h1>Carri\u00e8res<\/h1>\n<\/div><\/section>\n<section  class='av_textblock_section av-jinhu2me-0d47ff6bd3efcd256f407f3ca67ac379'   itemscope=\"itemscope\" itemtype=\"https:\/\/schema.org\/CreativeWork\" ><div class='avia_textblock'  itemprop=\"text\" ><p>Novacam est une soci\u00e9t\u00e9 priv\u00e9e engag\u00e9e dans la conception et la fabrication de syst\u00e8mes de m\u00e9trologie optique 3D haut de gamme. Nous fournissons \u00e9galement des solutions de m\u00e9trologie 3D personnalis\u00e9es pour les industries de haute pr\u00e9cision, ainsi que des solutions de tomographie par coh\u00e9rence optique (OCT) pour la biom\u00e9decine.<\/p>\n<p>Nous nous engageons \u00e0 faire preuve d'excellence et d'innovation dans tous les aspects de nos activit\u00e9s. Notre culture d'entreprise permet \u00e0 chaque employ\u00e9 de contribuer et de participer au domaine passionnant et en pleine \u00e9volution de la technologie de l'interf\u00e9rom\u00e9trie \u00e0 faible coh\u00e9rence. Novacam est un employeur qui souscrit au principe de l'\u00e9galit\u00e9 des chances.<\/p>\n<\/div><\/section>\n\n<style type=\"text\/css\" data-created_by=\"avia_inline_auto\" id=\"style-css-av-aof3y-60512948474c30efd76fdf9623c8b696\">\n.flex_column.av-aof3y-60512948474c30efd76fdf9623c8b696{\nborder-radius:0px 0px 0px 0px;\npadding:0px 0px 0px 0px;\n}\n<\/style>\n<div  class='flex_column av-aof3y-60512948474c30efd76fdf9623c8b696 av_one_full  avia-builder-el-2  el_after_av_textblock  avia-builder-el-last  first flex_column_div av-zero-column-padding  column-top-margin'     ><section  class='av_textblock_section av-jinhu2me-0d47ff6bd3efcd256f407f3ca67ac379'   itemscope=\"itemscope\" itemtype=\"https:\/\/schema.org\/CreativeWork\" ><div class='avia_textblock'  itemprop=\"text\" ><h2>Job opportunities as of April 22, 2026<\/h2>\n<p><!-- the following position is open. As of &#091;datetoday&#093;, all job opportunities are filled. --><\/p>\n<p><strong>Technicien d'installation et d'assistance<\/strong><\/p>\n<ul>\n<li>Type d'emploi : Temps plein (lundi \u00e0 vendredi)<\/li>\n<li>Salaire : A partir de $44 000,00 par an<\/li>\n<\/ul>\n<div id=\"jobDescriptionText\" class=\"jobsearch-jobDescriptionText\">\n<p><em>Description de l'emploi<\/em><\/p>\n<p>Venez rejoindre un fabricant et concepteur international d'\u00e9quipements de m\u00e9trologie de haute pr\u00e9cision et sans contact ! Novacam Technologies propose des applications industrielles et scientifiques dans des secteurs tels que l'a\u00e9rospatiale, l'automobile, l'\u00e9nergie, la d\u00e9fense, le biom\u00e9dical, etc.<\/p>\n<p>Avec une demande croissante au fil des ans, nous recherchons un technicien d'installation et de support pour aider nos clients avec leurs nouveaux syst\u00e8mes NOVACAM. En manipulant des composants m\u00e9caniques, \u00e9lectriques et optiques, vous assemblerez, testerez et soutiendrez des syst\u00e8mes de m\u00e9trologie r\u00e9pondant \u00e0 des besoins de mesure sp\u00e9cifiques. Votre dext\u00e9rit\u00e9, vos connaissances et votre communication efficace seront au c\u0153ur de la livraison d'\u00e9quipements de haute qualit\u00e9 \u00e0 nos clients internationaux de premier plan.<\/p>\n<\/div>\n<p><em>Ce que nous proposons<\/em><\/p>\n<ul>\n<li>Horaires de travail flexibles (37,5 heures\/semaine)<\/li>\n<li>Bureau tr\u00e8s accessible par les transports publics (bus 215\/208) et place de parking gratuite disponible<\/li>\n<li>Possibilit\u00e9 de voyager dans le monde entier<\/li>\n<\/ul>\n<div id=\"jobDescriptionText\" class=\"jobsearch-jobDescriptionText\">\n<p><em>Quelles seront vos t\u00e2ches quotidiennes ?<\/em><\/p>\n<ul>\n<li>Installation des syst\u00e8mes NOVACAM chez les clients (principalement aux \u00c9tats-Unis, mais aussi en Europe, en Asie, en Oc\u00e9anie et dans les Am\u00e9riques).<\/li>\n<\/ul>\n<ul>\n<li>Installation des syst\u00e8mes NOVACAM dans nos bureaux avant qu'ils ne soient envoy\u00e9s aux clients<\/li>\n<\/ul>\n<ul>\n<li>Test des syst\u00e8mes NOVACAM<\/li>\n<\/ul>\n<ul>\n<li>R\u00e9pondre aux demandes d'assistance des clients dans les d\u00e9lais impartis.<\/li>\n<\/ul>\n<ul>\n<li>Cr\u00e9er et maintenir de bonnes relations avec les clients<\/li>\n<\/ul>\n<ul>\n<li>Contribuer \u00e0 l'am\u00e9lioration constante de la documentation et des processus d'assistance aux utilisateurs.<\/li>\n<\/ul>\n<p><em>Quelles sont vos qualifications ?<\/em><\/p>\n<ul>\n<li>DEC dans un domaine pertinent (m\u00e9canique ou \u00e9lectrique) OU exp\u00e9rience pertinente<\/li>\n<\/ul>\n<ul>\n<li>Ma\u00eetrise de l'anglais (\u00e9crit et oral)<\/li>\n<\/ul>\n<ul>\n<li>Passeport et permis de conduire en cours de validit\u00e9, capacit\u00e9 \u00e0 voyager<\/li>\n<\/ul>\n<ul>\n<li>Autonomie et d\u00e9brouillardise<\/li>\n<\/ul>\n<ul>\n<li>Excellentes comp\u00e9tences en mati\u00e8re de communication<\/li>\n<\/ul>\n<ul>\n<li>Capacit\u00e9 \u00e0 travailler sous pression<\/li>\n<\/ul>\n<ul>\n<li>Capacit\u00e9 \u00e0 soulever des objets lourds et \u00e0 s'agenouiller<\/li>\n<\/ul>\n<ul>\n<li>Ouvert \u00e0 l'apprentissage de nouvelles comp\u00e9tences<\/li>\n<\/ul>\n<ul>\n<li>Polyvalence et ouverture d'esprit pour collaborer avec une petite \u00e9quipe d'horizons divers.<\/li>\n<\/ul>\n<p><em>Actifs<\/em><\/p>\n<ul>\n<li>Ma\u00eetrise du fran\u00e7ais (\u00e9crit et oral)<\/li>\n<\/ul>\n<ul>\n<li>Exp\u00e9rience pr\u00e9alable en m\u00e9trologie, programmation, service \u00e0 la client\u00e8le<\/li>\n<\/ul>\n<ul>\n<li>Autres langues<\/li>\n<\/ul>\n<\/div>\n<p><!--\n \t\n\n\n\n\n\n<li><a href=\"https:\/\/www.novacam.com\/company\/careers\/hardware-firmware-specialist\/\">Hardware\/Firmware Specialist \/ Sp\u00e9cialiste Hardware\/Firmware<\/a><\/li>\n\n\n\n\n\n\n--><\/p>\n<h2>Comment postuler<\/h2>\n<p>Si vous souhaitez rejoindre notre \u00e9quipe, veuillez envoyer votre CV au format doc, docx, pdf ou txt \u00e0 l'adresse suivante : \u00a0<a href=\"mailto:hr@novacam.com?subject=Novacam Career Inquiry\">hr@novacam.com<\/a> ou envoyez votre CV par t\u00e9l\u00e9copie au  514-630-6420.  N'oubliez pas d'indiquer le titre du poste dans l'objet.<\/p>\n<p>Vous pouvez \u00e9galement postuler directement sur <a href=\"https:\/\/ca.indeed.com\/viewjob?t=installation+and+support+technician&amp;jk=5de8ca68978ddfda&amp;_ga=2.61367148.1529230606.1658513174-639393098.1617389322&amp;_gac=1.52762970.1655130771.Cj0KCQjwwJuVBhCAARIsAOPwGATz-gJ32AJwBoe5ltBMRvE0uH43owrwHWLWymzzLr8sQWvZ75omZRgaAm6UEALw_wcB\">En effet<\/a>. Un membre de notre \u00e9quipe RH contactera les candidats s\u00e9lectionn\u00e9s pour un entretien.<\/p>\n<\/div><\/section><\/div>","protected":false},"excerpt":{"rendered":"","protected":false},"author":1,"featured_media":0,"parent":433,"menu_order":4,"comment_status":"closed","ping_status":"closed","template":"","meta":{"_relevanssi_hide_post":"","_relevanssi_hide_content":"","_relevanssi_pin_for_all":"","_relevanssi_pin_keywords":"","_relevanssi_unpin_keywords":"","_relevanssi_related_keywords":"","_relevanssi_related_include_ids":"","_relevanssi_related_exclude_ids":"","_relevanssi_related_no_append":"","_relevanssi_related_not_related":"","_relevanssi_related_posts":"","_relevanssi_noindex_reason":"","footnotes":"","advanced-sidebar-menu\/link-title":"","advanced-sidebar-menu\/exclude-page":false},"class_list":["post-486","page","type-page","status-publish","hentry"],"yoast_head":"<!-- This site is optimized with the Yoast SEO plugin v27.4 - https:\/\/yoast.com\/product\/yoast-seo-wordpress\/ -->\n<title>Careers - Novacam<\/title>\n<meta name=\"robots\" content=\"index, follow, max-snippet:-1, max-image-preview:large, max-video-preview:-1\" \/>\n<link rel=\"canonical\" href=\"https:\/\/www.novacam.com\/fr\/entreprise\/carrieres\/\" \/>\n<meta property=\"og:locale\" content=\"fr_CA\" \/>\n<meta property=\"og:type\" content=\"article\" \/>\n<meta property=\"og:title\" content=\"Careers - Novacam\" \/>\n<meta property=\"og:url\" content=\"https:\/\/www.novacam.com\/fr\/entreprise\/carrieres\/\" \/>\n<meta property=\"og:site_name\" content=\"Novacam\" \/>\n<meta property=\"article:modified_time\" content=\"2022-07-26T13:11:46+00:00\" \/>\n<meta name=\"twitter:card\" content=\"summary_large_image\" \/>\n<meta name=\"twitter:label1\" content=\"Estimation du temps de lecture\" \/>\n\t<meta name=\"twitter:data1\" content=\"3 minutes\" \/>\n<script type=\"application\/ld+json\" class=\"yoast-schema-graph\">{\"@context\":\"https:\\\/\\\/schema.org\",\"@graph\":[{\"@type\":\"WebPage\",\"@id\":\"https:\\\/\\\/www.novacam.com\\\/company\\\/careers\\\/\",\"url\":\"https:\\\/\\\/www.novacam.com\\\/company\\\/careers\\\/\",\"name\":\"Careers - Novacam\",\"isPartOf\":{\"@id\":\"https:\\\/\\\/www.novacam.com\\\/#website\"},\"datePublished\":\"2011-04-03T09:54:31+00:00\",\"dateModified\":\"2022-07-26T13:11:46+00:00\",\"breadcrumb\":{\"@id\":\"https:\\\/\\\/www.novacam.com\\\/company\\\/careers\\\/#breadcrumb\"},\"inLanguage\":\"fr-CA\",\"potentialAction\":[{\"@type\":\"ReadAction\",\"target\":[\"https:\\\/\\\/www.novacam.com\\\/company\\\/careers\\\/\"]}]},{\"@type\":\"BreadcrumbList\",\"@id\":\"https:\\\/\\\/www.novacam.com\\\/company\\\/careers\\\/#breadcrumb\",\"itemListElement\":[{\"@type\":\"ListItem\",\"position\":1,\"name\":\"Home\",\"item\":\"https:\\\/\\\/www.novacam.com\\\/\"},{\"@type\":\"ListItem\",\"position\":2,\"name\":\"Company\",\"item\":\"https:\\\/\\\/www.novacam.com\\\/company\\\/\"},{\"@type\":\"ListItem\",\"position\":3,\"name\":\"Careers\"}]},{\"@type\":\"WebSite\",\"@id\":\"https:\\\/\\\/www.novacam.com\\\/#website\",\"url\":\"https:\\\/\\\/www.novacam.com\\\/\",\"name\":\"Novacam\",\"description\":\"High-precision non-contact 3D metrology\",\"potentialAction\":[{\"@type\":\"SearchAction\",\"target\":{\"@type\":\"EntryPoint\",\"urlTemplate\":\"https:\\\/\\\/www.novacam.com\\\/?s={search_term_string}\"},\"query-input\":{\"@type\":\"PropertyValueSpecification\",\"valueRequired\":true,\"valueName\":\"search_term_string\"}}],\"inLanguage\":\"fr-CA\"}]}<\/script>\n<!-- \/ Yoast SEO plugin. -->","yoast_head_json":{"title":"Carri\u00e8res - Novacam","robots":{"index":"index","follow":"follow","max-snippet":"max-snippet:-1","max-image-preview":"max-image-preview:large","max-video-preview":"max-video-preview:-1"},"canonical":"https:\/\/www.novacam.com\/fr\/entreprise\/carrieres\/","og_locale":"fr_CA","og_type":"article","og_title":"Careers - Novacam","og_url":"https:\/\/www.novacam.com\/fr\/entreprise\/carrieres\/","og_site_name":"Novacam","article_modified_time":"2022-07-26T13:11:46+00:00","twitter_card":"summary_large_image","twitter_misc":{"Estimation du temps de lecture":"3 minutes"},"schema":{"@context":"https:\/\/schema.org","@graph":[{"@type":"WebPage","@id":"https:\/\/www.novacam.com\/company\/careers\/","url":"https:\/\/www.novacam.com\/company\/careers\/","name":"Carri\u00e8res - Novacam","isPartOf":{"@id":"https:\/\/www.novacam.com\/#website"},"datePublished":"2011-04-03T09:54:31+00:00","dateModified":"2022-07-26T13:11:46+00:00","breadcrumb":{"@id":"https:\/\/www.novacam.com\/company\/careers\/#breadcrumb"},"inLanguage":"fr-CA","potentialAction":[{"@type":"ReadAction","target":["https:\/\/www.novacam.com\/company\/careers\/"]}]},{"@type":"BreadcrumbList","@id":"https:\/\/www.novacam.com\/company\/careers\/#breadcrumb","itemListElement":[{"@type":"ListItem","position":1,"name":"Home","item":"https:\/\/www.novacam.com\/"},{"@type":"ListItem","position":2,"name":"Company","item":"https:\/\/www.novacam.com\/company\/"},{"@type":"ListItem","position":3,"name":"Careers"}]},{"@type":"WebSite","@id":"https:\/\/www.novacam.com\/#website","url":"https:\/\/www.novacam.com\/","name":"Novacam","description":"M\u00e9trologie 3D sans contact de haute pr\u00e9cision","potentialAction":[{"@type":"SearchAction","target":{"@type":"EntryPoint","urlTemplate":"https:\/\/www.novacam.com\/?s={search_term_string}"},"query-input":{"@type":"PropertyValueSpecification","valueRequired":true,"valueName":"search_term_string"}}],"inLanguage":"fr-CA"}]}},"_links":{"self":[{"href":"https:\/\/www.novacam.com\/fr\/wp-json\/wp\/v2\/pages\/486","targetHints":{"allow":["GET"]}}],"collection":[{"href":"https:\/\/www.novacam.com\/fr\/wp-json\/wp\/v2\/pages"}],"about":[{"href":"https:\/\/www.novacam.com\/fr\/wp-json\/wp\/v2\/types\/page"}],"author":[{"embeddable":true,"href":"https:\/\/www.novacam.com\/fr\/wp-json\/wp\/v2\/users\/1"}],"replies":[{"embeddable":true,"href":"https:\/\/www.novacam.com\/fr\/wp-json\/wp\/v2\/comments?post=486"}],"version-history":[{"count":26,"href":"https:\/\/www.novacam.com\/fr\/wp-json\/wp\/v2\/pages\/486\/revisions"}],"predecessor-version":[{"id":44739,"href":"https:\/\/www.novacam.com\/fr\/wp-json\/wp\/v2\/pages\/486\/revisions\/44739"}],"up":[{"embeddable":true,"href":"https:\/\/www.novacam.com\/fr\/wp-json\/wp\/v2\/pages\/433"}],"wp:attachment":[{"href":"https:\/\/www.novacam.com\/fr\/wp-json\/wp\/v2\/media?parent=486"}],"curies":[{"name":"wp","href":"https:\/\/api.w.org\/{rel}","templated":true}]}}