{"id":4693,"date":"2010-12-04T01:13:18","date_gmt":"2010-12-04T01:13:18","guid":{"rendered":"http:\/\/coherencetomography.com\/novacam.com\/"},"modified":"2021-03-10T17:02:28","modified_gmt":"2021-03-10T21:02:28","slug":"about-us","status":"publish","type":"page","link":"https:\/\/www.novacam.com\/fr\/entreprise\/a-propos-de-nous\/","title":{"rendered":"A propos de nous"},"content":{"rendered":"<section  class='av_textblock_section av-3rhpr9-18c2b4b56ddb85aeb3c7f11771387f48'   itemscope=\"itemscope\" itemtype=\"https:\/\/schema.org\/CreativeWork\" ><div class='avia_textblock'  itemprop=\"text\" ><h1>A propos de nous<\/h1>\n<p>Novacam Technologies Inc. con\u00e7oit et fabrique des syst\u00e8mes de m\u00e9trologie 3D sans contact de haute pr\u00e9cision pour des applications dans l'industrie et la biom\u00e9decine. Les syst\u00e8mes Novacam sont bas\u00e9s sur <a href=\"https:\/\/www.novacam.com\/fr\/technologie\/comment-fonctionne-le-lci\/\">interf\u00e9rom\u00e9trie \u00e0 faible coh\u00e9rence<\/a> (LCI) et comportent des sondes de balayage sans contact \u00e0 base de fibres.<\/p>\n<p>NOVACAM<sup><small>TM<\/small><\/sup> comprend les produits suivants<\/p>\n<ul>\n<li><strong>Syst\u00e8mes de m\u00e9trologie 3D<\/strong> pour les mesures 3D de tubes, d'al\u00e9sages, de surfaces et d'ar\u00eates<\/li>\n<li><strong>Profilom\u00e8tres optiques 3D<\/strong> pour les mesures dimensionnelles en 3D (GD&amp;T), les mesures de rugosit\u00e9, les mesures d'\u00e9paisseur et l'imagerie en coupe transversale dans les industries de haute pr\u00e9cision<\/li>\n<li><strong>MMT sans contact<\/strong> \u00e0 l'aide de nos sondes optiques<\/li>\n<li><strong>Syst\u00e8mes de tomographie par coh\u00e9rence optique (OCT)<\/strong> pour la mesure et l'imagerie des tissus en biom\u00e9decine et en sciences de la vie<\/li>\n<li><strong>Composants mat\u00e9riels modulaires<\/strong> pour les fabricants d'\u00e9quipements d'origine (OEM) et pour la R&amp;D<\/li>\n<li><strong>Solutions m\u00e9trologiques personnalis\u00e9es<\/strong> bas\u00e9e sur l'interf\u00e9rom\u00e9trie \u00e0 faible coh\u00e9rence<\/li>\n<\/ul>\n<p>Les produits NOVACAM sont utilis\u00e9s dans le monde entier dans des processus de fabrication en ligne de haute technologie \u00e0 haut d\u00e9bit, dans des laboratoires d'assurance et de contr\u00f4le de la qualit\u00e9, dans des laboratoires de recherche et d\u00e9veloppement et dans des instituts de recherche biom\u00e9dicale. Les clients appr\u00e9cient les syst\u00e8mes NOVACAM pour leur haute pr\u00e9cision, leur vitesse \u00e9lev\u00e9e, leur polyvalence d'installation, leur capacit\u00e9 \u00e0 inspecter des surfaces difficiles d'acc\u00e8s et leur capacit\u00e9 \u00e0 fonctionner dans des environnements hostiles.<\/p>\n<p>Novacam travaille \u00e9galement en partenariat avec des int\u00e9grateurs de syst\u00e8mes et des OEM qui souhaitent incorporer les composants de la plateforme LCI avanc\u00e9e de NOVACAM dans des assemblages personnalis\u00e9s pour des march\u00e9s verticaux.<\/p>\n<p>Fond\u00e9e en 1997, Novacam est une soci\u00e9t\u00e9 priv\u00e9e.<\/p>\n<\/div><\/section>","protected":false},"excerpt":{"rendered":"","protected":false},"author":1,"featured_media":0,"parent":433,"menu_order":0,"comment_status":"open","ping_status":"closed","template":"","meta":{"_relevanssi_hide_post":"","_relevanssi_hide_content":"","_relevanssi_pin_for_all":"","_relevanssi_pin_keywords":"","_relevanssi_unpin_keywords":"","_relevanssi_related_keywords":"","_relevanssi_related_include_ids":"","_relevanssi_related_exclude_ids":"","_relevanssi_related_no_append":"","_relevanssi_related_not_related":"","_relevanssi_related_posts":"","_relevanssi_noindex_reason":"","footnotes":"","advanced-sidebar-menu\/link-title":"","advanced-sidebar-menu\/exclude-page":false},"class_list":["post-4693","page","type-page","status-publish","hentry"],"yoast_head":"<!-- This site is optimized with the Yoast SEO plugin v27.4 - https:\/\/yoast.com\/product\/yoast-seo-wordpress\/ -->\n<title>About us - Novacam<\/title>\n<meta name=\"robots\" content=\"index, follow, max-snippet:-1, max-image-preview:large, max-video-preview:-1\" \/>\n<link rel=\"canonical\" href=\"https:\/\/www.novacam.com\/fr\/entreprise\/a-propos-de-nous\/\" \/>\n<meta property=\"og:locale\" content=\"fr_CA\" \/>\n<meta property=\"og:type\" content=\"article\" \/>\n<meta property=\"og:title\" content=\"About us - Novacam\" \/>\n<meta property=\"og:url\" content=\"https:\/\/www.novacam.com\/fr\/entreprise\/a-propos-de-nous\/\" \/>\n<meta property=\"og:site_name\" content=\"Novacam\" \/>\n<meta property=\"article:modified_time\" content=\"2021-03-10T21:02:28+00:00\" \/>\n<meta name=\"twitter:card\" content=\"summary_large_image\" \/>\n<meta name=\"twitter:label1\" content=\"Estimation du temps de lecture\" \/>\n\t<meta name=\"twitter:data1\" content=\"1 minute\" \/>\n<script type=\"application\/ld+json\" class=\"yoast-schema-graph\">{\"@context\":\"https:\\\/\\\/schema.org\",\"@graph\":[{\"@type\":\"WebPage\",\"@id\":\"https:\\\/\\\/www.novacam.com\\\/company\\\/about-us\\\/\",\"url\":\"https:\\\/\\\/www.novacam.com\\\/company\\\/about-us\\\/\",\"name\":\"About us - Novacam\",\"isPartOf\":{\"@id\":\"https:\\\/\\\/www.novacam.com\\\/#website\"},\"datePublished\":\"2010-12-04T01:13:18+00:00\",\"dateModified\":\"2021-03-10T21:02:28+00:00\",\"breadcrumb\":{\"@id\":\"https:\\\/\\\/www.novacam.com\\\/company\\\/about-us\\\/#breadcrumb\"},\"inLanguage\":\"fr-CA\",\"potentialAction\":[{\"@type\":\"ReadAction\",\"target\":[\"https:\\\/\\\/www.novacam.com\\\/company\\\/about-us\\\/\"]}]},{\"@type\":\"BreadcrumbList\",\"@id\":\"https:\\\/\\\/www.novacam.com\\\/company\\\/about-us\\\/#breadcrumb\",\"itemListElement\":[{\"@type\":\"ListItem\",\"position\":1,\"name\":\"Home\",\"item\":\"https:\\\/\\\/www.novacam.com\\\/\"},{\"@type\":\"ListItem\",\"position\":2,\"name\":\"Company\",\"item\":\"https:\\\/\\\/www.novacam.com\\\/company\\\/\"},{\"@type\":\"ListItem\",\"position\":3,\"name\":\"About us\"}]},{\"@type\":\"WebSite\",\"@id\":\"https:\\\/\\\/www.novacam.com\\\/#website\",\"url\":\"https:\\\/\\\/www.novacam.com\\\/\",\"name\":\"Novacam\",\"description\":\"High-precision non-contact 3D metrology\",\"potentialAction\":[{\"@type\":\"SearchAction\",\"target\":{\"@type\":\"EntryPoint\",\"urlTemplate\":\"https:\\\/\\\/www.novacam.com\\\/?s={search_term_string}\"},\"query-input\":{\"@type\":\"PropertyValueSpecification\",\"valueRequired\":true,\"valueName\":\"search_term_string\"}}],\"inLanguage\":\"fr-CA\"}]}<\/script>\n<!-- \/ Yoast SEO plugin. -->","yoast_head_json":{"title":"\u00c0 propos de nous - Novacam","robots":{"index":"index","follow":"follow","max-snippet":"max-snippet:-1","max-image-preview":"max-image-preview:large","max-video-preview":"max-video-preview:-1"},"canonical":"https:\/\/www.novacam.com\/fr\/entreprise\/a-propos-de-nous\/","og_locale":"fr_CA","og_type":"article","og_title":"About us - Novacam","og_url":"https:\/\/www.novacam.com\/fr\/entreprise\/a-propos-de-nous\/","og_site_name":"Novacam","article_modified_time":"2021-03-10T21:02:28+00:00","twitter_card":"summary_large_image","twitter_misc":{"Estimation du temps de lecture":"1 minute"},"schema":{"@context":"https:\/\/schema.org","@graph":[{"@type":"WebPage","@id":"https:\/\/www.novacam.com\/company\/about-us\/","url":"https:\/\/www.novacam.com\/company\/about-us\/","name":"\u00c0 propos de nous - Novacam","isPartOf":{"@id":"https:\/\/www.novacam.com\/#website"},"datePublished":"2010-12-04T01:13:18+00:00","dateModified":"2021-03-10T21:02:28+00:00","breadcrumb":{"@id":"https:\/\/www.novacam.com\/company\/about-us\/#breadcrumb"},"inLanguage":"fr-CA","potentialAction":[{"@type":"ReadAction","target":["https:\/\/www.novacam.com\/company\/about-us\/"]}]},{"@type":"BreadcrumbList","@id":"https:\/\/www.novacam.com\/company\/about-us\/#breadcrumb","itemListElement":[{"@type":"ListItem","position":1,"name":"Home","item":"https:\/\/www.novacam.com\/"},{"@type":"ListItem","position":2,"name":"Company","item":"https:\/\/www.novacam.com\/company\/"},{"@type":"ListItem","position":3,"name":"About us"}]},{"@type":"WebSite","@id":"https:\/\/www.novacam.com\/#website","url":"https:\/\/www.novacam.com\/","name":"Novacam","description":"M\u00e9trologie 3D sans contact de haute pr\u00e9cision","potentialAction":[{"@type":"SearchAction","target":{"@type":"EntryPoint","urlTemplate":"https:\/\/www.novacam.com\/?s={search_term_string}"},"query-input":{"@type":"PropertyValueSpecification","valueRequired":true,"valueName":"search_term_string"}}],"inLanguage":"fr-CA"}]}},"_links":{"self":[{"href":"https:\/\/www.novacam.com\/fr\/wp-json\/wp\/v2\/pages\/4693","targetHints":{"allow":["GET"]}}],"collection":[{"href":"https:\/\/www.novacam.com\/fr\/wp-json\/wp\/v2\/pages"}],"about":[{"href":"https:\/\/www.novacam.com\/fr\/wp-json\/wp\/v2\/types\/page"}],"author":[{"embeddable":true,"href":"https:\/\/www.novacam.com\/fr\/wp-json\/wp\/v2\/users\/1"}],"replies":[{"embeddable":true,"href":"https:\/\/www.novacam.com\/fr\/wp-json\/wp\/v2\/comments?post=4693"}],"version-history":[{"count":15,"href":"https:\/\/www.novacam.com\/fr\/wp-json\/wp\/v2\/pages\/4693\/revisions"}],"predecessor-version":[{"id":41965,"href":"https:\/\/www.novacam.com\/fr\/wp-json\/wp\/v2\/pages\/4693\/revisions\/41965"}],"up":[{"embeddable":true,"href":"https:\/\/www.novacam.com\/fr\/wp-json\/wp\/v2\/pages\/433"}],"wp:attachment":[{"href":"https:\/\/www.novacam.com\/fr\/wp-json\/wp\/v2\/media?parent=4693"}],"curies":[{"name":"wp","href":"https:\/\/api.w.org\/{rel}","templated":true}]}}