{"id":4386,"date":"2017-07-21T13:39:26","date_gmt":"2017-07-21T13:39:26","guid":{"rendered":"http:\/\/www.novacam.com\/?page_id=4386"},"modified":"2021-03-10T17:34:23","modified_gmt":"2021-03-10T21:34:23","slug":"how-to-videos","status":"publish","type":"page","link":"https:\/\/www.novacam.com\/fr\/ressources\/comment-faire-des-videos\/","title":{"rendered":"Vid\u00e9os pratiques"},"content":{"rendered":"<style type=\"text\/css\" data-created_by=\"avia_inline_auto\" id=\"style-css-av-39awzm-87c1fe3b30ce1fb35f7aea0bb60a0797\">\n.flex_column.av-39awzm-87c1fe3b30ce1fb35f7aea0bb60a0797{\nborder-radius:0px 0px 0px 0px;\npadding:0px 0px 0px 0px;\n}\n<\/style>\n<div  class='flex_column av-39awzm-87c1fe3b30ce1fb35f7aea0bb60a0797 av_one_full  avia-builder-el-0  avia-builder-el-no-sibling  first flex_column_div av-zero-column-padding'     ><section  class='av_textblock_section av-jk2qaqj4-2256dcae41e947e2420af7c5ac159a87'   itemscope=\"itemscope\" itemtype=\"https:\/\/schema.org\/CreativeWork\" ><div class='avia_textblock'  itemprop=\"text\" ><h1>Vid\u00e9os pratiques<\/h1>\n<p>Les vid\u00e9os ci-dessous vous aideront \u00e0 utiliser pleinement NOVACAM<sup><small>TM<\/small><\/sup> Syst\u00e8mes de m\u00e9trologie 3D. Ils illustrent certaines activit\u00e9s courantes de configuration, d'utilisation et de d\u00e9pannage des syst\u00e8mes.<\/p>\n<h2>Comment faire : Mesurer l'identification de l'al\u00e9sage avec le scanner rotatif RS2<br \/>\n(Syst\u00e8me NOVACAM BOREINSPECT)<\/h2>\n<div style=\"width: 640px;\" class=\"wp-video\"><video class=\"wp-video-shortcode\" id=\"video-4386-1\" width=\"640\" height=\"480\" poster=\"https:\/\/www.novacam.com\/wp-content\/uploads\/2018\/07\/Tutorial-001-How-to-Measure-Bore-ID-Dimensions.jpg\" preload=\"metadata\" controls=\"controls\"><source type=\"video\/mp4\" src=\"https:\/\/www.novacam.com\/video-files\/Tutorial_001-How_to_Measure_Bore_ID_Dimensions.mp4?_=1\" \/><a href=\"https:\/\/www.novacam.com\/video-files\/Tutorial_001-How_to_Measure_Bore_ID_Dimensions.mp4\">https:\/\/www.novacam.com\/video-files\/Tutorial_001-How_to_Measure_Bore_ID_Dimensions.mp4<\/a><\/video><\/div>\n<p><a href=\"https:\/\/www.novacam.com\/fr\/products\/boreinspect-pour-la-metrologie-des-alesages-en-3d\/\">Informations sur le syst\u00e8me BOREINSPECT<\/a><\/p>\n<h2>Comment faire : Connecter la fibre optique sur la face avant de l'interf\u00e9rom\u00e8tre MICROCAM<\/h2>\n<div style=\"width: 640px;\" class=\"wp-video\"><video class=\"wp-video-shortcode\" id=\"video-4386-2\" width=\"640\" height=\"480\" poster=\"https:\/\/www.novacam.com\/wp-content\/uploads\/Microcam-setup-part-2-of-2-front-panel-video-intro-image.jpg\" preload=\"metadata\" controls=\"controls\"><source type=\"video\/mp4\" src=\"https:\/\/www.novacam.com\/video-files\/Tutorial_003-Microcam_Setup(2of2)_Front_Panel_Connections.mp4?_=2\" \/><a href=\"https:\/\/www.novacam.com\/video-files\/Tutorial_003-Microcam_Setup(2of2)_Front_Panel_Connections.mp4\">https:\/\/www.novacam.com\/video-files\/Tutorial_003-Microcam_Setup(2of2)_Front_Panel_Connections.mp4<\/a><\/video><\/div>\n<\/div><\/section><\/div>","protected":false},"excerpt":{"rendered":"","protected":false},"author":1,"featured_media":0,"parent":8187,"menu_order":2,"comment_status":"closed","ping_status":"closed","template":"","meta":{"_relevanssi_hide_post":"","_relevanssi_hide_content":"","_relevanssi_pin_for_all":"","_relevanssi_pin_keywords":"","_relevanssi_unpin_keywords":"","_relevanssi_related_keywords":"","_relevanssi_related_include_ids":"","_relevanssi_related_exclude_ids":"","_relevanssi_related_no_append":"","_relevanssi_related_not_related":"","_relevanssi_related_posts":"","_relevanssi_noindex_reason":"","footnotes":"","advanced-sidebar-menu\/link-title":"","advanced-sidebar-menu\/exclude-page":false},"class_list":["post-4386","page","type-page","status-publish","hentry"],"yoast_head":"<!-- This site is optimized with the Yoast SEO plugin v27.4 - https:\/\/yoast.com\/product\/yoast-seo-wordpress\/ -->\n<title>How-to videos - Novacam<\/title>\n<meta name=\"robots\" content=\"index, follow, max-snippet:-1, max-image-preview:large, max-video-preview:-1\" \/>\n<link rel=\"canonical\" href=\"https:\/\/www.novacam.com\/fr\/ressources\/comment-faire-des-videos\/\" \/>\n<meta property=\"og:locale\" content=\"fr_CA\" \/>\n<meta property=\"og:type\" content=\"article\" \/>\n<meta property=\"og:title\" content=\"How-to videos - Novacam\" \/>\n<meta property=\"og:url\" content=\"https:\/\/www.novacam.com\/fr\/ressources\/comment-faire-des-videos\/\" \/>\n<meta property=\"og:site_name\" content=\"Novacam\" \/>\n<meta property=\"article:modified_time\" content=\"2021-03-10T21:34:23+00:00\" \/>\n<meta name=\"twitter:card\" content=\"summary_large_image\" \/>\n<meta name=\"twitter:label1\" content=\"Estimation du temps de lecture\" \/>\n\t<meta name=\"twitter:data1\" content=\"1 minute\" \/>\n<script type=\"application\/ld+json\" class=\"yoast-schema-graph\">{\"@context\":\"https:\\\/\\\/schema.org\",\"@graph\":[{\"@type\":\"WebPage\",\"@id\":\"https:\\\/\\\/www.novacam.com\\\/resources\\\/how-to-videos\\\/\",\"url\":\"https:\\\/\\\/www.novacam.com\\\/resources\\\/how-to-videos\\\/\",\"name\":\"How-to videos - Novacam\",\"isPartOf\":{\"@id\":\"https:\\\/\\\/www.novacam.com\\\/#website\"},\"datePublished\":\"2017-07-21T13:39:26+00:00\",\"dateModified\":\"2021-03-10T21:34:23+00:00\",\"breadcrumb\":{\"@id\":\"https:\\\/\\\/www.novacam.com\\\/resources\\\/how-to-videos\\\/#breadcrumb\"},\"inLanguage\":\"fr-CA\",\"potentialAction\":[{\"@type\":\"ReadAction\",\"target\":[\"https:\\\/\\\/www.novacam.com\\\/resources\\\/how-to-videos\\\/\"]}]},{\"@type\":\"BreadcrumbList\",\"@id\":\"https:\\\/\\\/www.novacam.com\\\/resources\\\/how-to-videos\\\/#breadcrumb\",\"itemListElement\":[{\"@type\":\"ListItem\",\"position\":1,\"name\":\"Home\",\"item\":\"https:\\\/\\\/www.novacam.com\\\/\"},{\"@type\":\"ListItem\",\"position\":2,\"name\":\"Resources\",\"item\":\"https:\\\/\\\/www.novacam.com\\\/resources\\\/\"},{\"@type\":\"ListItem\",\"position\":3,\"name\":\"How-to videos\"}]},{\"@type\":\"WebSite\",\"@id\":\"https:\\\/\\\/www.novacam.com\\\/#website\",\"url\":\"https:\\\/\\\/www.novacam.com\\\/\",\"name\":\"Novacam\",\"description\":\"High-precision non-contact 3D metrology\",\"potentialAction\":[{\"@type\":\"SearchAction\",\"target\":{\"@type\":\"EntryPoint\",\"urlTemplate\":\"https:\\\/\\\/www.novacam.com\\\/?s={search_term_string}\"},\"query-input\":{\"@type\":\"PropertyValueSpecification\",\"valueRequired\":true,\"valueName\":\"search_term_string\"}}],\"inLanguage\":\"fr-CA\"}]}<\/script>\n<!-- \/ Yoast SEO plugin. -->","yoast_head_json":{"title":"Vid\u00e9os pratiques - Novacam","robots":{"index":"index","follow":"follow","max-snippet":"max-snippet:-1","max-image-preview":"max-image-preview:large","max-video-preview":"max-video-preview:-1"},"canonical":"https:\/\/www.novacam.com\/fr\/ressources\/comment-faire-des-videos\/","og_locale":"fr_CA","og_type":"article","og_title":"How-to videos - Novacam","og_url":"https:\/\/www.novacam.com\/fr\/ressources\/comment-faire-des-videos\/","og_site_name":"Novacam","article_modified_time":"2021-03-10T21:34:23+00:00","twitter_card":"summary_large_image","twitter_misc":{"Estimation du temps de lecture":"1 minute"},"schema":{"@context":"https:\/\/schema.org","@graph":[{"@type":"WebPage","@id":"https:\/\/www.novacam.com\/resources\/how-to-videos\/","url":"https:\/\/www.novacam.com\/resources\/how-to-videos\/","name":"Vid\u00e9os pratiques - Novacam","isPartOf":{"@id":"https:\/\/www.novacam.com\/#website"},"datePublished":"2017-07-21T13:39:26+00:00","dateModified":"2021-03-10T21:34:23+00:00","breadcrumb":{"@id":"https:\/\/www.novacam.com\/resources\/how-to-videos\/#breadcrumb"},"inLanguage":"fr-CA","potentialAction":[{"@type":"ReadAction","target":["https:\/\/www.novacam.com\/resources\/how-to-videos\/"]}]},{"@type":"BreadcrumbList","@id":"https:\/\/www.novacam.com\/resources\/how-to-videos\/#breadcrumb","itemListElement":[{"@type":"ListItem","position":1,"name":"Home","item":"https:\/\/www.novacam.com\/"},{"@type":"ListItem","position":2,"name":"Resources","item":"https:\/\/www.novacam.com\/resources\/"},{"@type":"ListItem","position":3,"name":"How-to videos"}]},{"@type":"WebSite","@id":"https:\/\/www.novacam.com\/#website","url":"https:\/\/www.novacam.com\/","name":"Novacam","description":"M\u00e9trologie 3D sans contact de haute pr\u00e9cision","potentialAction":[{"@type":"SearchAction","target":{"@type":"EntryPoint","urlTemplate":"https:\/\/www.novacam.com\/?s={search_term_string}"},"query-input":{"@type":"PropertyValueSpecification","valueRequired":true,"valueName":"search_term_string"}}],"inLanguage":"fr-CA"}]}},"_links":{"self":[{"href":"https:\/\/www.novacam.com\/fr\/wp-json\/wp\/v2\/pages\/4386","targetHints":{"allow":["GET"]}}],"collection":[{"href":"https:\/\/www.novacam.com\/fr\/wp-json\/wp\/v2\/pages"}],"about":[{"href":"https:\/\/www.novacam.com\/fr\/wp-json\/wp\/v2\/types\/page"}],"author":[{"embeddable":true,"href":"https:\/\/www.novacam.com\/fr\/wp-json\/wp\/v2\/users\/1"}],"replies":[{"embeddable":true,"href":"https:\/\/www.novacam.com\/fr\/wp-json\/wp\/v2\/comments?post=4386"}],"version-history":[{"count":15,"href":"https:\/\/www.novacam.com\/fr\/wp-json\/wp\/v2\/pages\/4386\/revisions"}],"predecessor-version":[{"id":41993,"href":"https:\/\/www.novacam.com\/fr\/wp-json\/wp\/v2\/pages\/4386\/revisions\/41993"}],"up":[{"embeddable":true,"href":"https:\/\/www.novacam.com\/fr\/wp-json\/wp\/v2\/pages\/8187"}],"wp:attachment":[{"href":"https:\/\/www.novacam.com\/fr\/wp-json\/wp\/v2\/media?parent=4386"}],"curies":[{"name":"wp","href":"https:\/\/api.w.org\/{rel}","templated":true}]}}