{"id":435,"date":"2011-04-03T09:23:55","date_gmt":"2011-04-03T09:23:55","guid":{"rendered":"http:\/\/coherencetomography.com\/novacam.com\/?page_id=435"},"modified":"2021-04-09T11:56:22","modified_gmt":"2021-04-09T15:56:22","slug":"technology","status":"publish","type":"page","link":"https:\/\/www.novacam.com\/fr\/technologie\/","title":{"rendered":"Technologie"},"content":{"rendered":"<section  class='av_textblock_section av-1sss9v-d5cc62741811376a7753876b5ded3beb'   itemscope=\"itemscope\" itemtype=\"https:\/\/schema.org\/CreativeWork\" ><div class='avia_textblock'  itemprop=\"text\" ><h1>TECHNOLOGIE<\/h1>\n<\/div><\/section>\n\n<style type=\"text\/css\" data-created_by=\"avia_inline_auto\" id=\"style-css-av-jilr57ok-5e2ac75a8e0567d278e4c0f7a5a0504c\">\n#top .hr.hr-invisible.av-jilr57ok-5e2ac75a8e0567d278e4c0f7a5a0504c{\nmargin-top:-10px;\nheight:1px;\n}\n<\/style>\n<div  class='hr av-jilr57ok-5e2ac75a8e0567d278e4c0f7a5a0504c hr-invisible  avia-builder-el-1  el_after_av_textblock  el_before_av_textblock'><span class='hr-inner'><span class=\"hr-inner-style\"><\/span><\/span><\/div>\n<section  class='av_textblock_section av-1sss9v-d5cc62741811376a7753876b5ded3beb'   itemscope=\"itemscope\" itemtype=\"https:\/\/schema.org\/CreativeWork\" ><div class='avia_textblock'  itemprop=\"text\" ><h4>Interf\u00e9rom\u00e9trie \u00e0 faible coh\u00e9rence<\/h4>\n<\/div><\/section>\n\n<style type=\"text\/css\" data-created_by=\"avia_inline_auto\" id=\"style-css-av-1lpkrv-2f87cf3975148200da535277dfd1b114\">\n.flex_column.av-1lpkrv-2f87cf3975148200da535277dfd1b114{\nborder-radius:0px 0px 0px 0px;\npadding:0px 0px 0px 0px;\n}\n<\/style>\n<div  class='flex_column av-1lpkrv-2f87cf3975148200da535277dfd1b114 av_four_fifth  avia-builder-el-3  el_after_av_textblock  el_before_av_four_fifth  first flex_column_div av-zero-column-padding  column-top-margin'     ><section  class='av_textblock_section av-1dvwcb-342f98aa87f331349d8a8339b7672924'   itemscope=\"itemscope\" itemtype=\"https:\/\/schema.org\/CreativeWork\" ><div class='avia_textblock'  itemprop=\"text\" ><h1><\/h1>\n<p><a href=\"https:\/\/www.novacam.com\/fr\/technologie\/comment-fonctionne-le-lci\/\">Fonctionnement de l'interf\u00e9rom\u00e9trie \u00e0 faible coh\u00e9rence (IFC)<\/a><\/p>\n<ul>\n<li>Principes de l'interf\u00e9rom\u00e9trie \u00e0 faible coh\u00e9rence<\/li>\n<li>Fonctionnement de nos interf\u00e9rom\u00e8tres \u00e0 faible coh\u00e9rence : interf\u00e9rom\u00e8tres dans le domaine temporel et dans le domaine fr\u00e9quentiel<\/li>\n<li>Comparaison d'interf\u00e9rom\u00e8tres LC dans le domaine temporel et dans le domaine fr\u00e9quentiel (avec source balay\u00e9e)<\/li>\n<\/ul>\n<\/div><\/section><\/div>\n\n<style type=\"text\/css\" data-created_by=\"avia_inline_auto\" id=\"style-css-av-17mv9f-fcaf1f866e9b6f012fc560063a8399d6\">\n.flex_column.av-17mv9f-fcaf1f866e9b6f012fc560063a8399d6{\nborder-radius:0px 0px 0px 0px;\npadding:0px 0px 0px 0px;\n}\n<\/style>\n<div  class='flex_column av-17mv9f-fcaf1f866e9b6f012fc560063a8399d6 av_four_fifth  avia-builder-el-5  el_after_av_four_fifth  el_before_av_four_fifth  first flex_column_div av-zero-column-padding'     ><section  class='av_textblock_section av-1129ij-b8ba715fbfd398b2276bb267c41fd598'   itemscope=\"itemscope\" itemtype=\"https:\/\/schema.org\/CreativeWork\" ><div class='avia_textblock'  itemprop=\"text\" ><h1><\/h1>\n<p><a href=\"https:\/\/www.novacam.com\/fr\/technologie\/what-we-measure\/\">Ce que nous mesurons<\/a><\/p>\n<ul>\n<li>Types d'objets, de surfaces, de mat\u00e9riaux<\/li>\n<li>Mesures acquises<\/li>\n<li>Donn\u00e9es fournies<\/li>\n<\/ul>\n<\/div><\/section><\/div>\n\n<style type=\"text\/css\" data-created_by=\"avia_inline_auto\" id=\"style-css-av-vqowr-93743184a3d4f08a02bfa076a35442db\">\n.flex_column.av-vqowr-93743184a3d4f08a02bfa076a35442db{\nborder-radius:0px 0px 0px 0px;\npadding:0px 0px 0px 0px;\n}\n<\/style>\n<div  class='flex_column av-vqowr-93743184a3d4f08a02bfa076a35442db av_four_fifth  avia-builder-el-7  el_after_av_four_fifth  el_before_av_hr  first flex_column_div av-zero-column-padding'     ><section  class='av_textblock_section av-t687f-2a20be644c24d0368f2c6921ea5e04f5'   itemscope=\"itemscope\" itemtype=\"https:\/\/schema.org\/CreativeWork\" ><div class='avia_textblock'  itemprop=\"text\" ><h1><\/h1>\n<p><a href=\"https:\/\/www.novacam.com\/fr\/technologie\/avantages\/\">Principaux avantages<\/a><\/p>\n<ul>\n<li>Avantages de l'interf\u00e9rom\u00e9trie \u00e0 faible coh\u00e9rence sur fibre optique<\/li>\n<\/ul>\n<\/div><\/section><\/div>\n\n<style type=\"text\/css\" data-created_by=\"avia_inline_auto\" id=\"style-css-av-kdf43-c217e1c4f1ebfb36db05b440bcfa5895\">\n#top .hr.hr-invisible.av-kdf43-c217e1c4f1ebfb36db05b440bcfa5895{\nheight:30px;\n}\n<\/style>\n<div  class='hr av-kdf43-c217e1c4f1ebfb36db05b440bcfa5895 hr-invisible  avia-builder-el-9  el_after_av_four_fifth  el_before_av_one_full'><span class='hr-inner'><span class=\"hr-inner-style\"><\/span><\/span><\/div>\n\n<style type=\"text\/css\" data-created_by=\"avia_inline_auto\" id=\"style-css-av-fwyxf-d0f77978b5dff1d1367f98950eefe160\">\n.flex_column.av-fwyxf-d0f77978b5dff1d1367f98950eefe160{\nborder-radius:0px 0px 0px 0px;\npadding:0px 0px 0px 0px;\n}\n<\/style>\n<div  class='flex_column av-fwyxf-d0f77978b5dff1d1367f98950eefe160 av_one_full  avia-builder-el-10  el_after_av_hr  el_before_av_one_third  first flex_column_div av-zero-column-padding'     ><style type=\"text\/css\" data-created_by=\"avia_inline_auto\" id=\"style-css-av-jhc3ylfa-e69f3d2ea4f1ca45379132611fcff224\">\n#top .av-special-heading.av-jhc3ylfa-e69f3d2ea4f1ca45379132611fcff224{\npadding-bottom:10px;\n}\nbody .av-special-heading.av-jhc3ylfa-e69f3d2ea4f1ca45379132611fcff224 .av-special-heading-tag .heading-char{\nfont-size:25px;\n}\n.av-special-heading.av-jhc3ylfa-e69f3d2ea4f1ca45379132611fcff224 .av-subheading{\nfont-size:15px;\n}\n<\/style>\n<div  class='av-special-heading av-jhc3ylfa-e69f3d2ea4f1ca45379132611fcff224 av-special-heading-h3  avia-builder-el-11  avia-builder-el-no-sibling'><h3 class='av-special-heading-tag'  itemprop=\"headline\"  >Liens connexes<\/h3><div class=\"special-heading-border\"><div class=\"special-heading-inner-border\"><\/div><\/div><\/div><\/div>\n\n<style type=\"text\/css\" data-created_by=\"avia_inline_auto\" id=\"style-css-av-18g1gr-2317caeca6d65831b42fbc80dedabc18\">\n.flex_column.av-18g1gr-2317caeca6d65831b42fbc80dedabc18{\nborder-radius:0px 0px 0px 0px;\npadding:0px 0px 0px 0px;\n}\n<\/style>\n<div  class='flex_column av-18g1gr-2317caeca6d65831b42fbc80dedabc18 av_one_third  avia-builder-el-12  el_after_av_one_full  el_before_av_one_third  first flex_column_div av-zero-column-padding  column-top-margin'     ><section  class='av_textblock_section av-3ncs3-9755d2f2237c148e459fbf79ca214fb4'   itemscope=\"itemscope\" itemtype=\"https:\/\/schema.org\/CreativeWork\" ><div class='avia_textblock'  itemprop=\"text\" ><p><a href=\"https:\/\/www.novacam.com\/fr\/products\/\">\n<style type=\"text\/css\" data-created_by=\"avia_inline_auto\" id=\"style-css-av-waioz-15129e036111ecc60b49fc74d64c8916\">\n.av_font_icon.av-waioz-15129e036111ecc60b49fc74d64c8916 .av-icon-char{\nfont-size:30px;\nline-height:30px;\n}\n<\/style>\n<span  class='av_font_icon av-waioz-15129e036111ecc60b49fc74d64c8916 avia_animate_when_visible av-icon-style- avia-icon-pos-left avia-iconfont avia-font-entypo-fontello av-no-color avia-icon-animate'><span class='av-icon-char' data-av_icon='\ue826' data-av_iconfont='entypo-fontello' aria-hidden=\"true\" ><\/span><\/span> Voir les syst\u00e8mes de m\u00e9trologie 3D NOVACAM<\/a>\u00a0sur la base de l'ICM<\/p>\n<\/div><\/section><\/div>\n<style type=\"text\/css\" data-created_by=\"avia_inline_auto\" id=\"style-css-av-18g1gr-3fb8df32a9c94486c488f834c640d0cd\">\n.flex_column.av-18g1gr-3fb8df32a9c94486c488f834c640d0cd{\nborder-radius:0px 0px 0px 0px;\npadding:0px 0px 0px 0px;\n}\n<\/style>\n<div  class='flex_column av-18g1gr-3fb8df32a9c94486c488f834c640d0cd av_one_third  avia-builder-el-15  el_after_av_one_third  avia-builder-el-last  flex_column_div av-zero-column-padding  column-top-margin'     ><section  class='av_textblock_section av-3ncs3-9755d2f2237c148e459fbf79ca214fb4'   itemscope=\"itemscope\" itemtype=\"https:\/\/schema.org\/CreativeWork\" ><div class='avia_textblock'  itemprop=\"text\" ><p><a href=\"https:\/\/www.novacam.com\/fr\/nous-contacter-2\/nous-contacter\/\">\n<style type=\"text\/css\" data-created_by=\"avia_inline_auto\" id=\"style-css-av-1v8pg3-48925116ff62d88059331475f774c943\">\n.av_font_icon.av-1v8pg3-48925116ff62d88059331475f774c943 .av-icon-char{\nfont-size:30px;\nline-height:30px;\n}\n<\/style>\n<span  class='av_font_icon av-1v8pg3-48925116ff62d88059331475f774c943 avia_animate_when_visible av-icon-style- avia-icon-pos-left avia-iconfont avia-font-entypo-fontello av-no-color avia-icon-animate'><span class='av-icon-char' data-av_icon='\ue80b' data-av_iconfont='entypo-fontello' aria-hidden=\"true\" ><\/span><\/span><\/a>\u00a0<a href=\"https:\/\/www.novacam.com\/fr\/nous-contacter-2\/nous-contacter\/\">Contactez nous<\/a>\u00a0ou <a href=\"https:\/\/www.novacam.com\/fr\/nous-contacter-2\/demander-un-echantillon-danalyse\/\">demander une analyse d'\u00e9chantillon gratuite<\/a> pour savoir si les syst\u00e8mes d'interf\u00e9rom\u00e9trie \u00e0 faible coh\u00e9rence conviennent \u00e0 votre application<\/p>\n<\/div><\/section><\/div><\/p>","protected":false},"excerpt":{"rendered":"","protected":false},"author":1,"featured_media":0,"parent":0,"menu_order":0,"comment_status":"closed","ping_status":"open","template":"","meta":{"_relevanssi_hide_post":"","_relevanssi_hide_content":"","_relevanssi_pin_for_all":"","_relevanssi_pin_keywords":"","_relevanssi_unpin_keywords":"","_relevanssi_related_keywords":"","_relevanssi_related_include_ids":"","_relevanssi_related_exclude_ids":"","_relevanssi_related_no_append":"","_relevanssi_related_not_related":"","_relevanssi_related_posts":"","_relevanssi_noindex_reason":"","footnotes":"","advanced-sidebar-menu\/link-title":"","advanced-sidebar-menu\/exclude-page":false},"class_list":["post-435","page","type-page","status-publish","hentry"],"yoast_head":"<!-- This site is optimized with the Yoast SEO plugin v27.4 - https:\/\/yoast.com\/product\/yoast-seo-wordpress\/ -->\n<title>Low-Coherence Interferometry Technology - Novacam<\/title>\n<meta name=\"robots\" content=\"index, follow, max-snippet:-1, max-image-preview:large, max-video-preview:-1\" \/>\n<link rel=\"canonical\" href=\"https:\/\/www.novacam.com\/fr\/technologie\/\" \/>\n<meta property=\"og:locale\" content=\"fr_CA\" \/>\n<meta property=\"og:type\" content=\"article\" \/>\n<meta property=\"og:title\" content=\"Low-Coherence Interferometry Technology - Novacam\" \/>\n<meta property=\"og:url\" content=\"https:\/\/www.novacam.com\/fr\/technologie\/\" \/>\n<meta property=\"og:site_name\" content=\"Novacam\" \/>\n<meta property=\"article:modified_time\" content=\"2021-04-09T15:56:22+00:00\" \/>\n<meta name=\"twitter:card\" content=\"summary_large_image\" \/>\n<meta name=\"twitter:label1\" content=\"Estimation du temps de lecture\" \/>\n\t<meta name=\"twitter:data1\" content=\"4 minutes\" \/>\n<script type=\"application\/ld+json\" class=\"yoast-schema-graph\">{\"@context\":\"https:\\\/\\\/schema.org\",\"@graph\":[{\"@type\":\"WebPage\",\"@id\":\"https:\\\/\\\/www.novacam.com\\\/technology\\\/\",\"url\":\"https:\\\/\\\/www.novacam.com\\\/technology\\\/\",\"name\":\"Low-Coherence Interferometry Technology - Novacam\",\"isPartOf\":{\"@id\":\"https:\\\/\\\/www.novacam.com\\\/#website\"},\"datePublished\":\"2011-04-03T09:23:55+00:00\",\"dateModified\":\"2021-04-09T15:56:22+00:00\",\"breadcrumb\":{\"@id\":\"https:\\\/\\\/www.novacam.com\\\/technology\\\/#breadcrumb\"},\"inLanguage\":\"fr-CA\",\"potentialAction\":[{\"@type\":\"ReadAction\",\"target\":[\"https:\\\/\\\/www.novacam.com\\\/technology\\\/\"]}]},{\"@type\":\"BreadcrumbList\",\"@id\":\"https:\\\/\\\/www.novacam.com\\\/technology\\\/#breadcrumb\",\"itemListElement\":[{\"@type\":\"ListItem\",\"position\":1,\"name\":\"Home\",\"item\":\"https:\\\/\\\/www.novacam.com\\\/\"},{\"@type\":\"ListItem\",\"position\":2,\"name\":\"Technology\"}]},{\"@type\":\"WebSite\",\"@id\":\"https:\\\/\\\/www.novacam.com\\\/#website\",\"url\":\"https:\\\/\\\/www.novacam.com\\\/\",\"name\":\"Novacam\",\"description\":\"High-precision non-contact 3D metrology\",\"potentialAction\":[{\"@type\":\"SearchAction\",\"target\":{\"@type\":\"EntryPoint\",\"urlTemplate\":\"https:\\\/\\\/www.novacam.com\\\/?s={search_term_string}\"},\"query-input\":{\"@type\":\"PropertyValueSpecification\",\"valueRequired\":true,\"valueName\":\"search_term_string\"}}],\"inLanguage\":\"fr-CA\"}]}<\/script>\n<!-- \/ Yoast SEO plugin. -->","yoast_head_json":{"title":"Technologie d'interf\u00e9rom\u00e9trie \u00e0 faible coh\u00e9rence - Novacam","robots":{"index":"index","follow":"follow","max-snippet":"max-snippet:-1","max-image-preview":"max-image-preview:large","max-video-preview":"max-video-preview:-1"},"canonical":"https:\/\/www.novacam.com\/fr\/technologie\/","og_locale":"fr_CA","og_type":"article","og_title":"Low-Coherence Interferometry Technology - Novacam","og_url":"https:\/\/www.novacam.com\/fr\/technologie\/","og_site_name":"Novacam","article_modified_time":"2021-04-09T15:56:22+00:00","twitter_card":"summary_large_image","twitter_misc":{"Estimation du temps de lecture":"4 minutes"},"schema":{"@context":"https:\/\/schema.org","@graph":[{"@type":"WebPage","@id":"https:\/\/www.novacam.com\/technology\/","url":"https:\/\/www.novacam.com\/technology\/","name":"Technologie d'interf\u00e9rom\u00e9trie \u00e0 faible coh\u00e9rence - Novacam","isPartOf":{"@id":"https:\/\/www.novacam.com\/#website"},"datePublished":"2011-04-03T09:23:55+00:00","dateModified":"2021-04-09T15:56:22+00:00","breadcrumb":{"@id":"https:\/\/www.novacam.com\/technology\/#breadcrumb"},"inLanguage":"fr-CA","potentialAction":[{"@type":"ReadAction","target":["https:\/\/www.novacam.com\/technology\/"]}]},{"@type":"BreadcrumbList","@id":"https:\/\/www.novacam.com\/technology\/#breadcrumb","itemListElement":[{"@type":"ListItem","position":1,"name":"Home","item":"https:\/\/www.novacam.com\/"},{"@type":"ListItem","position":2,"name":"Technology"}]},{"@type":"WebSite","@id":"https:\/\/www.novacam.com\/#website","url":"https:\/\/www.novacam.com\/","name":"Novacam","description":"M\u00e9trologie 3D sans contact de haute pr\u00e9cision","potentialAction":[{"@type":"SearchAction","target":{"@type":"EntryPoint","urlTemplate":"https:\/\/www.novacam.com\/?s={search_term_string}"},"query-input":{"@type":"PropertyValueSpecification","valueRequired":true,"valueName":"search_term_string"}}],"inLanguage":"fr-CA"}]}},"_links":{"self":[{"href":"https:\/\/www.novacam.com\/fr\/wp-json\/wp\/v2\/pages\/435","targetHints":{"allow":["GET"]}}],"collection":[{"href":"https:\/\/www.novacam.com\/fr\/wp-json\/wp\/v2\/pages"}],"about":[{"href":"https:\/\/www.novacam.com\/fr\/wp-json\/wp\/v2\/types\/page"}],"author":[{"embeddable":true,"href":"https:\/\/www.novacam.com\/fr\/wp-json\/wp\/v2\/users\/1"}],"replies":[{"embeddable":true,"href":"https:\/\/www.novacam.com\/fr\/wp-json\/wp\/v2\/comments?post=435"}],"version-history":[{"count":20,"href":"https:\/\/www.novacam.com\/fr\/wp-json\/wp\/v2\/pages\/435\/revisions"}],"predecessor-version":[{"id":42359,"href":"https:\/\/www.novacam.com\/fr\/wp-json\/wp\/v2\/pages\/435\/revisions\/42359"}],"wp:attachment":[{"href":"https:\/\/www.novacam.com\/fr\/wp-json\/wp\/v2\/media?parent=435"}],"curies":[{"name":"wp","href":"https:\/\/api.w.org\/{rel}","templated":true}]}}