{"id":433,"date":"2011-04-03T09:23:29","date_gmt":"2011-04-03T09:23:29","guid":{"rendered":"http:\/\/coherencetomography.com\/novacam.com\/?page_id=433"},"modified":"2018-08-19T19:10:11","modified_gmt":"2018-08-19T19:10:11","slug":"company","status":"publish","type":"page","link":"https:\/\/www.novacam.com\/fr\/entreprise\/","title":{"rendered":"Entreprise"},"content":{"rendered":"<section  class='av_textblock_section av-1yl3i1-2fa1f695bdbe52763f504664f5fb9435'   itemscope=\"itemscope\" itemtype=\"https:\/\/schema.org\/CreativeWork\" ><div class='avia_textblock'  itemprop=\"text\" ><h1>SOCI\u00c9T\u00c9<\/h1>\n<\/div><\/section>\n<section  class='av_textblock_section av-1yl3i1-2fa1f695bdbe52763f504664f5fb9435'   itemscope=\"itemscope\" itemtype=\"https:\/\/schema.org\/CreativeWork\" ><div class='avia_textblock'  itemprop=\"text\" ><h4>Novacam Technologies Incorporated<\/h4>\n<\/div><\/section>\n\n<style type=\"text\/css\" data-created_by=\"avia_inline_auto\" id=\"style-css-av-1oykyp-8ffdd28985e61ba55c23158fdcf23870\">\n.flex_column.av-1oykyp-8ffdd28985e61ba55c23158fdcf23870{\nborder-radius:0px 0px 0px 0px;\npadding:0px 0px 0px 0px;\n}\n<\/style>\n<div  class='flex_column av-1oykyp-8ffdd28985e61ba55c23158fdcf23870 av_four_fifth  avia-builder-el-2  el_after_av_textblock  el_before_av_one_fifth  first flex_column_div av-zero-column-padding  column-top-margin'     ><section  class='av_textblock_section av-1kcepl-23b6d628b64cfae543b9cabc487d67ba'   itemscope=\"itemscope\" itemtype=\"https:\/\/schema.org\/CreativeWork\" ><div class='avia_textblock'  itemprop=\"text\" ><p><a href=\"https:\/\/www.novacam.com\/fr\/entreprise\/a-propos-de-nous\/\">A propos de nous<\/a> - notre expertise et nos offres<\/p>\n<\/div><\/section><\/div>\n\n<style type=\"text\/css\" data-created_by=\"avia_inline_auto\" id=\"style-css-av-qmxxt-af49abb1f9e54e1693f0bb174d54e15f\">\n.flex_column.av-qmxxt-af49abb1f9e54e1693f0bb174d54e15f{\nborder-radius:0px 0px 0px 0px;\npadding:0px 0px 0px 0px;\n}\n<\/style>\n<div  class='flex_column av-qmxxt-af49abb1f9e54e1693f0bb174d54e15f av_one_fifth  avia-builder-el-4  el_after_av_four_fifth  el_before_av_four_fifth  flex_column_div av-zero-column-padding  column-top-margin'     ><\/div>\n\n<style type=\"text\/css\" data-created_by=\"avia_inline_auto\" id=\"style-css-av-1oykyp-8ffdd28985e61ba55c23158fdcf23870\">\n.flex_column.av-1oykyp-8ffdd28985e61ba55c23158fdcf23870{\nborder-radius:0px 0px 0px 0px;\npadding:0px 0px 0px 0px;\n}\n<\/style>\n<div  class='flex_column av-1oykyp-8ffdd28985e61ba55c23158fdcf23870 av_four_fifth  avia-builder-el-5  el_after_av_one_fifth  el_before_av_one_fifth  first flex_column_div av-zero-column-padding  column-top-margin'     ><section  class='av_textblock_section av-1kcepl-23b6d628b64cfae543b9cabc487d67ba'   itemscope=\"itemscope\" itemtype=\"https:\/\/schema.org\/CreativeWork\" ><div class='avia_textblock'  itemprop=\"text\" ><p><a href=\"https:\/\/www.novacam.com\/fr\/entreprise\/nouvelles\/\">Actualit\u00e9s et \u00e9v\u00e9nements<\/a> - notre canal pour les nouvelles de l'entreprise, les annonces et les informations sur la m\u00e9trologie 3D<\/p>\n<\/div><\/section><\/div>\n<style type=\"text\/css\" data-created_by=\"avia_inline_auto\" id=\"style-css-av-qmxxt-af49abb1f9e54e1693f0bb174d54e15f\">\n.flex_column.av-qmxxt-af49abb1f9e54e1693f0bb174d54e15f{\nborder-radius:0px 0px 0px 0px;\npadding:0px 0px 0px 0px;\n}\n<\/style>\n<div  class='flex_column av-qmxxt-af49abb1f9e54e1693f0bb174d54e15f av_one_fifth  avia-builder-el-7  el_after_av_four_fifth  el_before_av_four_fifth  flex_column_div av-zero-column-padding  column-top-margin'     ><\/div><\/p>\n\n<style type=\"text\/css\" data-created_by=\"avia_inline_auto\" id=\"style-css-av-1dzwmp-d4ecf08315ed53bc80535d9e3e8232b7\">\n.flex_column.av-1dzwmp-d4ecf08315ed53bc80535d9e3e8232b7{\nborder-radius:0px 0px 0px 0px;\npadding:0px 0px 0px 0px;\n}\n<\/style>\n<div  class='flex_column av-1dzwmp-d4ecf08315ed53bc80535d9e3e8232b7 av_four_fifth  avia-builder-el-8  el_after_av_one_fifth  el_before_av_one_fifth  first flex_column_div av-zero-column-padding  column-top-margin'     ><section  class='av_textblock_section av-16xomh-df7dbc253fb2b15395adfae652c97672'   itemscope=\"itemscope\" itemtype=\"https:\/\/schema.org\/CreativeWork\" ><div class='avia_textblock'  itemprop=\"text\" ><p><a href=\"https:\/\/www.novacam.com\/fr\/entreprise\/mission\/\">La mission<\/a> - notre mission et nos principes de fonctionnement<\/p>\n<\/div><\/section><\/div>\n\n<style type=\"text\/css\" data-created_by=\"avia_inline_auto\" id=\"style-css-av-ki2jt-d37cbfc6ac79885e3ccf58a016a4a36f\">\n.flex_column.av-ki2jt-d37cbfc6ac79885e3ccf58a016a4a36f{\nborder-radius:0px 0px 0px 0px;\npadding:0px 0px 0px 0px;\n}\n<\/style>\n<div  class='flex_column av-ki2jt-d37cbfc6ac79885e3ccf58a016a4a36f av_one_fifth  avia-builder-el-10  el_after_av_four_fifth  el_before_av_four_fifth  flex_column_div av-zero-column-padding  column-top-margin'     ><\/div>\n\n<style type=\"text\/css\" data-created_by=\"avia_inline_auto\" id=\"style-css-av-12unex-c4189d8a7385fff92989f30fc9a859d0\">\n.flex_column.av-12unex-c4189d8a7385fff92989f30fc9a859d0{\nborder-radius:0px 0px 0px 0px;\npadding:0px 0px 0px 0px;\n}\n<\/style>\n<div  class='flex_column av-12unex-c4189d8a7385fff92989f30fc9a859d0 av_four_fifth  avia-builder-el-11  el_after_av_one_fifth  el_before_av_one_fifth  first flex_column_div av-zero-column-padding  column-top-margin'     ><section  class='av_textblock_section av-zdcm1-f7729f0d5c82ee43f40f4c4136139d2a'   itemscope=\"itemscope\" itemtype=\"https:\/\/schema.org\/CreativeWork\" ><div class='avia_textblock'  itemprop=\"text\" ><p><a href=\"https:\/\/www.novacam.com\/fr\/entreprise\/partenaires\/\">Partenaires<\/a> - les relations avec les int\u00e9grateurs de syst\u00e8mes et les tiers<\/p>\n<\/div><\/section><\/div>\n\n<style type=\"text\/css\" data-created_by=\"avia_inline_auto\" id=\"style-css-av-ddpdt-ea5bf1110de224d2ba2541d761a34754\">\n.flex_column.av-ddpdt-ea5bf1110de224d2ba2541d761a34754{\nborder-radius:0px 0px 0px 0px;\npadding:0px 0px 0px 0px;\n}\n<\/style>\n<div  class='flex_column av-ddpdt-ea5bf1110de224d2ba2541d761a34754 av_one_fifth  avia-builder-el-13  el_after_av_four_fifth  el_before_av_four_fifth  flex_column_div av-zero-column-padding  column-top-margin'     ><\/div>\n\n<style type=\"text\/css\" data-created_by=\"avia_inline_auto\" id=\"style-css-av-qvx8p-a1fcaf0e9a32ff21edaa28c4f3b0a58f\">\n.flex_column.av-qvx8p-a1fcaf0e9a32ff21edaa28c4f3b0a58f{\nborder-radius:0px 0px 0px 0px;\npadding:0px 0px 0px 0px;\n}\n<\/style>\n<div  class='flex_column av-qvx8p-a1fcaf0e9a32ff21edaa28c4f3b0a58f av_four_fifth  avia-builder-el-14  el_after_av_one_fifth  el_before_av_one_fifth  first flex_column_div av-zero-column-padding  column-top-margin'     ><section  class='av_textblock_section av-lya6h-fbdb356622f66201dfeb7debe714deed'   itemscope=\"itemscope\" itemtype=\"https:\/\/schema.org\/CreativeWork\" ><div class='avia_textblock'  itemprop=\"text\" ><p><a href=\"https:\/\/www.novacam.com\/fr\/entreprise\/distributeurs-2\/\">Distributeurs et agents<\/a> - dans le monde entier<\/p>\n<\/div><\/section><\/div>\n\n<style type=\"text\/css\" data-created_by=\"avia_inline_auto\" id=\"style-css-av-9gac1-52958a6c58f6c69292629256fec1370d\">\n.flex_column.av-9gac1-52958a6c58f6c69292629256fec1370d{\nborder-radius:0px 0px 0px 0px;\npadding:0px 0px 0px 0px;\n}\n<\/style>\n<div  class='flex_column av-9gac1-52958a6c58f6c69292629256fec1370d av_one_fifth  avia-builder-el-16  el_after_av_four_fifth  el_before_av_four_fifth  flex_column_div av-zero-column-padding  column-top-margin'     ><\/div>\n\n<style type=\"text\/css\" data-created_by=\"avia_inline_auto\" id=\"style-css-av-hpz5l-811319e33bd3de1cdfa2dce57b9ef125\">\n.flex_column.av-hpz5l-811319e33bd3de1cdfa2dce57b9ef125{\nborder-radius:0px 0px 0px 0px;\npadding:0px 0px 0px 0px;\n}\n<\/style>\n<div  class='flex_column av-hpz5l-811319e33bd3de1cdfa2dce57b9ef125 av_four_fifth  avia-builder-el-17  el_after_av_one_fifth  avia-builder-el-last  first flex_column_div av-zero-column-padding  column-top-margin'     ><section  class='av_textblock_section av-801xl-4ed667245b6c3053f15ce4b3074dbc62'   itemscope=\"itemscope\" itemtype=\"https:\/\/schema.org\/CreativeWork\" ><div class='avia_textblock'  itemprop=\"text\" ><p><a href=\"https:\/\/www.novacam.com\/fr\/entreprise\/carrieres\/\">Carri\u00e8res<\/a> - Offres d'emploi et proc\u00e9dure de candidature<\/p>\n<\/div><\/section><\/div>","protected":false},"excerpt":{"rendered":"","protected":false},"author":1,"featured_media":0,"parent":0,"menu_order":0,"comment_status":"closed","ping_status":"open","template":"","meta":{"_relevanssi_hide_post":"","_relevanssi_hide_content":"","_relevanssi_pin_for_all":"","_relevanssi_pin_keywords":"","_relevanssi_unpin_keywords":"","_relevanssi_related_keywords":"","_relevanssi_related_include_ids":"","_relevanssi_related_exclude_ids":"","_relevanssi_related_no_append":"","_relevanssi_related_not_related":"","_relevanssi_related_posts":"","_relevanssi_noindex_reason":"","footnotes":"","advanced-sidebar-menu\/link-title":"","advanced-sidebar-menu\/exclude-page":false},"class_list":["post-433","page","type-page","status-publish","hentry"],"yoast_head":"<!-- This site is optimized with the Yoast SEO plugin v27.4 - https:\/\/yoast.com\/product\/yoast-seo-wordpress\/ -->\n<title>Company - Novacam<\/title>\n<meta name=\"robots\" content=\"index, follow, max-snippet:-1, max-image-preview:large, max-video-preview:-1\" \/>\n<link rel=\"canonical\" href=\"https:\/\/www.novacam.com\/fr\/entreprise\/\" \/>\n<meta property=\"og:locale\" content=\"fr_CA\" \/>\n<meta property=\"og:type\" content=\"article\" \/>\n<meta property=\"og:title\" content=\"Company - Novacam\" \/>\n<meta property=\"og:url\" content=\"https:\/\/www.novacam.com\/fr\/entreprise\/\" \/>\n<meta property=\"og:site_name\" content=\"Novacam\" \/>\n<meta property=\"article:modified_time\" content=\"2018-08-19T19:10:11+00:00\" \/>\n<meta name=\"twitter:card\" content=\"summary_large_image\" \/>\n<meta name=\"twitter:label1\" content=\"Estimation du temps de lecture\" \/>\n\t<meta name=\"twitter:data1\" content=\"5 minutes\" \/>\n<script type=\"application\/ld+json\" class=\"yoast-schema-graph\">{\"@context\":\"https:\\\/\\\/schema.org\",\"@graph\":[{\"@type\":\"WebPage\",\"@id\":\"https:\\\/\\\/www.novacam.com\\\/company\\\/\",\"url\":\"https:\\\/\\\/www.novacam.com\\\/company\\\/\",\"name\":\"Company - Novacam\",\"isPartOf\":{\"@id\":\"https:\\\/\\\/www.novacam.com\\\/#website\"},\"datePublished\":\"2011-04-03T09:23:29+00:00\",\"dateModified\":\"2018-08-19T19:10:11+00:00\",\"breadcrumb\":{\"@id\":\"https:\\\/\\\/www.novacam.com\\\/company\\\/#breadcrumb\"},\"inLanguage\":\"fr-CA\",\"potentialAction\":[{\"@type\":\"ReadAction\",\"target\":[\"https:\\\/\\\/www.novacam.com\\\/company\\\/\"]}]},{\"@type\":\"BreadcrumbList\",\"@id\":\"https:\\\/\\\/www.novacam.com\\\/company\\\/#breadcrumb\",\"itemListElement\":[{\"@type\":\"ListItem\",\"position\":1,\"name\":\"Home\",\"item\":\"https:\\\/\\\/www.novacam.com\\\/\"},{\"@type\":\"ListItem\",\"position\":2,\"name\":\"Company\"}]},{\"@type\":\"WebSite\",\"@id\":\"https:\\\/\\\/www.novacam.com\\\/#website\",\"url\":\"https:\\\/\\\/www.novacam.com\\\/\",\"name\":\"Novacam\",\"description\":\"High-precision non-contact 3D metrology\",\"potentialAction\":[{\"@type\":\"SearchAction\",\"target\":{\"@type\":\"EntryPoint\",\"urlTemplate\":\"https:\\\/\\\/www.novacam.com\\\/?s={search_term_string}\"},\"query-input\":{\"@type\":\"PropertyValueSpecification\",\"valueRequired\":true,\"valueName\":\"search_term_string\"}}],\"inLanguage\":\"fr-CA\"}]}<\/script>\n<!-- \/ Yoast SEO plugin. -->","yoast_head_json":{"title":"Entreprise - Novacam","robots":{"index":"index","follow":"follow","max-snippet":"max-snippet:-1","max-image-preview":"max-image-preview:large","max-video-preview":"max-video-preview:-1"},"canonical":"https:\/\/www.novacam.com\/fr\/entreprise\/","og_locale":"fr_CA","og_type":"article","og_title":"Company - Novacam","og_url":"https:\/\/www.novacam.com\/fr\/entreprise\/","og_site_name":"Novacam","article_modified_time":"2018-08-19T19:10:11+00:00","twitter_card":"summary_large_image","twitter_misc":{"Estimation du temps de lecture":"5 minutes"},"schema":{"@context":"https:\/\/schema.org","@graph":[{"@type":"WebPage","@id":"https:\/\/www.novacam.com\/company\/","url":"https:\/\/www.novacam.com\/company\/","name":"Entreprise - Novacam","isPartOf":{"@id":"https:\/\/www.novacam.com\/#website"},"datePublished":"2011-04-03T09:23:29+00:00","dateModified":"2018-08-19T19:10:11+00:00","breadcrumb":{"@id":"https:\/\/www.novacam.com\/company\/#breadcrumb"},"inLanguage":"fr-CA","potentialAction":[{"@type":"ReadAction","target":["https:\/\/www.novacam.com\/company\/"]}]},{"@type":"BreadcrumbList","@id":"https:\/\/www.novacam.com\/company\/#breadcrumb","itemListElement":[{"@type":"ListItem","position":1,"name":"Home","item":"https:\/\/www.novacam.com\/"},{"@type":"ListItem","position":2,"name":"Company"}]},{"@type":"WebSite","@id":"https:\/\/www.novacam.com\/#website","url":"https:\/\/www.novacam.com\/","name":"Novacam","description":"M\u00e9trologie 3D sans contact de haute pr\u00e9cision","potentialAction":[{"@type":"SearchAction","target":{"@type":"EntryPoint","urlTemplate":"https:\/\/www.novacam.com\/?s={search_term_string}"},"query-input":{"@type":"PropertyValueSpecification","valueRequired":true,"valueName":"search_term_string"}}],"inLanguage":"fr-CA"}]}},"_links":{"self":[{"href":"https:\/\/www.novacam.com\/fr\/wp-json\/wp\/v2\/pages\/433","targetHints":{"allow":["GET"]}}],"collection":[{"href":"https:\/\/www.novacam.com\/fr\/wp-json\/wp\/v2\/pages"}],"about":[{"href":"https:\/\/www.novacam.com\/fr\/wp-json\/wp\/v2\/types\/page"}],"author":[{"embeddable":true,"href":"https:\/\/www.novacam.com\/fr\/wp-json\/wp\/v2\/users\/1"}],"replies":[{"embeddable":true,"href":"https:\/\/www.novacam.com\/fr\/wp-json\/wp\/v2\/comments?post=433"}],"version-history":[{"count":14,"href":"https:\/\/www.novacam.com\/fr\/wp-json\/wp\/v2\/pages\/433\/revisions"}],"predecessor-version":[{"id":44048,"href":"https:\/\/www.novacam.com\/fr\/wp-json\/wp\/v2\/pages\/433\/revisions\/44048"}],"wp:attachment":[{"href":"https:\/\/www.novacam.com\/fr\/wp-json\/wp\/v2\/media?parent=433"}],"curies":[{"name":"wp","href":"https:\/\/api.w.org\/{rel}","templated":true}]}}