{"id":36577,"date":"2019-05-15T12:40:27","date_gmt":"2019-05-15T12:40:27","guid":{"rendered":"https:\/\/www.novacam.com\/?page_id=36577"},"modified":"2019-05-31T21:53:31","modified_gmt":"2019-05-31T21:53:31","slug":"temp-edgeinspect-system-software-tab","status":"publish","type":"page","link":"https:\/\/www.novacam.com\/fr\/onglet-logiciel-du-systeme-temp-edgeinspect\/","title":{"rendered":"temp-EdgeInspect-system-software-tab"},"content":{"rendered":"<style type=\"text\/css\" data-created_by=\"avia_inline_auto\" id=\"style-css-av-594llhu-e15193336b1725e92602eedd7e9ad99a\">\n.flex_column.av-594llhu-e15193336b1725e92602eedd7e9ad99a{\nborder-radius:0px 0px 0px 0px;\npadding:0px 0px 0px 0px;\n}\n<\/style>\n<div  class='flex_column av-594llhu-e15193336b1725e92602eedd7e9ad99a av_one_full  avia-builder-el-0  el_before_av_two_third  avia-builder-el-first  first flex_column_div av-zero-column-padding'     ><section  class='av_textblock_section av-1q6daq-693a146bc1ca5fefc3f6e4202d7fb505'   itemscope=\"itemscope\" itemtype=\"https:\/\/schema.org\/CreativeWork\" ><div class='avia_textblock'  itemprop=\"text\" ><h2>Logiciel syst\u00e8me<\/h2>\n<\/div><\/section><\/div>\n\n<style type=\"text\/css\" data-created_by=\"avia_inline_auto\" id=\"style-css-av-4cw9wmq-36231bcee72796a6470df14e03280191\">\n.flex_column.av-4cw9wmq-36231bcee72796a6470df14e03280191{\nborder-radius:0px 0px 0px 0px;\npadding:0px 0px 0px 0px;\n}\n<\/style>\n<div  class='flex_column av-4cw9wmq-36231bcee72796a6470df14e03280191 av_two_third  avia-builder-el-2  el_after_av_one_full  el_before_av_one_third  first flex_column_div av-zero-column-padding  column-top-margin'     ><section  class='av_textblock_section av-jv3w8dea-4781facc7d640cd47bc91a9ae0147790'   itemscope=\"itemscope\" itemtype=\"https:\/\/schema.org\/CreativeWork\" ><div class='avia_textblock'  itemprop=\"text\" ><p><strong>EdgeInspect est livr\u00e9 avec le logiciel d'acquisition de donn\u00e9es haute performance Novacam<\/strong>qui est PC Windows<small><small><sup>\u00ae<\/sup><\/small><\/small>-Bas\u00e9 sur la technologie et convivial pour la programmation par balayage.<\/p>\n<\/div><\/section><\/div>\n\n<style type=\"text\/css\" data-created_by=\"avia_inline_auto\" id=\"style-css-av-e2kb82-e466831abc97111a371af595ad62e782\">\n.flex_column.av-e2kb82-e466831abc97111a371af595ad62e782{\nborder-radius:0px 0px 0px 0px;\npadding:0px 0px 0px 0px;\n}\n<\/style>\n<div  class='flex_column av-e2kb82-e466831abc97111a371af595ad62e782 av_one_third  avia-builder-el-4  el_after_av_two_third  el_before_av_two_third  flex_column_div av-zero-column-padding  column-top-margin'     ><section  class='av_textblock_section av-jv3wai07-3ca47d9787bbaa39e946a1caf67838a0'   itemscope=\"itemscope\" itemtype=\"https:\/\/schema.org\/CreativeWork\" ><div class='avia_textblock'  itemprop=\"text\" ><div id=\"attachment_36390\" style=\"width: 810px\" class=\"wp-caption alignnone\"><a href=\"https:\/\/www.novacam.com\/wp-content\/uploads\/Microcam-Data-Acquisition-GUI.png\" rel=\"attachment wp-att-36390\"><img loading=\"lazy\" decoding=\"async\" aria-describedby=\"caption-attachment-36390\" class=\"size-full wp-image-36390\" src=\"https:\/\/www.novacam.com\/wp-content\/uploads\/Microcam-Data-Acquisition-GUI.png\" alt=\"\" width=\"800\" height=\"364\" srcset=\"https:\/\/www.novacam.com\/wp-content\/uploads\/Microcam-Data-Acquisition-GUI.png 800w, https:\/\/www.novacam.com\/wp-content\/uploads\/Microcam-Data-Acquisition-GUI-140x64.png 140w, https:\/\/www.novacam.com\/wp-content\/uploads\/Microcam-Data-Acquisition-GUI-300x137.png 300w, https:\/\/www.novacam.com\/wp-content\/uploads\/Microcam-Data-Acquisition-GUI-768x349.png 768w, https:\/\/www.novacam.com\/wp-content\/uploads\/Microcam-Data-Acquisition-GUI-705x321.png 705w, https:\/\/www.novacam.com\/wp-content\/uploads\/Microcam-Data-Acquisition-GUI-450x205.png 450w\" sizes=\"auto, (max-width: 800px) 100vw, 800px\" \/><\/a><p id=\"caption-attachment-36390\" class=\"wp-caption-text\">Logiciel d'acquisition de donn\u00e9es Novacam<\/p><\/div>\n<\/div><\/section><\/div>\n\n<style type=\"text\/css\" data-created_by=\"avia_inline_auto\" id=\"style-css-av-4cw9wmq-36231bcee72796a6470df14e03280191\">\n.flex_column.av-4cw9wmq-36231bcee72796a6470df14e03280191{\nborder-radius:0px 0px 0px 0px;\npadding:0px 0px 0px 0px;\n}\n<\/style>\n<div  class='flex_column av-4cw9wmq-36231bcee72796a6470df14e03280191 av_two_third  avia-builder-el-6  el_after_av_one_third  el_before_av_one_third  first flex_column_div av-zero-column-padding  column-top-margin'     ><section  class='av_textblock_section av-jv3w8dea-4781facc7d640cd47bc91a9ae0147790'   itemscope=\"itemscope\" itemtype=\"https:\/\/schema.org\/CreativeWork\" ><div class='avia_textblock'  itemprop=\"text\" ><p><strong>Le syst\u00e8me g\u00e9n\u00e8re simultan\u00e9ment 3 ensembles de donn\u00e9es \u00e0 partir du m\u00eame balayage<\/strong>: Nuage de points 3D, image de l'intensit\u00e9 lumineuse et image de la hauteur. Les images de hauteur et d'intensit\u00e9 lumineuse facilitent la d\u00e9tection des d\u00e9fauts. Le format de fichier STL est \u00e9galement disponible.<\/p>\n<\/div><\/section><\/div>\n\n<style type=\"text\/css\" data-created_by=\"avia_inline_auto\" id=\"style-css-av-3cs7s36-106c0a93dc101a4b8d02c64364f446e7\">\n.flex_column.av-3cs7s36-106c0a93dc101a4b8d02c64364f446e7{\nborder-radius:0px 0px 0px 0px;\npadding:0px 0px 0px 0px;\n}\n<\/style>\n<div  class='flex_column av-3cs7s36-106c0a93dc101a4b8d02c64364f446e7 av_one_third  avia-builder-el-8  el_after_av_two_third  el_before_av_two_third  flex_column_div av-zero-column-padding  column-top-margin'     ><section  class='av_textblock_section av-jv3wai07-3ca47d9787bbaa39e946a1caf67838a0'   itemscope=\"itemscope\" itemtype=\"https:\/\/schema.org\/CreativeWork\" ><div class='avia_textblock'  itemprop=\"text\" ><div id=\"attachment_36758\" style=\"width: 310px\" class=\"wp-caption alignnone\"><a href=\"https:\/\/www.novacam.com\/wp-content\/uploads\/Edge-radius-measurement-in-3-output-formats.jpg\" rel=\"attachment wp-att-36503\"><img loading=\"lazy\" decoding=\"async\" aria-describedby=\"caption-attachment-36758\" class=\"wp-image-36758 size-medium\" src=\"https:\/\/www.novacam.com\/wp-content\/uploads\/Edge-radius-measurement-in-3-output-formats-300x170.jpg\" alt=\"\" width=\"300\" height=\"170\" srcset=\"https:\/\/www.novacam.com\/wp-content\/uploads\/Edge-radius-measurement-in-3-output-formats-300x170.jpg 300w, https:\/\/www.novacam.com\/wp-content\/uploads\/Edge-radius-measurement-in-3-output-formats-140x80.jpg 140w, https:\/\/www.novacam.com\/wp-content\/uploads\/Edge-radius-measurement-in-3-output-formats-450x256.jpg 450w, https:\/\/www.novacam.com\/wp-content\/uploads\/Edge-radius-measurement-in-3-output-formats.jpg 500w\" sizes=\"auto, (max-width: 300px) 100vw, 300px\" \/><\/a><p id=\"caption-attachment-36758\" class=\"wp-caption-text\">Les mesures de surface sont g\u00e9n\u00e9r\u00e9es en trois formats : nuage de points 3D, carte d'intensit\u00e9 et carte de hauteur.<\/p><\/div>\n<\/div><\/section><\/div>\n\n<style type=\"text\/css\" data-created_by=\"avia_inline_auto\" id=\"style-css-av-32djp3m-b5af47082711c556a24b8f836b264057\">\n.flex_column.av-32djp3m-b5af47082711c556a24b8f836b264057{\nborder-radius:0px 0px 0px 0px;\npadding:0px 0px 0px 0px;\n}\n<\/style>\n<div  class='flex_column av-32djp3m-b5af47082711c556a24b8f836b264057 av_two_third  avia-builder-el-10  el_after_av_one_third  el_before_av_one_third  first flex_column_div av-zero-column-padding  column-top-margin'     ><section  class='av_textblock_section av-jv3w8qop-b73e06e54e103f10f799992ad7f2b7a6'   itemscope=\"itemscope\" itemtype=\"https:\/\/schema.org\/CreativeWork\" ><div class='avia_textblock'  itemprop=\"text\" ><p><strong>Pour une analyse GD&amp;T compl\u00e8te des pi\u00e8ces mesur\u00e9es, une solution cl\u00e9 en main est disponible avec le logiciel de m\u00e9trologie PolyWorks Inspector d'InnovMetric.<small><small><sup>TM<\/sup><\/small><\/small><\/strong> qui peuvent \u00eatre achet\u00e9s avec le syst\u00e8me EdgeInspect.<\/p>\n<ul>\n<li>Les rapports \"go-no-go\" sont facilement programm\u00e9s et automatis\u00e9s et fournissent des mesures telles que le rayon des ar\u00eates, l'angle, l'angularit\u00e9, etc.<\/li>\n<\/ul>\n<\/div><\/section><\/div>\n<style type=\"text\/css\" data-created_by=\"avia_inline_auto\" id=\"style-css-av-2jzb8xe-8a3b5749aa6d3e4b4d23363ecee5a952\">\n.flex_column.av-2jzb8xe-8a3b5749aa6d3e4b4d23363ecee5a952{\nborder-radius:0px 0px 0px 0px;\npadding:0px 0px 0px 0px;\n}\n<\/style>\n<div  class='flex_column av-2jzb8xe-8a3b5749aa6d3e4b4d23363ecee5a952 av_one_third  avia-builder-el-12  el_after_av_two_third  el_before_av_two_third  flex_column_div av-zero-column-padding  column-top-margin'     ><section  class='av_textblock_section av-jv3x12uy-e7ea1d096a424bada68427a6f613a411'   itemscope=\"itemscope\" itemtype=\"https:\/\/schema.org\/CreativeWork\" ><div class='avia_textblock'  itemprop=\"text\" ><div id=\"attachment_36757\" style=\"width: 310px\" class=\"wp-caption alignnone\"><a href=\"https:\/\/www.novacam.com\/wp-content\/uploads\/Cutting-tool-edge-with-callouts.png\" rel=\"attachment wp-att-36381\"><img loading=\"lazy\" decoding=\"async\" aria-describedby=\"caption-attachment-36757\" class=\"wp-image-36757 size-medium\" src=\"https:\/\/www.novacam.com\/wp-content\/uploads\/Cutting-tool-edge-with-callouts-300x258.png\" alt=\"\" width=\"300\" height=\"258\" srcset=\"https:\/\/www.novacam.com\/wp-content\/uploads\/Cutting-tool-edge-with-callouts-300x258.png 300w, https:\/\/www.novacam.com\/wp-content\/uploads\/Cutting-tool-edge-with-callouts-140x121.png 140w, https:\/\/www.novacam.com\/wp-content\/uploads\/Cutting-tool-edge-with-callouts-768x661.png 768w, https:\/\/www.novacam.com\/wp-content\/uploads\/Cutting-tool-edge-with-callouts.png 800w, https:\/\/www.novacam.com\/wp-content\/uploads\/Cutting-tool-edge-with-callouts-705x607.png 705w, https:\/\/www.novacam.com\/wp-content\/uploads\/Cutting-tool-edge-with-callouts-450x388.png 450w\" sizes=\"auto, (max-width: 300px) 100vw, 300px\" \/><\/a><p id=\"caption-attachment-36757\" class=\"wp-caption-text\">Analyse du rayon des bords de donn\u00e9es de mesure 3D acquises avec EdgeInspect. Ici, l'analyse est effectu\u00e9e \u00e0 l'aide de l'inspecteur PolyWorks d'Innovmetric.<\/p><\/div>\n<\/div><\/section><\/div><\/p>\n\n<style type=\"text\/css\" data-created_by=\"avia_inline_auto\" id=\"style-css-av-2jzb8xe-4dd295512a52b3872d4268199dc7e224\">\n.flex_column.av-2jzb8xe-4dd295512a52b3872d4268199dc7e224{\nborder-radius:0px 0px 0px 0px;\npadding:0px 0px 0px 0px;\n}\n<\/style>\n<div  class='flex_column av-2jzb8xe-4dd295512a52b3872d4268199dc7e224 av_two_third  avia-builder-el-14  el_after_av_one_third  el_before_av_one_third  first flex_column_div av-zero-column-padding  column-top-margin'     ><section  class='av_textblock_section av-uukmwx-58ed0109c1cb629f0c642684a70fff3e'   itemscope=\"itemscope\" itemtype=\"https:\/\/schema.org\/CreativeWork\" ><div class='avia_textblock'  itemprop=\"text\" ><ul>\n<li>Les utilisateurs b\u00e9n\u00e9ficient de fonctionnalit\u00e9s telles qu'une comparaison visuelle rapide (carte de d\u00e9viation) des mesures acquises sur la pi\u00e8ce par rapport aux tol\u00e9rances pr\u00e9d\u00e9finies ou \u00e0 la CAO de la pi\u00e8ce.<\/li>\n<\/ul>\n<\/div><\/section><\/div>\n\n<style type=\"text\/css\" data-created_by=\"avia_inline_auto\" id=\"style-css-av-2jzb8xe-8a3b5749aa6d3e4b4d23363ecee5a952\">\n.flex_column.av-2jzb8xe-8a3b5749aa6d3e4b4d23363ecee5a952{\nborder-radius:0px 0px 0px 0px;\npadding:0px 0px 0px 0px;\n}\n<\/style>\n<div  class='flex_column av-2jzb8xe-8a3b5749aa6d3e4b4d23363ecee5a952 av_one_third  avia-builder-el-16  el_after_av_two_third  el_before_av_two_third  flex_column_div av-zero-column-padding  column-top-margin'     ><\/div>\n\n<style type=\"text\/css\" data-created_by=\"avia_inline_auto\" id=\"style-css-av-32djp3m-b5af47082711c556a24b8f836b264057\">\n.flex_column.av-32djp3m-b5af47082711c556a24b8f836b264057{\nborder-radius:0px 0px 0px 0px;\npadding:0px 0px 0px 0px;\n}\n<\/style>\n<div  class='flex_column av-32djp3m-b5af47082711c556a24b8f836b264057 av_two_third  avia-builder-el-17  el_after_av_one_third  el_before_av_one_full  first flex_column_div av-zero-column-padding  column-top-margin'     ><section  class='av_textblock_section av-jv3w8qop-b73e06e54e103f10f799992ad7f2b7a6'   itemscope=\"itemscope\" itemtype=\"https:\/\/schema.org\/CreativeWork\" ><div class='avia_textblock'  itemprop=\"text\" ><p><strong>Visualisation des donn\u00e9es de num\u00e9risation <\/strong>peut \u00eatre r\u00e9alis\u00e9e en important les donn\u00e9es dans divers logiciels tiers de visualisation et d'analyse num\u00e9rique, tels que PolyWorks Inspector, Geomagic, ImageJ, SolidWorks, Octave, MatLab, Mathematica, IDL ou IGOR Pro.<\/p>\n<p><strong>Obtenir des mesures sp\u00e9cifiques \u00e0 l'application \u00e0 partir du nuage de points 3D<\/strong> est disponible par le biais d'une s\u00e9lection de logiciels internes et tiers. Novacam prend en charge les options suivantes :<\/p>\n<\/div><\/section><\/div>\n\n<style type=\"text\/css\" data-created_by=\"avia_inline_auto\" id=\"style-css-av-20nk3ea-092693ab234aefe2c1b1074e4147f7b7\">\n.flex_column.av-20nk3ea-092693ab234aefe2c1b1074e4147f7b7{\nborder-radius:0px 0px 0px 0px;\npadding:0px 0px 0px 0px;\n}\n<\/style>\n<div  class='flex_column av-20nk3ea-092693ab234aefe2c1b1074e4147f7b7 av_one_full  avia-builder-el-19  el_after_av_two_third  el_before_av_two_third  first flex_column_div av-zero-column-padding  column-top-margin'     ><section  class='av_textblock_section av-1l0c14i-b30076aaa8588bdc3dcfa3a5af957d35'   itemscope=\"itemscope\" itemtype=\"https:\/\/schema.org\/CreativeWork\" ><div class='avia_textblock'  itemprop=\"text\" >\n<table id=\"tablepress-27\" class=\"tablepress tablepress-id-27 tbody-has-connected-cells\">\n<thead>\n<tr class=\"row-1\">\n\t<td class=\"column-1\"><\/td><th class=\"column-2\">Logiciel interne Novacam<\/th><th class=\"column-3\">Logiciels tiers, tels que<\/th>\n<\/tr>\n<\/thead>\n<tbody class=\"row-striping row-hover\">\n<tr class=\"row-2\">\n\t<td class=\"column-1\">Mesures dimensionnelles (param\u00e8tres GD&amp;T)<\/td><td class=\"column-2\"><\/td><td class=\"column-3\">PolyWorks Inspector (solution cl\u00e9 en main)<br \/>\nGeomagic<\/td>\n<\/tr>\n<tr class=\"row-3\">\n\t<td class=\"column-1\">Rugosit\u00e9 et analyse de surface<\/td><td class=\"column-2\"><img loading=\"lazy\" decoding=\"async\" class=\"alignnone size-full wp-image-36342\" src=\"https:\/\/www.novacam.com\/wp-content\/uploads\/checkmark-yes-2-e1556632699299.png\" alt=\"\" width=\"15\" height=\"15\" \/><\/td><td class=\"column-3\">TrueSurf, MountainsMap<\/td>\n<\/tr>\n<tr class=\"row-4\">\n\t<td class=\"column-1\">\u00c9paisseur<\/td><td class=\"column-2\"><img loading=\"lazy\" decoding=\"async\" class=\"alignnone size-full wp-image-36342\" src=\"https:\/\/www.novacam.com\/wp-content\/uploads\/checkmark-yes-2-e1556632699299.png\" alt=\"\" width=\"15\" height=\"15\" \/><\/td><td class=\"column-3\"><\/td>\n<\/tr>\n<tr class=\"row-5\">\n\t<td class=\"column-1\">Bavardage (vibration)<\/td><td class=\"column-2\"><img loading=\"lazy\" decoding=\"async\" class=\"alignnone size-full wp-image-36342\" src=\"https:\/\/www.novacam.com\/wp-content\/uploads\/checkmark-yes-2-e1556632699299.png\" alt=\"\" width=\"15\" height=\"15\" \/><\/td><td class=\"column-3\"><\/td>\n<\/tr>\n<tr class=\"row-6\">\n\t<td class=\"column-1\">Perte de volume<\/td><td class=\"column-2\"><img loading=\"lazy\" decoding=\"async\" class=\"alignnone size-full wp-image-36342\" src=\"https:\/\/www.novacam.com\/wp-content\/uploads\/checkmark-yes-2-e1556632699299.png\" alt=\"\" width=\"15\" height=\"15\" \/><\/td><td class=\"column-3\"><\/td>\n<\/tr>\n<tr class=\"row-7\">\n\t<td class=\"column-1\">D\u00e9fauts<\/td><td class=\"column-2\">D\u00e9velopp\u00e9 sur mesure<span style=\"color: var(--table-legend-star-color)\">*<\/span><\/td><td class=\"column-3\"><\/td>\n<\/tr>\n<tr class=\"row-8\">\n\t<td colspan=\"3\" class=\"column-1\"><span style=\"color: var(--table-legend-star-color)\">*<\/span> Novacam offre la possibilit\u00e9 de cr\u00e9er des programmes personnalis\u00e9s de traitement des donn\u00e9es, d'\u00e9tablissement de rapports et de d\u00e9tection des d\u00e9fauts en fonction des besoins du client.<\/td>\n<\/tr>\n<\/tbody>\n<\/table>\n<!-- #tablepress-27 from cache -->\n<\/div><\/section><\/div>\n\n<style type=\"text\/css\" data-created_by=\"avia_inline_auto\" id=\"style-css-av-20nk3ea-092693ab234aefe2c1b1074e4147f7b7\">\n.flex_column.av-20nk3ea-092693ab234aefe2c1b1074e4147f7b7{\nborder-radius:0px 0px 0px 0px;\npadding:0px 0px 0px 0px;\n}\n<\/style>\n<div  class='flex_column av-20nk3ea-092693ab234aefe2c1b1074e4147f7b7 av_two_third  avia-builder-el-21  el_after_av_one_full  avia-builder-el-last  first flex_column_div av-zero-column-padding  column-top-margin'     ><section  class='av_textblock_section av-1l0c14i-b30076aaa8588bdc3dcfa3a5af957d35'   itemscope=\"itemscope\" itemtype=\"https:\/\/schema.org\/CreativeWork\" ><div class='avia_textblock'  itemprop=\"text\" ><p><strong>Une interface de programmation d'applications (API) est disponible pour les int\u00e9grateurs de syst\u00e8mes et les \u00e9quipementiers.<\/strong> pour s'adapter \u00e0 une grande vari\u00e9t\u00e9 d'applications en ligne et hors ligne. Les r\u00e9sultats export\u00e9s peuvent \u00eatre int\u00e9gr\u00e9s dans des enregistreurs de donn\u00e9es et des logiciels SPC.<\/p>\n<\/div><\/section><\/div>","protected":false},"excerpt":{"rendered":"","protected":false},"author":3,"featured_media":0,"parent":0,"menu_order":0,"comment_status":"closed","ping_status":"closed","template":"","meta":{"_relevanssi_hide_post":"","_relevanssi_hide_content":"","_relevanssi_pin_for_all":"","_relevanssi_pin_keywords":"","_relevanssi_unpin_keywords":"","_relevanssi_related_keywords":"","_relevanssi_related_include_ids":"","_relevanssi_related_exclude_ids":"","_relevanssi_related_no_append":"","_relevanssi_related_not_related":"","_relevanssi_related_posts":"","_relevanssi_noindex_reason":"","footnotes":"","advanced-sidebar-menu\/link-title":"","advanced-sidebar-menu\/exclude-page":false},"class_list":["post-36577","page","type-page","status-publish","hentry"],"yoast_head":"<!-- This site is optimized with the Yoast SEO plugin v27.4 - https:\/\/yoast.com\/product\/yoast-seo-wordpress\/ -->\n<title>temp-EdgeInspect-system-software-tab - Novacam<\/title>\n<meta name=\"robots\" content=\"index, follow, max-snippet:-1, max-image-preview:large, max-video-preview:-1\" \/>\n<link rel=\"canonical\" href=\"https:\/\/www.novacam.com\/fr\/onglet-logiciel-du-systeme-temp-edgeinspect\/\" \/>\n<meta property=\"og:locale\" content=\"fr_CA\" \/>\n<meta property=\"og:type\" content=\"article\" \/>\n<meta property=\"og:title\" content=\"temp-EdgeInspect-system-software-tab - Novacam\" \/>\n<meta property=\"og:url\" content=\"https:\/\/www.novacam.com\/fr\/onglet-logiciel-du-systeme-temp-edgeinspect\/\" \/>\n<meta property=\"og:site_name\" content=\"Novacam\" \/>\n<meta property=\"article:modified_time\" content=\"2019-05-31T21:53:31+00:00\" \/>\n<meta property=\"og:image\" content=\"https:\/\/www.novacam.com\/wp-content\/uploads\/Microcam-Data-Acquisition-GUI.png\" \/>\n<meta name=\"twitter:card\" content=\"summary_large_image\" \/>\n<meta name=\"twitter:label1\" content=\"Estimation du temps de lecture\" \/>\n\t<meta name=\"twitter:data1\" content=\"9 minutes\" \/>\n<script type=\"application\/ld+json\" class=\"yoast-schema-graph\">{\"@context\":\"https:\\\/\\\/schema.org\",\"@graph\":[{\"@type\":\"WebPage\",\"@id\":\"https:\\\/\\\/www.novacam.com\\\/temp-edgeinspect-system-software-tab\\\/\",\"url\":\"https:\\\/\\\/www.novacam.com\\\/temp-edgeinspect-system-software-tab\\\/\",\"name\":\"temp-EdgeInspect-system-software-tab - Novacam\",\"isPartOf\":{\"@id\":\"https:\\\/\\\/www.novacam.com\\\/#website\"},\"primaryImageOfPage\":{\"@id\":\"https:\\\/\\\/www.novacam.com\\\/temp-edgeinspect-system-software-tab\\\/#primaryimage\"},\"image\":{\"@id\":\"https:\\\/\\\/www.novacam.com\\\/temp-edgeinspect-system-software-tab\\\/#primaryimage\"},\"thumbnailUrl\":\"https:\\\/\\\/www.novacam.com\\\/wp-content\\\/uploads\\\/Microcam-Data-Acquisition-GUI.png\",\"datePublished\":\"2019-05-15T12:40:27+00:00\",\"dateModified\":\"2019-05-31T21:53:31+00:00\",\"breadcrumb\":{\"@id\":\"https:\\\/\\\/www.novacam.com\\\/temp-edgeinspect-system-software-tab\\\/#breadcrumb\"},\"inLanguage\":\"fr-CA\",\"potentialAction\":[{\"@type\":\"ReadAction\",\"target\":[\"https:\\\/\\\/www.novacam.com\\\/temp-edgeinspect-system-software-tab\\\/\"]}]},{\"@type\":\"ImageObject\",\"inLanguage\":\"fr-CA\",\"@id\":\"https:\\\/\\\/www.novacam.com\\\/temp-edgeinspect-system-software-tab\\\/#primaryimage\",\"url\":\"https:\\\/\\\/www.novacam.com\\\/wp-content\\\/uploads\\\/Microcam-Data-Acquisition-GUI.png\",\"contentUrl\":\"https:\\\/\\\/www.novacam.com\\\/wp-content\\\/uploads\\\/Microcam-Data-Acquisition-GUI.png\"},{\"@type\":\"BreadcrumbList\",\"@id\":\"https:\\\/\\\/www.novacam.com\\\/temp-edgeinspect-system-software-tab\\\/#breadcrumb\",\"itemListElement\":[{\"@type\":\"ListItem\",\"position\":1,\"name\":\"Home\",\"item\":\"https:\\\/\\\/www.novacam.com\\\/\"},{\"@type\":\"ListItem\",\"position\":2,\"name\":\"temp-EdgeInspect-system-software-tab\"}]},{\"@type\":\"WebSite\",\"@id\":\"https:\\\/\\\/www.novacam.com\\\/#website\",\"url\":\"https:\\\/\\\/www.novacam.com\\\/\",\"name\":\"Novacam\",\"description\":\"High-precision non-contact 3D metrology\",\"potentialAction\":[{\"@type\":\"SearchAction\",\"target\":{\"@type\":\"EntryPoint\",\"urlTemplate\":\"https:\\\/\\\/www.novacam.com\\\/?s={search_term_string}\"},\"query-input\":{\"@type\":\"PropertyValueSpecification\",\"valueRequired\":true,\"valueName\":\"search_term_string\"}}],\"inLanguage\":\"fr-CA\"}]}<\/script>\n<!-- \/ Yoast SEO plugin. -->","yoast_head_json":{"title":"temp-EdgeInspect-system-software-tab - Novacam","robots":{"index":"index","follow":"follow","max-snippet":"max-snippet:-1","max-image-preview":"max-image-preview:large","max-video-preview":"max-video-preview:-1"},"canonical":"https:\/\/www.novacam.com\/fr\/onglet-logiciel-du-systeme-temp-edgeinspect\/","og_locale":"fr_CA","og_type":"article","og_title":"temp-EdgeInspect-system-software-tab - Novacam","og_url":"https:\/\/www.novacam.com\/fr\/onglet-logiciel-du-systeme-temp-edgeinspect\/","og_site_name":"Novacam","article_modified_time":"2019-05-31T21:53:31+00:00","og_image":[{"url":"https:\/\/www.novacam.com\/wp-content\/uploads\/Microcam-Data-Acquisition-GUI.png","type":"","width":"","height":""}],"twitter_card":"summary_large_image","twitter_misc":{"Estimation du temps de lecture":"9 minutes"},"schema":{"@context":"https:\/\/schema.org","@graph":[{"@type":"WebPage","@id":"https:\/\/www.novacam.com\/temp-edgeinspect-system-software-tab\/","url":"https:\/\/www.novacam.com\/temp-edgeinspect-system-software-tab\/","name":"temp-EdgeInspect-system-software-tab - Novacam","isPartOf":{"@id":"https:\/\/www.novacam.com\/#website"},"primaryImageOfPage":{"@id":"https:\/\/www.novacam.com\/temp-edgeinspect-system-software-tab\/#primaryimage"},"image":{"@id":"https:\/\/www.novacam.com\/temp-edgeinspect-system-software-tab\/#primaryimage"},"thumbnailUrl":"https:\/\/www.novacam.com\/wp-content\/uploads\/Microcam-Data-Acquisition-GUI.png","datePublished":"2019-05-15T12:40:27+00:00","dateModified":"2019-05-31T21:53:31+00:00","breadcrumb":{"@id":"https:\/\/www.novacam.com\/temp-edgeinspect-system-software-tab\/#breadcrumb"},"inLanguage":"fr-CA","potentialAction":[{"@type":"ReadAction","target":["https:\/\/www.novacam.com\/temp-edgeinspect-system-software-tab\/"]}]},{"@type":"ImageObject","inLanguage":"fr-CA","@id":"https:\/\/www.novacam.com\/temp-edgeinspect-system-software-tab\/#primaryimage","url":"https:\/\/www.novacam.com\/wp-content\/uploads\/Microcam-Data-Acquisition-GUI.png","contentUrl":"https:\/\/www.novacam.com\/wp-content\/uploads\/Microcam-Data-Acquisition-GUI.png"},{"@type":"BreadcrumbList","@id":"https:\/\/www.novacam.com\/temp-edgeinspect-system-software-tab\/#breadcrumb","itemListElement":[{"@type":"ListItem","position":1,"name":"Home","item":"https:\/\/www.novacam.com\/"},{"@type":"ListItem","position":2,"name":"temp-EdgeInspect-system-software-tab"}]},{"@type":"WebSite","@id":"https:\/\/www.novacam.com\/#website","url":"https:\/\/www.novacam.com\/","name":"Novacam","description":"M\u00e9trologie 3D sans contact de haute pr\u00e9cision","potentialAction":[{"@type":"SearchAction","target":{"@type":"EntryPoint","urlTemplate":"https:\/\/www.novacam.com\/?s={search_term_string}"},"query-input":{"@type":"PropertyValueSpecification","valueRequired":true,"valueName":"search_term_string"}}],"inLanguage":"fr-CA"}]}},"_links":{"self":[{"href":"https:\/\/www.novacam.com\/fr\/wp-json\/wp\/v2\/pages\/36577","targetHints":{"allow":["GET"]}}],"collection":[{"href":"https:\/\/www.novacam.com\/fr\/wp-json\/wp\/v2\/pages"}],"about":[{"href":"https:\/\/www.novacam.com\/fr\/wp-json\/wp\/v2\/types\/page"}],"author":[{"embeddable":true,"href":"https:\/\/www.novacam.com\/fr\/wp-json\/wp\/v2\/users\/3"}],"replies":[{"embeddable":true,"href":"https:\/\/www.novacam.com\/fr\/wp-json\/wp\/v2\/comments?post=36577"}],"version-history":[{"count":12,"href":"https:\/\/www.novacam.com\/fr\/wp-json\/wp\/v2\/pages\/36577\/revisions"}],"predecessor-version":[{"id":36759,"href":"https:\/\/www.novacam.com\/fr\/wp-json\/wp\/v2\/pages\/36577\/revisions\/36759"}],"wp:attachment":[{"href":"https:\/\/www.novacam.com\/fr\/wp-json\/wp\/v2\/media?parent=36577"}],"curies":[{"name":"wp","href":"https:\/\/api.w.org\/{rel}","templated":true}]}}