{"id":3553,"date":"2012-02-24T13:07:35","date_gmt":"2012-02-24T13:07:35","guid":{"rendered":"http:\/\/www.novacam.com\/?page_id=3553"},"modified":"2021-04-23T18:41:10","modified_gmt":"2021-04-23T22:41:10","slug":"coordinate-measuring-machine","status":"publish","type":"page","link":"https:\/\/www.novacam.com\/fr\/products\/machine-a-mesurer-les-coordonnees\/","title":{"rendered":"MMC"},"content":{"rendered":"<style type=\"text\/css\" data-created_by=\"avia_inline_auto\" id=\"style-css-av-eswj69-563eaa24a030675d5001db4bd570b36d\">\n.flex_column.av-eswj69-563eaa24a030675d5001db4bd570b36d{\nborder-radius:0px 0px 0px 0px;\npadding:0px 0px 0px 0px;\n}\n<\/style>\n<div  class='flex_column av-eswj69-563eaa24a030675d5001db4bd570b36d av_one_full  avia-builder-el-0  el_before_av_one_half  avia-builder-el-first  first flex_column_div av-zero-column-padding'     ><section  class='av_textblock_section av-cah03l-dcf0c1468a2abe5b2d6f8a7b622edbbb'   itemscope=\"itemscope\" itemtype=\"https:\/\/schema.org\/CreativeWork\" ><div class='avia_textblock'  itemprop=\"text\" ><h1>CMM SANS CONTACT<sup><small>TM<\/small><\/sup> syst\u00e8mes<\/h1>\n<\/div><\/section><\/div>\n\n<style type=\"text\/css\" data-created_by=\"avia_inline_auto\" id=\"style-css-av-93yx1d-2d63e3959351e7b289c0ec6ce3d377cc\">\n.flex_column.av-93yx1d-2d63e3959351e7b289c0ec6ce3d377cc{\nborder-radius:0px 0px 0px 0px;\npadding:0px 0px 0px 0px;\n}\n<\/style>\n<div  class='flex_column av-93yx1d-2d63e3959351e7b289c0ec6ce3d377cc av_one_half  avia-builder-el-2  el_after_av_one_full  el_before_av_one_half  first flex_column_div av-zero-column-padding  column-top-margin'     ><section  class='av_textblock_section av-7lmwdd-06c50c04e860a771dedc0f67c7730d01'   itemscope=\"itemscope\" itemtype=\"https:\/\/schema.org\/CreativeWork\" ><div class='avia_textblock'  itemprop=\"text\" ><p><strong>NOVACAM<sup><small>TM<\/small><\/sup> MMT sans contact<sup><small>TM<\/small><\/sup><\/strong> (Machine \u00e0 mesurer les coordonn\u00e9es) <strong>syst\u00e8mes<\/strong> offrent des performances sup\u00e9rieures tant en laboratoire qu'en production. Ils fournissent :<\/p>\n<ul>\n<li><strong>Mesures de haute pr\u00e9cision<\/strong> (meilleure que 1 \u00b5m)<\/li>\n<li><strong>Acquisition \u00e0 grande vitesse<\/strong> (2 100 \u00e0 100 000 mesures de points 3D par seconde)<\/li>\n<li><strong>Contr\u00f4le simultan\u00e9 des dimensions et de la surface<\/strong><\/li>\n<li><strong>Petites sondes sans contact \u00e0 base de fibres\u00a0<\/strong>(d'un diam\u00e8tre aussi petit que 0,5 mm) pour atteindre les espaces restreints<\/li>\n<li><strong>Automatisation<\/strong> par apprentissage avec le joystick<\/li>\n<\/ul>\n<p>Les MMT sont \u00e9quip\u00e9es de sondes robustes et compactes \u00e0 base de fibres, et peuvent donc facilement inspecter les espaces restreints et m\u00eame les environnements hostiles. Les MMT sont configur\u00e9es en termes de taille, de vitesse et de capacit\u00e9s de balayage en fonction des besoins de l'utilisateur et offrent une capacit\u00e9 d'int\u00e9gration en ligne, un faible encombrement et une v\u00e9ritable portabilit\u00e9. En fonction de la pi\u00e8ce \u00e0 usiner, des stations d'inspection CMM ultra-portables pesant 20 livres (10 kg) sont disponibles.<\/p>\n<\/div><\/section><\/div>\n\n<style type=\"text\/css\" data-created_by=\"avia_inline_auto\" id=\"style-css-av-672jyp-4b703e9860c25fcbb80f96b9d06c724b\">\n.flex_column.av-672jyp-4b703e9860c25fcbb80f96b9d06c724b{\nborder-radius:0px 0px 0px 0px;\npadding:0px 0px 0px 0px;\n}\n<\/style>\n<div  class='flex_column av-672jyp-4b703e9860c25fcbb80f96b9d06c724b av_one_half  avia-builder-el-4  el_after_av_one_half  el_before_av_one_full  flex_column_div av-zero-column-padding  column-top-margin'     ><section  class='av_textblock_section av-3lopq9-3142f770ab50d899c567cf30f0b93fea'   itemscope=\"itemscope\" itemtype=\"https:\/\/schema.org\/CreativeWork\" ><div class='avia_textblock'  itemprop=\"text\" ><div id=\"attachment_8865\" style=\"width: 306px\" class=\"wp-caption alignnone\"><a href=\"https:\/\/www.novacam.com\/wp-content\/uploads\/2018\/07\/cmm.jpg\"><img loading=\"lazy\" decoding=\"async\" aria-describedby=\"caption-attachment-8865\" class=\"wp-image-8865 size-medium\" src=\"https:\/\/www.novacam.com\/wp-content\/uploads\/2018\/07\/cmm-296x300.jpg\" alt=\"NOVACAM NON-CONTACT CMM Station d&#039;inspection 4 axes\" width=\"296\" height=\"300\" srcset=\"https:\/\/www.novacam.com\/wp-content\/uploads\/2018\/07\/cmm-296x300.jpg 296w, https:\/\/www.novacam.com\/wp-content\/uploads\/2018\/07\/cmm-138x140.jpg 138w, https:\/\/www.novacam.com\/wp-content\/uploads\/2018\/07\/cmm-36x36.jpg 36w, https:\/\/www.novacam.com\/wp-content\/uploads\/2018\/07\/cmm-450x456.jpg 450w, https:\/\/www.novacam.com\/wp-content\/uploads\/2018\/07\/cmm-80x80.jpg 80w, https:\/\/www.novacam.com\/wp-content\/uploads\/2018\/07\/cmm.jpg 583w\" sizes=\"auto, (max-width: 296px) 100vw, 296px\" \/><\/a><p id=\"caption-attachment-8865\" class=\"wp-caption-text\">NOVACAM NON-CONTACT CMM Station d'inspection 4 axes<\/p><\/div>\n<\/div><\/section><\/div>\n\n<style type=\"text\/css\" data-created_by=\"avia_inline_auto\" id=\"style-css-av-667oup-66c27a9bb219f4e6cca00d8d8e6026d9\">\n.flex_column.av-667oup-66c27a9bb219f4e6cca00d8d8e6026d9{\nborder-radius:0px 0px 0px 0px;\npadding:0px 0px 0px 0px;\n}\n<\/style>\n<div  class='flex_column av-667oup-66c27a9bb219f4e6cca00d8d8e6026d9 av_one_full  avia-builder-el-6  el_after_av_one_half  el_before_av_one_full  first flex_column_div av-zero-column-padding  column-top-margin'     ><section  class='av_textblock_section av-9wxyp-6816c9848c8e9ea05308a6fc9c9444eb'   itemscope=\"itemscope\" itemtype=\"https:\/\/schema.org\/CreativeWork\" ><div class='avia_textblock'  itemprop=\"text\" ><h3 style=\"text-align: left;\"><strong><big>Interface utilisateur intuitive<\/big><\/strong><\/h3>\n<p>Les nouveaux utilisateurs des syst\u00e8mes de MMT NOVACAM se sentent \u00e0 l'aise avec l'interface utilisateur intuitive de notre logiciel de m\u00e9trologie avanc\u00e9. Avec un dispositif de contr\u00f4le (joystick), il est tr\u00e8s facile de commencer une mesure d'objets de tous niveaux de complexit\u00e9. Les utilisateurs exp\u00e9riment\u00e9s appr\u00e9cient les fonctions telles que le pointage laser et le retour audio qui \u00e9mulent le toucher et la sensation d'une MMT conventionnelle.<\/p>\n<h3><strong><big>Applications<\/big><\/strong><\/h3>\n<p>La gamme de syst\u00e8mes de MMT NOVACAM est con\u00e7ue pour s'adapter \u00e0 n'importe quelle pi\u00e8ce, quelles que soient les propri\u00e9t\u00e9s de sa surface. Gr\u00e2ce \u00e0 la technologie sous-jacente, <a href=\"https:\/\/www.novacam.com\/fr\/technologie\/\">interf\u00e9rom\u00e9trie \u00e0 faible coh\u00e9rence<\/a>les utilisateurs peuvent mesurer <a href=\"https:\/\/www.novacam.com\/fr\/technologie\/what-we-measure\/\">tout type de mat\u00e9riau <\/a>- transparent ou opaque, sp\u00e9culaire, diffusif, poli, rugueux - avec facilit\u00e9. Applications : cartes de d\u00e9viation \u00e0 partir de la CAO, <a href=\"https:\/\/www.novacam.com\/fr\/applications\/dimensions-3d-gdt\/\">le dimensionnement g\u00e9om\u00e9trique et le tol\u00e9rancement<\/a> (GD&amp;T), plan\u00e9it\u00e9, profil de surface, <a href=\"https:\/\/www.novacam.com\/fr\/applications\/rugosite\/\">rugosit\u00e9<\/a>, <a href=\"https:\/\/www.novacam.com\/fr\/applications\/lepaisseur\/\">l'\u00e9paisseur<\/a>La qualit\u00e9 de l'air, la perte de volume, le parall\u00e9lisme, la perpendicularit\u00e9, le profil d'une ligne, l'angularit\u00e9, la circularit\u00e9, la rectitude, la sym\u00e9trie, la cylindricit\u00e9, la qualification du point de r\u00e9f\u00e9rence, le faux-rond circulaire, la vibration.<\/p>\n<h3><strong><big>Possibilit\u00e9 de combiner plusieurs stations d'inspection<\/big><\/strong><\/h3>\n<p>Un seul syst\u00e8me NOVACAM CMM peut desservir plusieurs stations CNC ou CMM. L'int\u00e9gration de NOVACAM et de logiciels tiers permet d'obtenir des trajectoires de balayage optimales.<\/p>\n<\/div><\/section><\/div>\n<style type=\"text\/css\" data-created_by=\"avia_inline_auto\" id=\"style-css-av-3qrjip-8556cd4de1122264a973e540efb12cd7\">\n.flex_column.av-3qrjip-8556cd4de1122264a973e540efb12cd7{\nborder-radius:0px 0px 0px 0px;\npadding:0px 0px 0px 0px;\n}\n<\/style>\n<div  class='flex_column av-3qrjip-8556cd4de1122264a973e540efb12cd7 av_one_full  avia-builder-el-8  el_after_av_one_full  el_before_av_one_full  first flex_column_div av-zero-column-padding  column-top-margin'     ><section  class='av_textblock_section av-9wxyp-6816c9848c8e9ea05308a6fc9c9444eb'   itemscope=\"itemscope\" itemtype=\"https:\/\/schema.org\/CreativeWork\" ><div class='avia_textblock'  itemprop=\"text\" ><h3>Avantages de la MMT NOVACAM<\/h3>\n<p>La pr\u00e9cision des mesures au micron pr\u00e8s, la rapidit\u00e9, la possibilit\u00e9 d'acqu\u00e9rir des mesures 3D directement sur les lignes de fabrication et le prix nettement inf\u00e9rieur \u00e0 celui des MMT \u00e0 contact traditionnelles ne sont que quelques-unes des raisons pour lesquelles les clients choisissent les syst\u00e8mes de MMT sans contact de NOVACAM pour leurs applications.<\/p>\n<div id=\"attachment_41950\" style=\"width: 610px\" class=\"wp-caption alignnone\"><img loading=\"lazy\" decoding=\"async\" aria-describedby=\"caption-attachment-41950\" class=\"wp-image-41950 size-full\" src=\"https:\/\/www.novacam.com\/wp-content\/uploads\/Comparison-NOVACAM-Non-contact-CMM-vs-Contact-CMM-vs.-Laser-triangulation600.png\" alt=\"Comparaison entre la MMT sans contact NOVACAM, la MMT avec contact et la triangulation laser\" width=\"600\" height=\"378\" srcset=\"https:\/\/www.novacam.com\/wp-content\/uploads\/Comparison-NOVACAM-Non-contact-CMM-vs-Contact-CMM-vs.-Laser-triangulation600.png 600w, https:\/\/www.novacam.com\/wp-content\/uploads\/Comparison-NOVACAM-Non-contact-CMM-vs-Contact-CMM-vs.-Laser-triangulation600-300x189.png 300w, https:\/\/www.novacam.com\/wp-content\/uploads\/Comparison-NOVACAM-Non-contact-CMM-vs-Contact-CMM-vs.-Laser-triangulation600-80x50.png 80w\" sizes=\"auto, (max-width: 600px) 100vw, 600px\" \/><p id=\"caption-attachment-41950\" class=\"wp-caption-text\">Comparaison entre la MMT sans contact NOVACAM, la MMT avec contact et la triangulation laser<\/p><\/div>\n<\/div><\/section><\/div><\/p>\n\n<style type=\"text\/css\" data-created_by=\"avia_inline_auto\" id=\"style-css-av-2c9jzl-bc1aa8cf936411785a56d05a2cbbf137\">\n.flex_column.av-2c9jzl-bc1aa8cf936411785a56d05a2cbbf137{\nborder-radius:0px 0px 0px 0px;\npadding:0px 0px 0px 0px;\n}\n<\/style>\n<div  class='flex_column av-2c9jzl-bc1aa8cf936411785a56d05a2cbbf137 av_one_full  avia-builder-el-10  el_after_av_one_full  el_before_av_one_full  first flex_column_div av-zero-column-padding  column-top-margin'     ><section  class='av_textblock_section av-9wxyp-6816c9848c8e9ea05308a6fc9c9444eb'   itemscope=\"itemscope\" itemtype=\"https:\/\/schema.org\/CreativeWork\" ><div class='avia_textblock'  itemprop=\"text\" ><p><strong style=\"font-size: 20px;\"><big>Produits associ\u00e9s<\/big><\/strong><\/p>\n<p>Les MMT NOVACAM utilisent <a href=\"https:\/\/www.novacam.com\/fr\/products\/interferometre-a-microcamera\/\">Interf\u00e9rom\u00e8tres MICROCAM-3D\/4D<\/a> pour fournir la source lumineuse \u00e0 la sonde de balayage et pour traiter le signal optique re\u00e7u de la sonde. La sonde et l'interf\u00e9rom\u00e8tre sont reli\u00e9s par une fibre optique.<\/p>\n<\/div><\/section><\/div>\n\n<style type=\"text\/css\" data-created_by=\"avia_inline_auto\" id=\"style-css-av-fwyxf-d0f77978b5dff1d1367f98950eefe160\">\n.flex_column.av-fwyxf-d0f77978b5dff1d1367f98950eefe160{\nborder-radius:0px 0px 0px 0px;\npadding:0px 0px 0px 0px;\n}\n<\/style>\n<div  class='flex_column av-fwyxf-d0f77978b5dff1d1367f98950eefe160 av_one_full  avia-builder-el-12  el_after_av_one_full  el_before_av_one_third  first flex_column_div av-zero-column-padding  column-top-margin'     ><style type=\"text\/css\" data-created_by=\"avia_inline_auto\" id=\"style-css-av-jhc3ylfa-e69f3d2ea4f1ca45379132611fcff224\">\n#top .av-special-heading.av-jhc3ylfa-e69f3d2ea4f1ca45379132611fcff224{\npadding-bottom:10px;\n}\nbody .av-special-heading.av-jhc3ylfa-e69f3d2ea4f1ca45379132611fcff224 .av-special-heading-tag .heading-char{\nfont-size:25px;\n}\n.av-special-heading.av-jhc3ylfa-e69f3d2ea4f1ca45379132611fcff224 .av-subheading{\nfont-size:15px;\n}\n<\/style>\n<div  class='av-special-heading av-jhc3ylfa-e69f3d2ea4f1ca45379132611fcff224 av-special-heading-h3  avia-builder-el-13  avia-builder-el-no-sibling'><h3 class='av-special-heading-tag'  itemprop=\"headline\"  >Liens connexes<\/h3><div class=\"special-heading-border\"><div class=\"special-heading-inner-border\"><\/div><\/div><\/div><\/div>\n\n<style type=\"text\/css\" data-created_by=\"avia_inline_auto\" id=\"style-css-av-tix1n-03fbeadfae75efb106c9dae7b5f0320c\">\n.flex_column.av-tix1n-03fbeadfae75efb106c9dae7b5f0320c{\nborder-radius:0px 0px 0px 0px;\npadding:0px 0px 0px 0px;\n}\n<\/style>\n<div  class='flex_column av-tix1n-03fbeadfae75efb106c9dae7b5f0320c av_one_third  avia-builder-el-14  el_after_av_one_full  el_before_av_one_fourth  first flex_column_div av-zero-column-padding  column-top-margin'     ><section  class='av_textblock_section av-24dm3-ba103b6d78fffee9b20fa453d4e54625'   itemscope=\"itemscope\" itemtype=\"https:\/\/schema.org\/CreativeWork\" ><div class='avia_textblock'  itemprop=\"text\" >\n<style type=\"text\/css\" data-created_by=\"avia_inline_auto\" id=\"style-css-av-cn0sb-06317cc36f0cbcb81254298732237865\">\n.av_font_icon.av-cn0sb-06317cc36f0cbcb81254298732237865 .av-icon-char{\nfont-size:20px;\nline-height:20px;\n}\n<\/style>\n<span  class='av_font_icon av-cn0sb-06317cc36f0cbcb81254298732237865 avia_animate_when_visible av-icon-style- avia-icon-pos-left avia-iconfont avia-font-entypo-fontello av-no-color avia-icon-animate'><span class='av-icon-char' data-av_icon='\ue81e' data-av_iconfont='entypo-fontello' aria-hidden=\"true\" ><\/span><\/span>\n<p>Parcourir <a href=\"https:\/\/www.novacam.com\/fr\/applications\/\">applications<\/a><\/p>\n<\/div><\/section><\/div>\n\n<style type=\"text\/css\" data-created_by=\"avia_inline_auto\" id=\"style-css-av-18g1gr-3fb8df32a9c94486c488f834c640d0cd\">\n.flex_column.av-18g1gr-3fb8df32a9c94486c488f834c640d0cd{\nborder-radius:0px 0px 0px 0px;\npadding:0px 0px 0px 0px;\n}\n<\/style>\n<div  class='flex_column av-18g1gr-3fb8df32a9c94486c488f834c640d0cd av_one_fourth  avia-builder-el-17  el_after_av_one_third  el_before_av_one_third  flex_column_div av-zero-column-padding  column-top-margin'     ><section  class='av_textblock_section av-3ncs3-88d3ca74a5f3e908dbd331fe95d4bfa8'   itemscope=\"itemscope\" itemtype=\"https:\/\/schema.org\/CreativeWork\" ><div class='avia_textblock'  itemprop=\"text\" ><p><a href=\"https:\/\/www.novacam.com\/fr\/products\/\">\n<style type=\"text\/css\" data-created_by=\"avia_inline_auto\" id=\"style-css-av-waioz-15129e036111ecc60b49fc74d64c8916\">\n.av_font_icon.av-waioz-15129e036111ecc60b49fc74d64c8916 .av-icon-char{\nfont-size:30px;\nline-height:30px;\n}\n<\/style>\n<span  class='av_font_icon av-waioz-15129e036111ecc60b49fc74d64c8916 avia_animate_when_visible av-icon-style- avia-icon-pos-left avia-iconfont avia-font-entypo-fontello av-no-color avia-icon-animate'><span class='av-icon-char' data-av_icon='\ue826' data-av_iconfont='entypo-fontello' aria-hidden=\"true\" ><\/span><\/span> Voir tous nos produits<\/a><\/p>\n<\/div><\/section><\/div>\n\n<style type=\"text\/css\" data-created_by=\"avia_inline_auto\" id=\"style-css-av-28f0aj-9424dcdf382ee72874cfa6efbd373df1\">\n.flex_column.av-28f0aj-9424dcdf382ee72874cfa6efbd373df1{\nborder-radius:0px 0px 0px 0px;\npadding:0px 0px 0px 0px;\n}\n<\/style>\n<div  class='flex_column av-28f0aj-9424dcdf382ee72874cfa6efbd373df1 av_one_third  avia-builder-el-20  el_after_av_one_fourth  avia-builder-el-last  flex_column_div av-zero-column-padding  column-top-margin'     ><section  class='av_textblock_section av-24id0r-67a7d556f54dc563c6594756a131a7e1'   itemscope=\"itemscope\" itemtype=\"https:\/\/schema.org\/CreativeWork\" ><div class='avia_textblock'  itemprop=\"text\" ><p><a href=\"https:\/\/www.novacam.com\/fr\/nous-contacter-2\/nous-contacter\/\">\n<style type=\"text\/css\" data-created_by=\"avia_inline_auto\" id=\"style-css-av-1v8pg3-48925116ff62d88059331475f774c943\">\n.av_font_icon.av-1v8pg3-48925116ff62d88059331475f774c943 .av-icon-char{\nfont-size:30px;\nline-height:30px;\n}\n<\/style>\n<span  class='av_font_icon av-1v8pg3-48925116ff62d88059331475f774c943 avia_animate_when_visible av-icon-style- avia-icon-pos-left avia-iconfont avia-font-entypo-fontello av-no-color avia-icon-animate'><span class='av-icon-char' data-av_icon='\ue80b' data-av_iconfont='entypo-fontello' aria-hidden=\"true\" ><\/span><\/span> Contactez nous <\/a>pour obtenir des informations compl\u00e9mentaires ou de l'aide dans le choix d'un syst\u00e8me de MMT NOVACAM NON-CONTACT<\/p>\n<\/div><\/section><\/div>","protected":false},"excerpt":{"rendered":"","protected":false},"author":1,"featured_media":0,"parent":440,"menu_order":5,"comment_status":"closed","ping_status":"open","template":"","meta":{"_relevanssi_hide_post":"","_relevanssi_hide_content":"","_relevanssi_pin_for_all":"on","_relevanssi_pin_keywords":"","_relevanssi_unpin_keywords":"","_relevanssi_related_keywords":"","_relevanssi_related_include_ids":"","_relevanssi_related_exclude_ids":"","_relevanssi_related_no_append":"","_relevanssi_related_not_related":"","_relevanssi_related_posts":"","_relevanssi_noindex_reason":"","footnotes":"","advanced-sidebar-menu\/link-title":"","advanced-sidebar-menu\/exclude-page":false},"class_list":["post-3553","page","type-page","status-publish","hentry"],"yoast_head":"<!-- This site is optimized with the Yoast SEO plugin v27.4 - https:\/\/yoast.com\/product\/yoast-seo-wordpress\/ -->\n<title>Coordinate measuring machines (CMMs) - Novacam<\/title>\n<meta name=\"robots\" content=\"index, follow, max-snippet:-1, max-image-preview:large, max-video-preview:-1\" \/>\n<link rel=\"canonical\" href=\"https:\/\/www.novacam.com\/fr\/products\/machine-a-mesurer-les-coordonnees\/\" \/>\n<meta property=\"og:locale\" content=\"fr_CA\" \/>\n<meta property=\"og:type\" content=\"article\" \/>\n<meta property=\"og:title\" content=\"Coordinate measuring machines (CMMs) - Novacam\" \/>\n<meta property=\"og:url\" content=\"https:\/\/www.novacam.com\/fr\/products\/machine-a-mesurer-les-coordonnees\/\" \/>\n<meta property=\"og:site_name\" content=\"Novacam\" \/>\n<meta property=\"article:modified_time\" content=\"2021-04-23T22:41:10+00:00\" \/>\n<meta property=\"og:image\" content=\"https:\/\/www.novacam.com\/wp-content\/uploads\/2018\/07\/cmm-296x300.jpg\" \/>\n<meta name=\"twitter:card\" content=\"summary_large_image\" \/>\n<meta name=\"twitter:label1\" content=\"Estimation du temps de lecture\" \/>\n\t<meta name=\"twitter:data1\" content=\"4 minutes\" \/>\n<script type=\"application\/ld+json\" class=\"yoast-schema-graph\">{\"@context\":\"https:\\\/\\\/schema.org\",\"@graph\":[{\"@type\":\"WebPage\",\"@id\":\"https:\\\/\\\/www.novacam.com\\\/products\\\/coordinate-measuring-machine\\\/\",\"url\":\"https:\\\/\\\/www.novacam.com\\\/products\\\/coordinate-measuring-machine\\\/\",\"name\":\"Coordinate measuring machines (CMMs) - Novacam\",\"isPartOf\":{\"@id\":\"https:\\\/\\\/www.novacam.com\\\/#website\"},\"primaryImageOfPage\":{\"@id\":\"https:\\\/\\\/www.novacam.com\\\/products\\\/coordinate-measuring-machine\\\/#primaryimage\"},\"image\":{\"@id\":\"https:\\\/\\\/www.novacam.com\\\/products\\\/coordinate-measuring-machine\\\/#primaryimage\"},\"thumbnailUrl\":\"https:\\\/\\\/www.novacam.com\\\/wp-content\\\/uploads\\\/2018\\\/07\\\/cmm-296x300.jpg\",\"datePublished\":\"2012-02-24T13:07:35+00:00\",\"dateModified\":\"2021-04-23T22:41:10+00:00\",\"breadcrumb\":{\"@id\":\"https:\\\/\\\/www.novacam.com\\\/products\\\/coordinate-measuring-machine\\\/#breadcrumb\"},\"inLanguage\":\"fr-CA\",\"potentialAction\":[{\"@type\":\"ReadAction\",\"target\":[\"https:\\\/\\\/www.novacam.com\\\/products\\\/coordinate-measuring-machine\\\/\"]}]},{\"@type\":\"ImageObject\",\"inLanguage\":\"fr-CA\",\"@id\":\"https:\\\/\\\/www.novacam.com\\\/products\\\/coordinate-measuring-machine\\\/#primaryimage\",\"url\":\"https:\\\/\\\/www.novacam.com\\\/wp-content\\\/uploads\\\/2018\\\/07\\\/cmm-296x300.jpg\",\"contentUrl\":\"https:\\\/\\\/www.novacam.com\\\/wp-content\\\/uploads\\\/2018\\\/07\\\/cmm-296x300.jpg\"},{\"@type\":\"BreadcrumbList\",\"@id\":\"https:\\\/\\\/www.novacam.com\\\/products\\\/coordinate-measuring-machine\\\/#breadcrumb\",\"itemListElement\":[{\"@type\":\"ListItem\",\"position\":1,\"name\":\"Home\",\"item\":\"https:\\\/\\\/www.novacam.com\\\/\"},{\"@type\":\"ListItem\",\"position\":2,\"name\":\"Products\",\"item\":\"https:\\\/\\\/www.novacam.com\\\/products\\\/\"},{\"@type\":\"ListItem\",\"position\":3,\"name\":\"CMMs\"}]},{\"@type\":\"WebSite\",\"@id\":\"https:\\\/\\\/www.novacam.com\\\/#website\",\"url\":\"https:\\\/\\\/www.novacam.com\\\/\",\"name\":\"Novacam\",\"description\":\"High-precision non-contact 3D metrology\",\"potentialAction\":[{\"@type\":\"SearchAction\",\"target\":{\"@type\":\"EntryPoint\",\"urlTemplate\":\"https:\\\/\\\/www.novacam.com\\\/?s={search_term_string}\"},\"query-input\":{\"@type\":\"PropertyValueSpecification\",\"valueRequired\":true,\"valueName\":\"search_term_string\"}}],\"inLanguage\":\"fr-CA\"}]}<\/script>\n<!-- \/ Yoast SEO plugin. -->","yoast_head_json":{"title":"Machines \u00e0 mesurer tridimensionnelles (MMT) - Novacam","robots":{"index":"index","follow":"follow","max-snippet":"max-snippet:-1","max-image-preview":"max-image-preview:large","max-video-preview":"max-video-preview:-1"},"canonical":"https:\/\/www.novacam.com\/fr\/products\/machine-a-mesurer-les-coordonnees\/","og_locale":"fr_CA","og_type":"article","og_title":"Coordinate measuring machines (CMMs) - Novacam","og_url":"https:\/\/www.novacam.com\/fr\/products\/machine-a-mesurer-les-coordonnees\/","og_site_name":"Novacam","article_modified_time":"2021-04-23T22:41:10+00:00","og_image":[{"url":"https:\/\/www.novacam.com\/wp-content\/uploads\/2018\/07\/cmm-296x300.jpg","type":"","width":"","height":""}],"twitter_card":"summary_large_image","twitter_misc":{"Estimation du temps de lecture":"4 minutes"},"schema":{"@context":"https:\/\/schema.org","@graph":[{"@type":"WebPage","@id":"https:\/\/www.novacam.com\/products\/coordinate-measuring-machine\/","url":"https:\/\/www.novacam.com\/products\/coordinate-measuring-machine\/","name":"Machines \u00e0 mesurer tridimensionnelles (MMT) - Novacam","isPartOf":{"@id":"https:\/\/www.novacam.com\/#website"},"primaryImageOfPage":{"@id":"https:\/\/www.novacam.com\/products\/coordinate-measuring-machine\/#primaryimage"},"image":{"@id":"https:\/\/www.novacam.com\/products\/coordinate-measuring-machine\/#primaryimage"},"thumbnailUrl":"https:\/\/www.novacam.com\/wp-content\/uploads\/2018\/07\/cmm-296x300.jpg","datePublished":"2012-02-24T13:07:35+00:00","dateModified":"2021-04-23T22:41:10+00:00","breadcrumb":{"@id":"https:\/\/www.novacam.com\/products\/coordinate-measuring-machine\/#breadcrumb"},"inLanguage":"fr-CA","potentialAction":[{"@type":"ReadAction","target":["https:\/\/www.novacam.com\/products\/coordinate-measuring-machine\/"]}]},{"@type":"ImageObject","inLanguage":"fr-CA","@id":"https:\/\/www.novacam.com\/products\/coordinate-measuring-machine\/#primaryimage","url":"https:\/\/www.novacam.com\/wp-content\/uploads\/2018\/07\/cmm-296x300.jpg","contentUrl":"https:\/\/www.novacam.com\/wp-content\/uploads\/2018\/07\/cmm-296x300.jpg"},{"@type":"BreadcrumbList","@id":"https:\/\/www.novacam.com\/products\/coordinate-measuring-machine\/#breadcrumb","itemListElement":[{"@type":"ListItem","position":1,"name":"Home","item":"https:\/\/www.novacam.com\/"},{"@type":"ListItem","position":2,"name":"Products","item":"https:\/\/www.novacam.com\/products\/"},{"@type":"ListItem","position":3,"name":"CMMs"}]},{"@type":"WebSite","@id":"https:\/\/www.novacam.com\/#website","url":"https:\/\/www.novacam.com\/","name":"Novacam","description":"M\u00e9trologie 3D sans contact de haute pr\u00e9cision","potentialAction":[{"@type":"SearchAction","target":{"@type":"EntryPoint","urlTemplate":"https:\/\/www.novacam.com\/?s={search_term_string}"},"query-input":{"@type":"PropertyValueSpecification","valueRequired":true,"valueName":"search_term_string"}}],"inLanguage":"fr-CA"}]}},"_links":{"self":[{"href":"https:\/\/www.novacam.com\/fr\/wp-json\/wp\/v2\/pages\/3553","targetHints":{"allow":["GET"]}}],"collection":[{"href":"https:\/\/www.novacam.com\/fr\/wp-json\/wp\/v2\/pages"}],"about":[{"href":"https:\/\/www.novacam.com\/fr\/wp-json\/wp\/v2\/types\/page"}],"author":[{"embeddable":true,"href":"https:\/\/www.novacam.com\/fr\/wp-json\/wp\/v2\/users\/1"}],"replies":[{"embeddable":true,"href":"https:\/\/www.novacam.com\/fr\/wp-json\/wp\/v2\/comments?post=3553"}],"version-history":[{"count":35,"href":"https:\/\/www.novacam.com\/fr\/wp-json\/wp\/v2\/pages\/3553\/revisions"}],"predecessor-version":[{"id":42505,"href":"https:\/\/www.novacam.com\/fr\/wp-json\/wp\/v2\/pages\/3553\/revisions\/42505"}],"up":[{"embeddable":true,"href":"https:\/\/www.novacam.com\/fr\/wp-json\/wp\/v2\/pages\/440"}],"wp:attachment":[{"href":"https:\/\/www.novacam.com\/fr\/wp-json\/wp\/v2\/media?parent=3553"}],"curies":[{"name":"wp","href":"https:\/\/api.w.org\/{rel}","templated":true}]}}