{"id":1470,"date":"2011-06-20T08:28:36","date_gmt":"2011-06-20T08:28:36","guid":{"rendered":"http:\/\/coherencetomography.com\/novacam.com\/?page_id=1470"},"modified":"2021-03-09T13:57:54","modified_gmt":"2021-03-09T17:57:54","slug":"sitemap-5","status":"publish","type":"page","link":"https:\/\/www.novacam.com\/fr\/plan-du-site-5\/","title":{"rendered":"Plan du site"},"content":{"rendered":"<section  class='av_textblock_section av-jja4rxaw-402fb0e541cbbe75990e6058ace9e092'   itemscope=\"itemscope\" itemtype=\"https:\/\/schema.org\/CreativeWork\" ><div class='avia_textblock'  itemprop=\"text\" ><h1>PLAN DU SITE<\/h1>\n<\/div><\/section>\n\n<style type=\"text\/css\" data-created_by=\"avia_inline_auto\" id=\"style-css-av-jja4tlnw-f5bc838e9539bfb719f855d1e7ee9a03\">\n#top .hr.hr-invisible.av-jja4tlnw-f5bc838e9539bfb719f855d1e7ee9a03{\nmargin-top:-10px;\nheight:1px;\n}\n<\/style>\n<div  class='hr av-jja4tlnw-f5bc838e9539bfb719f855d1e7ee9a03 hr-invisible  avia-builder-el-1  el_after_av_textblock  el_before_av_textblock'><span class='hr-inner'><span class=\"hr-inner-style\"><\/span><\/span><\/div>\n<section  class='av_textblock_section av-jja4tyu6-9efcb43243890823f13407173711ff20'   itemscope=\"itemscope\" itemtype=\"https:\/\/schema.org\/CreativeWork\" ><div class='avia_textblock'  itemprop=\"text\" ><h4>Trouvez rapidement ce dont vous avez besoin<\/h4>\n<\/div><\/section>\n\n<style type=\"text\/css\" data-created_by=\"avia_inline_auto\" id=\"style-css-av-jja4tlnw-7bd69089a3954ef163bc0a44cee48fd1\">\n#top .hr.hr-invisible.av-jja4tlnw-7bd69089a3954ef163bc0a44cee48fd1{\nheight:40px;\n}\n<\/style>\n<div  class='hr av-jja4tlnw-7bd69089a3954ef163bc0a44cee48fd1 hr-invisible  avia-builder-el-3  el_after_av_textblock  el_before_av_one_third'><span class='hr-inner'><span class=\"hr-inner-style\"><\/span><\/span><\/div>\n\n<style type=\"text\/css\" data-created_by=\"avia_inline_auto\" id=\"style-css-av-aol726-1e28982c6be5868dd42c83dd70b8b9d8\">\n.flex_column.av-aol726-1e28982c6be5868dd42c83dd70b8b9d8{\nborder-radius:0px 0px 0px 0px;\npadding:0px 0px 0px 0px;\n}\n<\/style>\n<div  class='flex_column av-aol726-1e28982c6be5868dd42c83dd70b8b9d8 av_one_third  avia-builder-el-4  el_after_av_hr  el_before_av_one_third  first flex_column_div av-zero-column-padding'     ><section  class='av_textblock_section av-jja27uxo-03e2933aed95d826fb8c510aa7a6987f'   itemscope=\"itemscope\" itemtype=\"https:\/\/schema.org\/CreativeWork\" ><div class='avia_textblock'  itemprop=\"text\" ><h2><a href=\"https:\/\/www.novacam.com\/fr\/products\/\">Produits<\/a><\/h2>\n<h4><\/h4>\n<h2><\/h2>\n<p>M\u00c9TROLOGIE INDUSTRIELLE<\/p>\n<p>Syst\u00e8mes de m\u00e9trologie 3D<\/p>\n<ul>\n<li><a href=\"https:\/\/www.novacam.com\/fr\/products\/profilometers\/\">PROFILOM\u00c8TRE OPTIQUE 3D<sup><small>TM<\/small><\/sup> syst\u00e8me<\/a><\/li>\n<li><a href=\"https:\/\/www.novacam.com\/fr\/products\/tubeinspect-pour-la-metrologie-de-lidentification-et-de-lodeur-des-tubes-en-3d\/\">TUBEINSPECT<sup><small>TM<\/small><\/sup> syst\u00e8me<\/a><\/li>\n<li><a href=\"https:\/\/www.novacam.com\/fr\/products\/boreinspect-pour-la-metrologie-des-alesages-en-3d\/\">BOREINSPECT<sup><small>TM<\/small><\/sup> syst\u00e8me<\/a><\/li>\n<li><a href=\"https:\/\/www.novacam.com\/fr\/products\/surfaceinspect-pour-3d-metrologie-dimensions-rugosite-epaisseur-2\/\">SURFACEINSPECT<sup><small>TM<\/small><\/sup> syst\u00e8me<\/a><\/li>\n<li><a href=\"https:\/\/www.novacam.com\/fr\/products\/edgeinspect-pour-la-metrologie-du-rayon-des-aretes-en-3d\/\">EDGEINSPECT<sup><small>TM<\/small><\/sup> syst\u00e8me<\/a><\/li>\n<\/ul>\n<p>Interf\u00e9rom\u00e8tres<\/p>\n<ul>\n<li><a href=\"https:\/\/www.novacam.com\/fr\/products\/interferometre-a-microcamera\/\">MICROCAM<sup><small>TM<\/small><\/sup>Interf\u00e9rom\u00e8tre -3D\/4<\/a><\/li>\n<\/ul>\n<p>Machines \u00e0 mesurer tridimensionnelles<\/p>\n<ul>\n<li><a href=\"https:\/\/www.novacam.com\/fr\/products\/machine-a-mesurer-les-coordonnees\/\">CMM SANS CONTACT<sup><small>TM<\/small><\/sup><\/a><\/li>\n<\/ul>\n<p>IMAGERIE BIOM\u00c9DICALE<\/p>\n<p>Syst\u00e8mes OCT<\/p>\n<ul>\n<li><a href=\"https:\/\/www.novacam.com\/fr\/products\/pieuvre\/\">dOCTor-TD\/SS<sup><small>TM<\/small><\/sup> syst\u00e8me<\/a><\/li>\n<\/ul>\n<\/div><\/section><\/div>\n<style type=\"text\/css\" data-created_by=\"avia_inline_auto\" id=\"style-css-av-9teaoe-0866aff82cad94dd34904175424be554\">\n.flex_column.av-9teaoe-0866aff82cad94dd34904175424be554{\nborder-radius:0px 0px 0px 0px;\npadding:0px 0px 0px 0px;\n}\n<\/style>\n<div  class='flex_column av-9teaoe-0866aff82cad94dd34904175424be554 av_one_third  avia-builder-el-6  el_after_av_one_third  el_before_av_one_third  flex_column_div av-zero-column-padding'     ><section  class='av_textblock_section av-jja2nnan-fac7595ef856d8db723250ab139eed6f'   itemscope=\"itemscope\" itemtype=\"https:\/\/schema.org\/CreativeWork\" ><div class='avia_textblock'  itemprop=\"text\" ><h2><a title=\"Applications\" href=\"https:\/\/www.novacam.com\/fr\/applications\/\">Applications<\/a><\/h2>\n<p>Par type de mesure<\/p>\n<ul>\n<li><a href=\"https:\/\/www.novacam.com\/fr\/applications\/dimensions-3d-gdt\/\">Dimensions en 3D<\/a> &#8211; geometric dimensioning and tolerancing (GD&amp;T)<\/li>\n<li><a title=\"\u00c9paisseur\" href=\"https:\/\/www.novacam.com\/fr\/applications\/lepaisseur\/\">\u00c9paisseur<\/a><\/li>\n<li><a title=\"Rugosit\u00e9\" href=\"https:\/\/www.novacam.com\/fr\/applications\/rugosite\/\">Rugosit\u00e9<\/a><\/li>\n<li><a title=\"Perte de volume\" href=\"https:\/\/www.novacam.com\/fr\/applications\/volume-loss\/\">Perte de volume<\/a><\/li>\n<li><a href=\"https:\/\/www.novacam.com\/fr\/applications\/bavardage\/\">Bavardage<\/a><\/li>\n<\/ul>\n<p>Par d\u00e9fi<\/p>\n<ul>\n<li><a title=\"Espaces difficiles d&#039;acc\u00e8s\" href=\"https:\/\/www.novacam.com\/fr\/applications\/les-espaces-difficiles-dacces\/\">Espaces difficiles d'acc\u00e8s<\/a><\/li>\n<li><a title=\"Caract\u00e9ristiques du rapport hauteur\/largeur\" href=\"https:\/\/www.novacam.com\/fr\/applications\/surfaces-a-haut-rapport-daspect\/\">Caract\u00e9ristiques du rapport hauteur\/largeur<\/a><\/li>\n<li><a title=\"Environnements hostiles\" href=\"https:\/\/www.novacam.com\/fr\/applications\/environnements-hostiles\/\">Environnements hostiles<\/a><\/li>\n<\/ul>\n<p>Exemples industriels<\/p>\n<ul>\n<li><a href=\"https:\/\/www.novacam.com\/fr\/applications\/mesure-de-lalesage-du-canon\/\">F\u00fbts<\/a><\/li>\n<li><a title=\"Inspection de Blisk\" href=\"https:\/\/www.novacam.com\/fr\/solutions\/across-industries\/blisk-inspection\/\">Blisks<\/a><\/li>\n<li><a href=\"https:\/\/www.novacam.com\/fr\/applications\/mesure-du-trou-de-forage\/\">Trous d'al\u00e9sage<\/a><\/li>\n<li><a href=\"https:\/\/www.novacam.com\/fr\/applications\/mesure-du-cmp-pad-2\/\">Tampons CMP<\/a><\/li>\n<li><a href=\"https:\/\/www.novacam.com\/fr\/applications\/inspection-des-trous-de-refroidissement\/\">Trous de refroidissement<\/a><\/li>\n<li><a href=\"https:\/\/www.novacam.com\/fr\/applications\/edge-measurement\/\">Rayon des bords<\/a><\/li>\n<li><a href=\"https:\/\/www.novacam.com\/fr\/applications\/metrologie-de-ledm-et-de-lusinage-au-laser\/\">Usinage par \u00e9lectro\u00e9rosion et par laser<\/a><\/li>\n<li><a href=\"https:\/\/www.novacam.com\/fr\/solutions\/across-industries\/rivet-hole-rivet-flushness-inspection\/\">Rivets<\/a><\/li>\n<li><a href=\"https:\/\/www.novacam.com\/fr\/applications\/mesure-de-lidentification-et-du-diametre-du-tube\/\">Tube ID &amp; OD<\/a><\/li>\n<li><a href=\"https:\/\/www.novacam.com\/fr\/solutions\/across-industries\/valve-inspection\/\">Vannes<\/a><\/li>\n<li><a title=\"Novacam\" href=\"https:\/\/www.novacam.com\/fr\/\">...liste des applications de la m\u00e9trologie par industrie<\/a><\/li>\n<\/ul>\n<\/div><\/section><\/div><\/p>\n\n<style type=\"text\/css\" data-created_by=\"avia_inline_auto\" id=\"style-css-av-6u3k1a-92c91348140b9aa159eb14ad33647b58\">\n.flex_column.av-6u3k1a-92c91348140b9aa159eb14ad33647b58{\nborder-radius:0px 0px 0px 0px;\npadding:0px 0px 0px 0px;\n}\n<\/style>\n<div  class='flex_column av-6u3k1a-92c91348140b9aa159eb14ad33647b58 av_one_third  avia-builder-el-8  el_after_av_one_third  el_before_av_one_third  flex_column_div av-zero-column-padding'     ><section  class='av_textblock_section av-jja32ft3-def0aae4e945579710d2c32f3379b429'   itemscope=\"itemscope\" itemtype=\"https:\/\/schema.org\/CreativeWork\" ><div class='avia_textblock'  itemprop=\"text\" ><h2><a title=\"Technologie\" href=\"https:\/\/www.novacam.com\/fr\/technologie\/\">Technologie<\/a><\/h2>\n<ul>\n<li><a title=\"Fonctionnement de l&#039;interf\u00e9rom\u00e9trie \u00e0 faible coh\u00e9rence\" href=\"https:\/\/www.novacam.com\/fr\/technologie\/comment-fonctionne-le-lci\/\">Fonctionnement de l'interf\u00e9rom\u00e9trie \u00e0 faible coh\u00e9rence (IFC)<\/a><\/li>\n<li><a title=\"Ce que nous mesurons\" href=\"https:\/\/www.novacam.com\/fr\/technologie\/what-we-measure\/\">Ce que nous mesurons<\/a><\/li>\n<li><a href=\"https:\/\/www.novacam.com\/fr\/technologie\/avantages\/\">Avantages de l'ICM bas\u00e9 sur les fibres<\/a><\/li>\n<\/ul>\n<\/div><\/section><\/div>\n\n<style type=\"text\/css\" data-created_by=\"avia_inline_auto\" id=\"style-css-av-5ucovi-cf65a89b3f6dff94b40d94536ae577ef\">\n.flex_column.av-5ucovi-cf65a89b3f6dff94b40d94536ae577ef{\nborder-radius:0px 0px 0px 0px;\npadding:0px 0px 0px 0px;\n}\n<\/style>\n<div  class='flex_column av-5ucovi-cf65a89b3f6dff94b40d94536ae577ef av_one_third  avia-builder-el-10  el_after_av_one_third  el_before_av_one_third  first flex_column_div av-zero-column-padding  column-top-margin'     ><section  class='av_textblock_section av-jja32ft3-def0aae4e945579710d2c32f3379b429'   itemscope=\"itemscope\" itemtype=\"https:\/\/schema.org\/CreativeWork\" ><div class='avia_textblock'  itemprop=\"text\" ><h2><a title=\"Technologie\" href=\"https:\/\/www.novacam.com\/fr\/soutien\/\">Services &amp; Support<\/a><\/h2>\n<ul>\n<li><a title=\"Fonctionnement de l&#039;interf\u00e9rom\u00e9trie \u00e0 faible coh\u00e9rence\" href=\"https:\/\/www.novacam.com\/fr\/soutien\/solutions-sur-mesure\/\">Solutions sur mesure<\/a><\/li>\n<li><a title=\"Ce que nous mesurons\" href=\"https:\/\/www.novacam.com\/fr\/soutien\/la-vente-et-lassistance-apres-vente\/\">Vente et service apr\u00e8s-vente<\/a><\/li>\n<li><a href=\"https:\/\/www.novacam.com\/fr\/soutien\/lassistance-technique\/\">Support technique<\/a><\/li>\n<\/ul>\n<\/div><\/section><\/div>\n\n<style type=\"text\/css\" data-created_by=\"avia_inline_auto\" id=\"style-css-av-4mstz2-ba4dd84af9870b2dfc14aa9ffdcf8c74\">\n.flex_column.av-4mstz2-ba4dd84af9870b2dfc14aa9ffdcf8c74{\nborder-radius:0px 0px 0px 0px;\npadding:0px 0px 0px 0px;\n}\n<\/style>\n<div  class='flex_column av-4mstz2-ba4dd84af9870b2dfc14aa9ffdcf8c74 av_one_third  avia-builder-el-12  el_after_av_one_third  el_before_av_one_third  flex_column_div av-zero-column-padding  column-top-margin'     ><section  class='av_textblock_section av-jja32ft3-def0aae4e945579710d2c32f3379b429'   itemscope=\"itemscope\" itemtype=\"https:\/\/schema.org\/CreativeWork\" ><div class='avia_textblock'  itemprop=\"text\" ><h2><a title=\"Technologie\" href=\"https:\/\/www.novacam.com\/fr\/ressources\/\">Ressources<\/a><\/h2>\n<ul>\n<li><a title=\"Fonctionnement de l&#039;interf\u00e9rom\u00e9trie \u00e0 faible coh\u00e9rence\" href=\"https:\/\/www.novacam.com\/fr\/ressources\/novacam-metrology-videos\/\">Vid\u00e9os (capacit\u00e9s du syst\u00e8me)<\/a><\/li>\n<li><a title=\"Ce que nous mesurons\" href=\"https:\/\/www.novacam.com\/fr\/ressources\/comment-faire-des-videos\/\">Vid\u00e9os pratiques <\/a><\/li>\n<li><a href=\"https:\/\/www.novacam.com\/fr\/ressources\/pdf-library\/\">Biblioth\u00e8que PDF (t\u00e9l\u00e9chargements)<\/a><\/li>\n<\/ul>\n<\/div><\/section><\/div>\n\n<style type=\"text\/css\" data-created_by=\"avia_inline_auto\" id=\"style-css-av-2hthge-437a50638b5ab33439040be9b96bf74f\">\n.flex_column.av-2hthge-437a50638b5ab33439040be9b96bf74f{\nborder-radius:0px 0px 0px 0px;\npadding:0px 0px 0px 0px;\n}\n<\/style>\n<div  class='flex_column av-2hthge-437a50638b5ab33439040be9b96bf74f av_one_third  avia-builder-el-14  el_after_av_one_third  el_before_av_two_fifth  flex_column_div av-zero-column-padding  column-top-margin'     ><section  class='av_textblock_section av-jja32ft3-def0aae4e945579710d2c32f3379b429'   itemscope=\"itemscope\" itemtype=\"https:\/\/schema.org\/CreativeWork\" ><div class='avia_textblock'  itemprop=\"text\" ><h2><a title=\"Technologie\" href=\"https:\/\/www.novacam.com\/fr\/entreprise\/\">Entreprise<\/a><\/h2>\n<ul>\n<li><a title=\"Fonctionnement de l&#039;interf\u00e9rom\u00e9trie \u00e0 faible coh\u00e9rence\" href=\"https:\/\/www.novacam.com\/fr\/entreprise\/a-propos-de-nous\/\">A propos de nous<\/a><\/li>\n<li><a href=\"https:\/\/www.novacam.com\/fr\/entreprise\/nouvelles-et-evenements\/\">News &amp; events<\/a><\/li>\n<li><a title=\"Ce que nous mesurons\" href=\"https:\/\/www.novacam.com\/fr\/entreprise\/mission\/\">La mission<\/a><\/li>\n<li><a href=\"https:\/\/www.novacam.com\/fr\/entreprise\/distributeurs-2\/\">Distributors &amp; agents<\/a><\/li>\n<li><a title=\"Fonctionnement de l&#039;interf\u00e9rom\u00e9trie \u00e0 faible coh\u00e9rence\" href=\"https:\/\/www.novacam.com\/fr\/entreprise\/partenaires\/\">Partenaires<\/a><\/li>\n<li><a title=\"Ce que nous mesurons\" href=\"https:\/\/www.novacam.com\/fr\/entreprise\/carrieres\/\">Carri\u00e8res<\/a><\/li>\n<\/ul>\n<\/div><\/section><\/div>\n\n<style type=\"text\/css\" data-created_by=\"avia_inline_auto\" id=\"style-css-av-4mstz2-388f1565b57b8a29eba6bc9ba593463c\">\n.flex_column.av-4mstz2-388f1565b57b8a29eba6bc9ba593463c{\nborder-radius:0px 0px 0px 0px;\npadding:0px 0px 0px 0px;\n}\n<\/style>\n<div  class='flex_column av-4mstz2-388f1565b57b8a29eba6bc9ba593463c av_two_fifth  avia-builder-el-16  el_after_av_one_third  avia-builder-el-last  first flex_column_div av-zero-column-padding  column-top-margin'     ><section  class='av_textblock_section av-jja32ft3-def0aae4e945579710d2c32f3379b429'   itemscope=\"itemscope\" itemtype=\"https:\/\/schema.org\/CreativeWork\" ><div class='avia_textblock'  itemprop=\"text\" ><h2><a title=\"Technologie\" href=\"https:\/\/www.novacam.com\/fr\/nous-contacter-2\/\">Nous contacter<\/a><\/h2>\n<ul>\n<li><a title=\"Fonctionnement de l&#039;interf\u00e9rom\u00e9trie \u00e0 faible coh\u00e9rence\" href=\"https:\/\/www.novacam.com\/fr\/nous-contacter-2\/nous-contacter\/\">Contactez-nous (adresse, t\u00e9l\u00e9phone, courriel, formulaire)<\/a><\/li>\n<li><a href=\"https:\/\/www.novacam.com\/fr\/nous-contacter-2\/demander-un-echantillon-danalyse\/\">Demander une analyse d'\u00e9chantillon<\/a><\/li>\n<\/ul>\n<\/div><\/section><\/div>","protected":false},"excerpt":{"rendered":"","protected":false},"author":1,"featured_media":0,"parent":0,"menu_order":0,"comment_status":"closed","ping_status":"open","template":"","meta":{"_relevanssi_hide_post":"","_relevanssi_hide_content":"","_relevanssi_pin_for_all":"","_relevanssi_pin_keywords":"","_relevanssi_unpin_keywords":"","_relevanssi_related_keywords":"","_relevanssi_related_include_ids":"","_relevanssi_related_exclude_ids":"","_relevanssi_related_no_append":"","_relevanssi_related_not_related":"","_relevanssi_related_posts":"","_relevanssi_noindex_reason":"","footnotes":"","advanced-sidebar-menu\/link-title":"","advanced-sidebar-menu\/exclude-page":false},"class_list":["post-1470","page","type-page","status-publish","hentry"],"yoast_head":"<!-- This site is optimized with the Yoast SEO plugin v27.4 - https:\/\/yoast.com\/product\/yoast-seo-wordpress\/ -->\n<title>Sitemap - Novacam<\/title>\n<meta name=\"robots\" content=\"index, follow, max-snippet:-1, max-image-preview:large, max-video-preview:-1\" \/>\n<link rel=\"canonical\" href=\"https:\/\/www.novacam.com\/fr\/plan-du-site-5\/\" \/>\n<meta property=\"og:locale\" content=\"fr_CA\" \/>\n<meta property=\"og:type\" content=\"article\" \/>\n<meta property=\"og:title\" content=\"Sitemap - Novacam\" \/>\n<meta property=\"og:url\" content=\"https:\/\/www.novacam.com\/fr\/plan-du-site-5\/\" \/>\n<meta property=\"og:site_name\" content=\"Novacam\" \/>\n<meta property=\"article:modified_time\" content=\"2021-03-09T17:57:54+00:00\" \/>\n<meta name=\"twitter:card\" content=\"summary_large_image\" \/>\n<meta name=\"twitter:label1\" content=\"Estimation du temps de lecture\" \/>\n\t<meta name=\"twitter:data1\" content=\"5 minutes\" \/>\n<script type=\"application\/ld+json\" class=\"yoast-schema-graph\">{\"@context\":\"https:\\\/\\\/schema.org\",\"@graph\":[{\"@type\":\"WebPage\",\"@id\":\"https:\\\/\\\/www.novacam.com\\\/sitemap-5\\\/\",\"url\":\"https:\\\/\\\/www.novacam.com\\\/sitemap-5\\\/\",\"name\":\"Sitemap - Novacam\",\"isPartOf\":{\"@id\":\"https:\\\/\\\/www.novacam.com\\\/#website\"},\"datePublished\":\"2011-06-20T08:28:36+00:00\",\"dateModified\":\"2021-03-09T17:57:54+00:00\",\"breadcrumb\":{\"@id\":\"https:\\\/\\\/www.novacam.com\\\/sitemap-5\\\/#breadcrumb\"},\"inLanguage\":\"fr-CA\",\"potentialAction\":[{\"@type\":\"ReadAction\",\"target\":[\"https:\\\/\\\/www.novacam.com\\\/sitemap-5\\\/\"]}]},{\"@type\":\"BreadcrumbList\",\"@id\":\"https:\\\/\\\/www.novacam.com\\\/sitemap-5\\\/#breadcrumb\",\"itemListElement\":[{\"@type\":\"ListItem\",\"position\":1,\"name\":\"Home\",\"item\":\"https:\\\/\\\/www.novacam.com\\\/\"},{\"@type\":\"ListItem\",\"position\":2,\"name\":\"Sitemap\"}]},{\"@type\":\"WebSite\",\"@id\":\"https:\\\/\\\/www.novacam.com\\\/#website\",\"url\":\"https:\\\/\\\/www.novacam.com\\\/\",\"name\":\"Novacam\",\"description\":\"High-precision non-contact 3D metrology\",\"potentialAction\":[{\"@type\":\"SearchAction\",\"target\":{\"@type\":\"EntryPoint\",\"urlTemplate\":\"https:\\\/\\\/www.novacam.com\\\/?s={search_term_string}\"},\"query-input\":{\"@type\":\"PropertyValueSpecification\",\"valueRequired\":true,\"valueName\":\"search_term_string\"}}],\"inLanguage\":\"fr-CA\"}]}<\/script>\n<!-- \/ Yoast SEO plugin. -->","yoast_head_json":{"title":"Plan du site - Novacam","robots":{"index":"index","follow":"follow","max-snippet":"max-snippet:-1","max-image-preview":"max-image-preview:large","max-video-preview":"max-video-preview:-1"},"canonical":"https:\/\/www.novacam.com\/fr\/plan-du-site-5\/","og_locale":"fr_CA","og_type":"article","og_title":"Sitemap - Novacam","og_url":"https:\/\/www.novacam.com\/fr\/plan-du-site-5\/","og_site_name":"Novacam","article_modified_time":"2021-03-09T17:57:54+00:00","twitter_card":"summary_large_image","twitter_misc":{"Estimation du temps de lecture":"5 minutes"},"schema":{"@context":"https:\/\/schema.org","@graph":[{"@type":"WebPage","@id":"https:\/\/www.novacam.com\/sitemap-5\/","url":"https:\/\/www.novacam.com\/sitemap-5\/","name":"Plan du site - Novacam","isPartOf":{"@id":"https:\/\/www.novacam.com\/#website"},"datePublished":"2011-06-20T08:28:36+00:00","dateModified":"2021-03-09T17:57:54+00:00","breadcrumb":{"@id":"https:\/\/www.novacam.com\/sitemap-5\/#breadcrumb"},"inLanguage":"fr-CA","potentialAction":[{"@type":"ReadAction","target":["https:\/\/www.novacam.com\/sitemap-5\/"]}]},{"@type":"BreadcrumbList","@id":"https:\/\/www.novacam.com\/sitemap-5\/#breadcrumb","itemListElement":[{"@type":"ListItem","position":1,"name":"Home","item":"https:\/\/www.novacam.com\/"},{"@type":"ListItem","position":2,"name":"Sitemap"}]},{"@type":"WebSite","@id":"https:\/\/www.novacam.com\/#website","url":"https:\/\/www.novacam.com\/","name":"Novacam","description":"M\u00e9trologie 3D sans contact de haute pr\u00e9cision","potentialAction":[{"@type":"SearchAction","target":{"@type":"EntryPoint","urlTemplate":"https:\/\/www.novacam.com\/?s={search_term_string}"},"query-input":{"@type":"PropertyValueSpecification","valueRequired":true,"valueName":"search_term_string"}}],"inLanguage":"fr-CA"}]}},"_links":{"self":[{"href":"https:\/\/www.novacam.com\/fr\/wp-json\/wp\/v2\/pages\/1470","targetHints":{"allow":["GET"]}}],"collection":[{"href":"https:\/\/www.novacam.com\/fr\/wp-json\/wp\/v2\/pages"}],"about":[{"href":"https:\/\/www.novacam.com\/fr\/wp-json\/wp\/v2\/types\/page"}],"author":[{"embeddable":true,"href":"https:\/\/www.novacam.com\/fr\/wp-json\/wp\/v2\/users\/1"}],"replies":[{"embeddable":true,"href":"https:\/\/www.novacam.com\/fr\/wp-json\/wp\/v2\/comments?post=1470"}],"version-history":[{"count":35,"href":"https:\/\/www.novacam.com\/fr\/wp-json\/wp\/v2\/pages\/1470\/revisions"}],"predecessor-version":[{"id":41901,"href":"https:\/\/www.novacam.com\/fr\/wp-json\/wp\/v2\/pages\/1470\/revisions\/41901"}],"wp:attachment":[{"href":"https:\/\/www.novacam.com\/fr\/wp-json\/wp\/v2\/media?parent=1470"}],"curies":[{"name":"wp","href":"https:\/\/api.w.org\/{rel}","templated":true}]}}